{"id":8592,"date":"2023-04-11T10:04:03","date_gmt":"2023-04-11T10:04:03","guid":{"rendered":"https:\/\/justseven.ro\/magazin\/?post_type=product&#038;p=8592"},"modified":"2025-10-23T08:50:28","modified_gmt":"2025-10-23T06:50:28","slug":"__trashed-3","status":"publish","type":"product","link":"https:\/\/justseven.ro\/magazin\/product\/__trashed-3\/","title":{"rendered":"Vela Dual 2 gr"},"content":{"rendered":"<p>Face\u021bi cuno\u0219tin\u021b\u0103 cu aparatele de cafea de lux ideale pentru acas\u0103, birou sau cafenea specializat\u0103. Vela este o ma\u0219in\u0103 de ultim\u0103 or\u0103, inspirat\u0103 din cultura maritim\u0103 a navigatorilor portughezi, cu func\u021bii avansate \u0219i u\u0219or de utilizat. Un amestec de perfec\u021biune \u00een design \u0219i performan\u021b\u0103, astfel \u00eenc\u00e2t barista s\u0103 poat\u0103 urm\u0103ri tot ce este mai bun din fiecare extrac\u021bie.<\/p>\n","protected":false},"excerpt":{"rendered":"<p>Face\u021bi cuno\u0219tin\u021b\u0103 cu aparatele de cafea de lux ideale pentru acas\u0103, birou sau cafenea specializat\u0103. Vela este o ma\u0219in\u0103 de<\/p>\n","protected":false},"featured_media":11495,"comment_status":"open","ping_status":"closed","template":"","meta":[],"product_brand":[],"product_cat":[407],"product_tag":[431],"class_list":{"0":"post-8592","1":"product","2":"type-product","3":"status-publish","4":"has-post-thumbnail","6":"product_cat-aparatura-bar-2","7":"product_tag-aparate-espresso","8":"pa_brand-fiamma","10":"first","11":"instock","12":"taxable","13":"shipping-taxable","14":"product-type-simple"},"yoast_head":"<!-- This site is optimized with the Yoast SEO plugin v27.6 - https:\/\/yoast.com\/product\/yoast-seo-wordpress\/ -->\n<title>Vela Dual 2 gr - Just Seven<\/title>\n<meta name=\"robots\" content=\"index, follow, max-snippet:-1, max-image-preview:large, max-video-preview:-1\" \/>\n<link rel=\"canonical\" href=\"https:\/\/justseven.ro\/magazin\/product\/__trashed-3\/\" \/>\n<meta property=\"og:locale\" content=\"ro_RO\" \/>\n<meta property=\"og:type\" content=\"article\" \/>\n<meta property=\"og:title\" content=\"Vela Dual 2 gr - Just Seven\" \/>\n<meta property=\"og:description\" content=\"Face\u021bi cuno\u0219tin\u021b\u0103 cu aparatele de cafea de lux ideale pentru acas\u0103, birou sau cafenea specializat\u0103. Vela este o ma\u0219in\u0103 de\" \/>\n<meta property=\"og:url\" content=\"https:\/\/justseven.ro\/magazin\/product\/__trashed-3\/\" \/>\n<meta property=\"og:site_name\" content=\"Just Seven\" \/>\n<meta property=\"article:modified_time\" content=\"2025-10-23T06:50:28+00:00\" \/>\n<meta property=\"og:image\" content=\"https:\/\/justseven.ro\/magazin\/wp-content\/uploads\/2023\/04\/vela_2dual_tc_black_featured.png\" \/>\n\t<meta property=\"og:image:width\" content=\"1990\" \/>\n\t<meta property=\"og:image:height\" content=\"1139\" \/>\n\t<meta property=\"og:image:type\" content=\"image\/png\" \/>\n<meta name=\"twitter:card\" content=\"summary_large_image\" \/>\n<meta name=\"twitter:label1\" content=\"Timp estimat pentru citire\" \/>\n\t<meta name=\"twitter:data1\" content=\"1 minut\" \/>\n<script type=\"application\/ld+json\" class=\"yoast-schema-graph\">{\"@context\":\"https:\\\/\\\/schema.org\",\"@graph\":[{\"@type\":\"WebPage\",\"@id\":\"https:\\\/\\\/justseven.ro\\\/magazin\\\/product\\\/__trashed-3\\\/\",\"url\":\"https:\\\/\\\/justseven.ro\\\/magazin\\\/product\\\/__trashed-3\\\/\",\"name\":\"Vela Dual 2 gr - Just Seven\",\"isPartOf\":{\"@id\":\"https:\\\/\\\/justseven.ro\\\/magazin\\\/#website\"},\"primaryImageOfPage\":{\"@id\":\"https:\\\/\\\/justseven.ro\\\/magazin\\\/product\\\/__trashed-3\\\/#primaryimage\"},\"image\":{\"@id\":\"https:\\\/\\\/justseven.ro\\\/magazin\\\/product\\\/__trashed-3\\\/#primaryimage\"},\"thumbnailUrl\":\"https:\\\/\\\/justseven.ro\\\/magazin\\\/wp-content\\\/uploads\\\/2023\\\/04\\\/vela_2dual_tc_black_featured.png\",\"datePublished\":\"2023-04-11T10:04:03+00:00\",\"dateModified\":\"2025-10-23T06:50:28+00:00\",\"breadcrumb\":{\"@id\":\"https:\\\/\\\/justseven.ro\\\/magazin\\\/product\\\/__trashed-3\\\/#breadcrumb\"},\"inLanguage\":\"ro-RO\",\"potentialAction\":[{\"@type\":\"ReadAction\",\"target\":[\"https:\\\/\\\/justseven.ro\\\/magazin\\\/product\\\/__trashed-3\\\/\"]}]},{\"@type\":\"ImageObject\",\"inLanguage\":\"ro-RO\",\"@id\":\"https:\\\/\\\/justseven.ro\\\/magazin\\\/product\\\/__trashed-3\\\/#primaryimage\",\"url\":\"https:\\\/\\\/justseven.ro\\\/magazin\\\/wp-content\\\/uploads\\\/2023\\\/04\\\/vela_2dual_tc_black_featured.png\",\"contentUrl\":\"https:\\\/\\\/justseven.ro\\\/magazin\\\/wp-content\\\/uploads\\\/2023\\\/04\\\/vela_2dual_tc_black_featured.png\",\"width\":1990,\"height\":1139},{\"@type\":\"BreadcrumbList\",\"@id\":\"https:\\\/\\\/justseven.ro\\\/magazin\\\/product\\\/__trashed-3\\\/#breadcrumb\",\"itemListElement\":[{\"@type\":\"ListItem\",\"position\":1,\"name\":\"Home\",\"item\":\"https:\\\/\\\/justseven.ro\\\/magazin\\\/\"},{\"@type\":\"ListItem\",\"position\":2,\"name\":\"Shop\",\"item\":\"https:\\\/\\\/justseven.ro\\\/magazin\\\/shop\\\/\"},{\"@type\":\"ListItem\",\"position\":3,\"name\":\"Vela Dual 2 gr\"}]},{\"@type\":\"WebSite\",\"@id\":\"https:\\\/\\\/justseven.ro\\\/magazin\\\/#website\",\"url\":\"https:\\\/\\\/justseven.ro\\\/magazin\\\/\",\"name\":\"Just Seven\",\"description\":\"Magazin Online\",\"potentialAction\":[{\"@type\":\"SearchAction\",\"target\":{\"@type\":\"EntryPoint\",\"urlTemplate\":\"https:\\\/\\\/justseven.ro\\\/magazin\\\/?s={search_term_string}\"},\"query-input\":{\"@type\":\"PropertyValueSpecification\",\"valueRequired\":true,\"valueName\":\"search_term_string\"}}],\"inLanguage\":\"ro-RO\"}]}<\/script>\n<!-- \/ Yoast SEO plugin. -->","yoast_head_json":{"title":"Vela Dual 2 gr - Just Seven","robots":{"index":"index","follow":"follow","max-snippet":"max-snippet:-1","max-image-preview":"max-image-preview:large","max-video-preview":"max-video-preview:-1"},"canonical":"https:\/\/justseven.ro\/magazin\/product\/__trashed-3\/","og_locale":"ro_RO","og_type":"article","og_title":"Vela Dual 2 gr - Just Seven","og_description":"Face\u021bi cuno\u0219tin\u021b\u0103 cu aparatele de cafea de lux ideale pentru acas\u0103, birou sau cafenea specializat\u0103. Vela este o ma\u0219in\u0103 de","og_url":"https:\/\/justseven.ro\/magazin\/product\/__trashed-3\/","og_site_name":"Just Seven","article_modified_time":"2025-10-23T06:50:28+00:00","og_image":[{"width":1990,"height":1139,"url":"https:\/\/justseven.ro\/magazin\/wp-content\/uploads\/2023\/04\/vela_2dual_tc_black_featured.png","type":"image\/png"}],"twitter_card":"summary_large_image","twitter_misc":{"Timp estimat pentru citire":"1 minut"},"schema":{"@context":"https:\/\/schema.org","@graph":[{"@type":"WebPage","@id":"https:\/\/justseven.ro\/magazin\/product\/__trashed-3\/","url":"https:\/\/justseven.ro\/magazin\/product\/__trashed-3\/","name":"Vela Dual 2 gr - Just Seven","isPartOf":{"@id":"https:\/\/justseven.ro\/magazin\/#website"},"primaryImageOfPage":{"@id":"https:\/\/justseven.ro\/magazin\/product\/__trashed-3\/#primaryimage"},"image":{"@id":"https:\/\/justseven.ro\/magazin\/product\/__trashed-3\/#primaryimage"},"thumbnailUrl":"https:\/\/justseven.ro\/magazin\/wp-content\/uploads\/2023\/04\/vela_2dual_tc_black_featured.png","datePublished":"2023-04-11T10:04:03+00:00","dateModified":"2025-10-23T06:50:28+00:00","breadcrumb":{"@id":"https:\/\/justseven.ro\/magazin\/product\/__trashed-3\/#breadcrumb"},"inLanguage":"ro-RO","potentialAction":[{"@type":"ReadAction","target":["https:\/\/justseven.ro\/magazin\/product\/__trashed-3\/"]}]},{"@type":"ImageObject","inLanguage":"ro-RO","@id":"https:\/\/justseven.ro\/magazin\/product\/__trashed-3\/#primaryimage","url":"https:\/\/justseven.ro\/magazin\/wp-content\/uploads\/2023\/04\/vela_2dual_tc_black_featured.png","contentUrl":"https:\/\/justseven.ro\/magazin\/wp-content\/uploads\/2023\/04\/vela_2dual_tc_black_featured.png","width":1990,"height":1139},{"@type":"BreadcrumbList","@id":"https:\/\/justseven.ro\/magazin\/product\/__trashed-3\/#breadcrumb","itemListElement":[{"@type":"ListItem","position":1,"name":"Home","item":"https:\/\/justseven.ro\/magazin\/"},{"@type":"ListItem","position":2,"name":"Shop","item":"https:\/\/justseven.ro\/magazin\/shop\/"},{"@type":"ListItem","position":3,"name":"Vela Dual 2 gr"}]},{"@type":"WebSite","@id":"https:\/\/justseven.ro\/magazin\/#website","url":"https:\/\/justseven.ro\/magazin\/","name":"Just Seven","description":"Magazin Online","potentialAction":[{"@type":"SearchAction","target":{"@type":"EntryPoint","urlTemplate":"https:\/\/justseven.ro\/magazin\/?s={search_term_string}"},"query-input":{"@type":"PropertyValueSpecification","valueRequired":true,"valueName":"search_term_string"}}],"inLanguage":"ro-RO"}]}},"_links":{"self":[{"href":"https:\/\/justseven.ro\/magazin\/wp-json\/wp\/v2\/product\/8592","targetHints":{"allow":["GET"]}}],"collection":[{"href":"https:\/\/justseven.ro\/magazin\/wp-json\/wp\/v2\/product"}],"about":[{"href":"https:\/\/justseven.ro\/magazin\/wp-json\/wp\/v2\/types\/product"}],"replies":[{"embeddable":true,"href":"https:\/\/justseven.ro\/magazin\/wp-json\/wp\/v2\/comments?post=8592"}],"version-history":[{"count":4,"href":"https:\/\/justseven.ro\/magazin\/wp-json\/wp\/v2\/product\/8592\/revisions"}],"predecessor-version":[{"id":11578,"href":"https:\/\/justseven.ro\/magazin\/wp-json\/wp\/v2\/product\/8592\/revisions\/11578"}],"wp:featuredmedia":[{"embeddable":true,"href":"https:\/\/justseven.ro\/magazin\/wp-json\/wp\/v2\/media\/11495"}],"wp:attachment":[{"href":"https:\/\/justseven.ro\/magazin\/wp-json\/wp\/v2\/media?parent=8592"}],"wp:term":[{"taxonomy":"product_brand","embeddable":true,"href":"https:\/\/justseven.ro\/magazin\/wp-json\/wp\/v2\/product_brand?post=8592"},{"taxonomy":"product_cat","embeddable":true,"href":"https:\/\/justseven.ro\/magazin\/wp-json\/wp\/v2\/product_cat?post=8592"},{"taxonomy":"product_tag","embeddable":true,"href":"https:\/\/justseven.ro\/magazin\/wp-json\/wp\/v2\/product_tag?post=8592"}],"curies":[{"name":"wp","href":"https:\/\/api.w.org\/{rel}","templated":true}]}}