{"id":8595,"date":"2021-12-09T08:27:42","date_gmt":"2021-12-09T08:27:42","guid":{"rendered":"https:\/\/justseven.ro\/magazin\/?post_type=product&#038;p=8595"},"modified":"2025-10-23T08:52:45","modified_gmt":"2025-10-23T06:52:45","slug":"helios-65","status":"publish","type":"product","link":"https:\/\/justseven.ro\/magazin\/product\/helios-65\/","title":{"rendered":"HELIOS 65"},"content":{"rendered":"<p>Dispersie de m\u0103cinare \u201ede mare vitez\u0103\u201d<br \/>\nSetul special de m\u0103cinare a motorului, dezvoltat de departamentul nostru de cercetare \u0219i dezvoltare, permite m\u0103cin\u0103toarelor Eureka s\u0103 ating\u0103 o vitez\u0103 de distribu\u021bie extrem de mare \u0219i, prin urmare, s\u0103 serveasc\u0103 clien\u021bii mai repede, p\u0103str\u00e2nd \u00een acela\u0219i timp o calitate ridicat\u0103 a cafelei \u00een cea\u0219c\u0103.<\/p>\n<p>===<\/p>\n<p>Furca reglabil\u0103 \u201em\u00e2ini libere\u201d pentru toate scopurile<br \/>\nDatorit\u0103 geometriei specifice \u0219i a suportului reglabil, furculi\u021ba Eureka este ideal\u0103 pentru orice tip de portafiltre \u0219i permite barmanului s\u0103 efectueze alte opera\u021biuni \u00een timpul fazei de m\u0103cinare.<\/p>\n<p>===<\/p>\n<p>Sistem ace<br \/>\nConceput pentru a preveni formarea aglomer\u0103rilor \u0219i pentru a elimina \u00eenc\u0103rcarea electrostatic\u0103 a cafelei m\u0103cinate, sistemul ACE este numitorul comun \u00een fiecare r\u00e2\u0219ni\u021b\u0103 la cerere Eureka. Datorita actiunii sale de reglare asupra fluxului de cafea, ACE System asigura o curatenie si consistenta dozei incomparabile.<\/p>\n<p>===<\/p>\n<p>Sistem micrometric (patented by Eureka)<br \/>\nSistemul micrometric cu puncte de reglare infinite, singurul bazat pe repozitionarea cutitelor inferioare, garanteaza performante de rasnire incomparabile si permite efectuarea operatiilor de intretinere fara a pierde setarea de rasnire.<\/p>\n<p>===<\/p>\n<p>Mentenanta rapida<br \/>\nCompozi\u021bia mecanic\u0103 tipic\u0103 a setului nostru de suport de bavuri, care poate fi demontat\u0103 \u00eendep\u0103rt\u00e2nd doar cateva \u0219uruburi, permite \u00eenlocuirea \u0219i cur\u0103\u021barea rapid\u0103 a cutitelor, precum \u0219i o economie remarcabil\u0103 de timp \u0219i cafea.<\/p>\n","protected":false},"excerpt":{"rendered":"<p>Dispersie de m\u0103cinare \u201ede mare vitez\u0103\u201d Setul special de m\u0103cinare a motorului, dezvoltat de departamentul nostru de cercetare \u0219i dezvoltare,<\/p>\n","protected":false},"featured_media":8513,"comment_status":"open","ping_status":"closed","template":"","meta":[],"product_brand":[],"product_cat":[407],"product_tag":[437],"class_list":{"0":"post-8595","1":"product","2":"type-product","3":"status-publish","4":"has-post-thumbnail","6":"product_cat-aparatura-bar-2","7":"product_tag-rasnita-automata-de-cafea","8":"pa_brand-eureka","10":"first","11":"instock","12":"taxable","13":"shipping-taxable","14":"product-type-variable","15":"has-default-attributes"},"yoast_head":"<!-- This site is optimized with the Yoast SEO plugin v27.4 - https:\/\/yoast.com\/product\/yoast-seo-wordpress\/ -->\n<title>HELIOS 65 - Just Seven<\/title>\n<meta name=\"robots\" content=\"index, follow, max-snippet:-1, max-image-preview:large, max-video-preview:-1\" \/>\n<link rel=\"canonical\" href=\"https:\/\/justseven.ro\/magazin\/product\/helios-65\/\" \/>\n<meta property=\"og:locale\" content=\"ro_RO\" \/>\n<meta property=\"og:type\" content=\"article\" \/>\n<meta property=\"og:title\" content=\"HELIOS 65 - Just Seven\" \/>\n<meta property=\"og:description\" content=\"Dispersie de m\u0103cinare \u201ede mare vitez\u0103\u201d Setul special de m\u0103cinare a motorului, dezvoltat de departamentul nostru de cercetare \u0219i dezvoltare,\" \/>\n<meta property=\"og:url\" content=\"https:\/\/justseven.ro\/magazin\/product\/helios-65\/\" \/>\n<meta property=\"og:site_name\" content=\"Just Seven\" \/>\n<meta property=\"article:modified_time\" content=\"2025-10-23T06:52:45+00:00\" \/>\n<meta property=\"og:image\" content=\"https:\/\/justseven.ro\/magazin\/wp-content\/uploads\/2021\/12\/Helios-65.png\" \/>\n\t<meta property=\"og:image:width\" content=\"644\" \/>\n\t<meta property=\"og:image:height\" content=\"1196\" \/>\n\t<meta property=\"og:image:type\" content=\"image\/png\" \/>\n<meta name=\"twitter:card\" content=\"summary_large_image\" \/>\n<meta name=\"twitter:label1\" content=\"Timp estimat pentru citire\" \/>\n\t<meta name=\"twitter:data1\" content=\"2 minute\" \/>\n<script type=\"application\/ld+json\" class=\"yoast-schema-graph\">{\"@context\":\"https:\\\/\\\/schema.org\",\"@graph\":[{\"@type\":\"WebPage\",\"@id\":\"https:\\\/\\\/justseven.ro\\\/magazin\\\/product\\\/helios-65\\\/\",\"url\":\"https:\\\/\\\/justseven.ro\\\/magazin\\\/product\\\/helios-65\\\/\",\"name\":\"HELIOS 65 - Just Seven\",\"isPartOf\":{\"@id\":\"https:\\\/\\\/justseven.ro\\\/magazin\\\/#website\"},\"primaryImageOfPage\":{\"@id\":\"https:\\\/\\\/justseven.ro\\\/magazin\\\/product\\\/helios-65\\\/#primaryimage\"},\"image\":{\"@id\":\"https:\\\/\\\/justseven.ro\\\/magazin\\\/product\\\/helios-65\\\/#primaryimage\"},\"thumbnailUrl\":\"https:\\\/\\\/justseven.ro\\\/magazin\\\/wp-content\\\/uploads\\\/2021\\\/12\\\/Helios-65.png\",\"datePublished\":\"2021-12-09T08:27:42+00:00\",\"dateModified\":\"2025-10-23T06:52:45+00:00\",\"breadcrumb\":{\"@id\":\"https:\\\/\\\/justseven.ro\\\/magazin\\\/product\\\/helios-65\\\/#breadcrumb\"},\"inLanguage\":\"ro-RO\",\"potentialAction\":[{\"@type\":\"ReadAction\",\"target\":[\"https:\\\/\\\/justseven.ro\\\/magazin\\\/product\\\/helios-65\\\/\"]}]},{\"@type\":\"ImageObject\",\"inLanguage\":\"ro-RO\",\"@id\":\"https:\\\/\\\/justseven.ro\\\/magazin\\\/product\\\/helios-65\\\/#primaryimage\",\"url\":\"https:\\\/\\\/justseven.ro\\\/magazin\\\/wp-content\\\/uploads\\\/2021\\\/12\\\/Helios-65.png\",\"contentUrl\":\"https:\\\/\\\/justseven.ro\\\/magazin\\\/wp-content\\\/uploads\\\/2021\\\/12\\\/Helios-65.png\",\"width\":644,\"height\":1196,\"caption\":\"Helios 65\"},{\"@type\":\"BreadcrumbList\",\"@id\":\"https:\\\/\\\/justseven.ro\\\/magazin\\\/product\\\/helios-65\\\/#breadcrumb\",\"itemListElement\":[{\"@type\":\"ListItem\",\"position\":1,\"name\":\"Home\",\"item\":\"https:\\\/\\\/justseven.ro\\\/magazin\\\/\"},{\"@type\":\"ListItem\",\"position\":2,\"name\":\"Shop\",\"item\":\"https:\\\/\\\/justseven.ro\\\/magazin\\\/shop\\\/\"},{\"@type\":\"ListItem\",\"position\":3,\"name\":\"HELIOS 65\"}]},{\"@type\":\"WebSite\",\"@id\":\"https:\\\/\\\/justseven.ro\\\/magazin\\\/#website\",\"url\":\"https:\\\/\\\/justseven.ro\\\/magazin\\\/\",\"name\":\"Just Seven\",\"description\":\"Magazin Online\",\"potentialAction\":[{\"@type\":\"SearchAction\",\"target\":{\"@type\":\"EntryPoint\",\"urlTemplate\":\"https:\\\/\\\/justseven.ro\\\/magazin\\\/?s={search_term_string}\"},\"query-input\":{\"@type\":\"PropertyValueSpecification\",\"valueRequired\":true,\"valueName\":\"search_term_string\"}}],\"inLanguage\":\"ro-RO\"}]}<\/script>\n<!-- \/ Yoast SEO plugin. -->","yoast_head_json":{"title":"HELIOS 65 - Just Seven","robots":{"index":"index","follow":"follow","max-snippet":"max-snippet:-1","max-image-preview":"max-image-preview:large","max-video-preview":"max-video-preview:-1"},"canonical":"https:\/\/justseven.ro\/magazin\/product\/helios-65\/","og_locale":"ro_RO","og_type":"article","og_title":"HELIOS 65 - Just Seven","og_description":"Dispersie de m\u0103cinare \u201ede mare vitez\u0103\u201d Setul special de m\u0103cinare a motorului, dezvoltat de departamentul nostru de cercetare \u0219i dezvoltare,","og_url":"https:\/\/justseven.ro\/magazin\/product\/helios-65\/","og_site_name":"Just Seven","article_modified_time":"2025-10-23T06:52:45+00:00","og_image":[{"width":644,"height":1196,"url":"https:\/\/justseven.ro\/magazin\/wp-content\/uploads\/2021\/12\/Helios-65.png","type":"image\/png"}],"twitter_card":"summary_large_image","twitter_misc":{"Timp estimat pentru citire":"2 minute"},"schema":{"@context":"https:\/\/schema.org","@graph":[{"@type":"WebPage","@id":"https:\/\/justseven.ro\/magazin\/product\/helios-65\/","url":"https:\/\/justseven.ro\/magazin\/product\/helios-65\/","name":"HELIOS 65 - Just Seven","isPartOf":{"@id":"https:\/\/justseven.ro\/magazin\/#website"},"primaryImageOfPage":{"@id":"https:\/\/justseven.ro\/magazin\/product\/helios-65\/#primaryimage"},"image":{"@id":"https:\/\/justseven.ro\/magazin\/product\/helios-65\/#primaryimage"},"thumbnailUrl":"https:\/\/justseven.ro\/magazin\/wp-content\/uploads\/2021\/12\/Helios-65.png","datePublished":"2021-12-09T08:27:42+00:00","dateModified":"2025-10-23T06:52:45+00:00","breadcrumb":{"@id":"https:\/\/justseven.ro\/magazin\/product\/helios-65\/#breadcrumb"},"inLanguage":"ro-RO","potentialAction":[{"@type":"ReadAction","target":["https:\/\/justseven.ro\/magazin\/product\/helios-65\/"]}]},{"@type":"ImageObject","inLanguage":"ro-RO","@id":"https:\/\/justseven.ro\/magazin\/product\/helios-65\/#primaryimage","url":"https:\/\/justseven.ro\/magazin\/wp-content\/uploads\/2021\/12\/Helios-65.png","contentUrl":"https:\/\/justseven.ro\/magazin\/wp-content\/uploads\/2021\/12\/Helios-65.png","width":644,"height":1196,"caption":"Helios 65"},{"@type":"BreadcrumbList","@id":"https:\/\/justseven.ro\/magazin\/product\/helios-65\/#breadcrumb","itemListElement":[{"@type":"ListItem","position":1,"name":"Home","item":"https:\/\/justseven.ro\/magazin\/"},{"@type":"ListItem","position":2,"name":"Shop","item":"https:\/\/justseven.ro\/magazin\/shop\/"},{"@type":"ListItem","position":3,"name":"HELIOS 65"}]},{"@type":"WebSite","@id":"https:\/\/justseven.ro\/magazin\/#website","url":"https:\/\/justseven.ro\/magazin\/","name":"Just Seven","description":"Magazin Online","potentialAction":[{"@type":"SearchAction","target":{"@type":"EntryPoint","urlTemplate":"https:\/\/justseven.ro\/magazin\/?s={search_term_string}"},"query-input":{"@type":"PropertyValueSpecification","valueRequired":true,"valueName":"search_term_string"}}],"inLanguage":"ro-RO"}]}},"_links":{"self":[{"href":"https:\/\/justseven.ro\/magazin\/wp-json\/wp\/v2\/product\/8595","targetHints":{"allow":["GET"]}}],"collection":[{"href":"https:\/\/justseven.ro\/magazin\/wp-json\/wp\/v2\/product"}],"about":[{"href":"https:\/\/justseven.ro\/magazin\/wp-json\/wp\/v2\/types\/product"}],"replies":[{"embeddable":true,"href":"https:\/\/justseven.ro\/magazin\/wp-json\/wp\/v2\/comments?post=8595"}],"version-history":[{"count":2,"href":"https:\/\/justseven.ro\/magazin\/wp-json\/wp\/v2\/product\/8595\/revisions"}],"predecessor-version":[{"id":10983,"href":"https:\/\/justseven.ro\/magazin\/wp-json\/wp\/v2\/product\/8595\/revisions\/10983"}],"wp:featuredmedia":[{"embeddable":true,"href":"https:\/\/justseven.ro\/magazin\/wp-json\/wp\/v2\/media\/8513"}],"wp:attachment":[{"href":"https:\/\/justseven.ro\/magazin\/wp-json\/wp\/v2\/media?parent=8595"}],"wp:term":[{"taxonomy":"product_brand","embeddable":true,"href":"https:\/\/justseven.ro\/magazin\/wp-json\/wp\/v2\/product_brand?post=8595"},{"taxonomy":"product_cat","embeddable":true,"href":"https:\/\/justseven.ro\/magazin\/wp-json\/wp\/v2\/product_cat?post=8595"},{"taxonomy":"product_tag","embeddable":true,"href":"https:\/\/justseven.ro\/magazin\/wp-json\/wp\/v2\/product_tag?post=8595"}],"curies":[{"name":"wp","href":"https:\/\/api.w.org\/{rel}","templated":true}]}}