{"id":8931,"date":"2021-12-18T18:56:34","date_gmt":"2021-12-18T18:56:34","guid":{"rendered":"https:\/\/justseven.ro\/magazin\/?post_type=product&#038;p=8931"},"modified":"2025-10-22T12:40:38","modified_gmt":"2025-10-22T10:40:38","slug":"professional-milk-jug-2","status":"publish","type":"product","link":"https:\/\/justseven.ro\/magazin\/product\/professional-milk-jug-2\/","title":{"rendered":"Professional milk jug"},"content":{"rendered":"<p>Canile profesionale pentru lapte sunt esen\u021biale \u00een orice cafenea sau restaurant care serve\u0219te b\u0103uturi pe baz\u0103 de cafea. Aceste cani sunt proiectate pentru a facilita spumarea \u0219i turnarea precis\u0103 a laptelui, fiind un instrument vital pentru barista \u00een crearea unor latte-uri \u0219i cappuccino-uri perfecte. Disponibile \u00een diverse dimensiuni \u0219i stiluri, aceste cani sunt fabricate din materiale de \u00eenalt\u0103 calitate, asigur\u00e2nd durabilitate \u0219i performan\u021b\u0103 de lung\u0103 durat\u0103.<\/p>\n","protected":false},"excerpt":{"rendered":"<p>Canile profesionale pentru lapte sunt esen\u021biale \u00een orice cafenea sau restaurant care serve\u0219te b\u0103uturi pe baz\u0103 de cafea. Aceste cani<\/p>\n","protected":false},"featured_media":8463,"comment_status":"open","ping_status":"closed","template":"","meta":[],"product_brand":[],"product_cat":[399],"product_tag":[436],"class_list":{"0":"post-8931","1":"product","2":"type-product","3":"status-publish","4":"has-post-thumbnail","6":"product_cat-consumabile","7":"product_tag-accesorii-barista","8":"pa_brand-jstseven","10":"first","11":"instock","12":"taxable","13":"shipping-taxable","14":"purchasable","15":"product-type-variable","16":"has-default-attributes"},"yoast_head":"<!-- This site is optimized with the Yoast SEO plugin v27.4 - https:\/\/yoast.com\/product\/yoast-seo-wordpress\/ -->\n<title>Professional milk jug - Just Seven<\/title>\n<meta name=\"robots\" content=\"index, follow, max-snippet:-1, max-image-preview:large, max-video-preview:-1\" \/>\n<link rel=\"canonical\" href=\"https:\/\/justseven.ro\/magazin\/product\/professional-milk-jug-2\/\" \/>\n<meta property=\"og:locale\" content=\"ro_RO\" \/>\n<meta property=\"og:type\" content=\"article\" \/>\n<meta property=\"og:title\" content=\"Professional milk jug - Just Seven\" \/>\n<meta property=\"og:description\" content=\"Canile profesionale pentru lapte sunt esen\u021biale \u00een orice cafenea sau restaurant care serve\u0219te b\u0103uturi pe baz\u0103 de cafea. Aceste cani\" \/>\n<meta property=\"og:url\" content=\"https:\/\/justseven.ro\/magazin\/product\/professional-milk-jug-2\/\" \/>\n<meta property=\"og:site_name\" content=\"Just Seven\" \/>\n<meta property=\"article:modified_time\" content=\"2025-10-22T10:40:38+00:00\" \/>\n<meta property=\"og:image\" content=\"https:\/\/justseven.ro\/magazin\/wp-content\/uploads\/2021\/12\/Black-professional-milk-jug-35_50_75-cl.png\" \/>\n\t<meta property=\"og:image:width\" content=\"390\" \/>\n\t<meta property=\"og:image:height\" content=\"380\" \/>\n\t<meta property=\"og:image:type\" content=\"image\/png\" \/>\n<meta name=\"twitter:card\" content=\"summary_large_image\" \/>\n<meta name=\"twitter:label1\" content=\"Timp estimat pentru citire\" \/>\n\t<meta name=\"twitter:data1\" content=\"1 minut\" \/>\n<script type=\"application\/ld+json\" class=\"yoast-schema-graph\">{\"@context\":\"https:\\\/\\\/schema.org\",\"@graph\":[{\"@type\":\"WebPage\",\"@id\":\"https:\\\/\\\/justseven.ro\\\/magazin\\\/product\\\/professional-milk-jug-2\\\/\",\"url\":\"https:\\\/\\\/justseven.ro\\\/magazin\\\/product\\\/professional-milk-jug-2\\\/\",\"name\":\"Professional milk jug - Just Seven\",\"isPartOf\":{\"@id\":\"https:\\\/\\\/justseven.ro\\\/magazin\\\/#website\"},\"primaryImageOfPage\":{\"@id\":\"https:\\\/\\\/justseven.ro\\\/magazin\\\/product\\\/professional-milk-jug-2\\\/#primaryimage\"},\"image\":{\"@id\":\"https:\\\/\\\/justseven.ro\\\/magazin\\\/product\\\/professional-milk-jug-2\\\/#primaryimage\"},\"thumbnailUrl\":\"https:\\\/\\\/justseven.ro\\\/magazin\\\/wp-content\\\/uploads\\\/2021\\\/12\\\/Black-professional-milk-jug-35_50_75-cl.png\",\"datePublished\":\"2021-12-18T18:56:34+00:00\",\"dateModified\":\"2025-10-22T10:40:38+00:00\",\"breadcrumb\":{\"@id\":\"https:\\\/\\\/justseven.ro\\\/magazin\\\/product\\\/professional-milk-jug-2\\\/#breadcrumb\"},\"inLanguage\":\"ro-RO\",\"potentialAction\":[{\"@type\":\"ReadAction\",\"target\":[\"https:\\\/\\\/justseven.ro\\\/magazin\\\/product\\\/professional-milk-jug-2\\\/\"]}]},{\"@type\":\"ImageObject\",\"inLanguage\":\"ro-RO\",\"@id\":\"https:\\\/\\\/justseven.ro\\\/magazin\\\/product\\\/professional-milk-jug-2\\\/#primaryimage\",\"url\":\"https:\\\/\\\/justseven.ro\\\/magazin\\\/wp-content\\\/uploads\\\/2021\\\/12\\\/Black-professional-milk-jug-35_50_75-cl.png\",\"contentUrl\":\"https:\\\/\\\/justseven.ro\\\/magazin\\\/wp-content\\\/uploads\\\/2021\\\/12\\\/Black-professional-milk-jug-35_50_75-cl.png\",\"width\":390,\"height\":380,\"caption\":\"Black professional milk jug\"},{\"@type\":\"BreadcrumbList\",\"@id\":\"https:\\\/\\\/justseven.ro\\\/magazin\\\/product\\\/professional-milk-jug-2\\\/#breadcrumb\",\"itemListElement\":[{\"@type\":\"ListItem\",\"position\":1,\"name\":\"Home\",\"item\":\"https:\\\/\\\/justseven.ro\\\/magazin\\\/\"},{\"@type\":\"ListItem\",\"position\":2,\"name\":\"Shop\",\"item\":\"https:\\\/\\\/justseven.ro\\\/magazin\\\/shop\\\/\"},{\"@type\":\"ListItem\",\"position\":3,\"name\":\"Professional milk jug\"}]},{\"@type\":\"WebSite\",\"@id\":\"https:\\\/\\\/justseven.ro\\\/magazin\\\/#website\",\"url\":\"https:\\\/\\\/justseven.ro\\\/magazin\\\/\",\"name\":\"Just Seven\",\"description\":\"Magazin Online\",\"potentialAction\":[{\"@type\":\"SearchAction\",\"target\":{\"@type\":\"EntryPoint\",\"urlTemplate\":\"https:\\\/\\\/justseven.ro\\\/magazin\\\/?s={search_term_string}\"},\"query-input\":{\"@type\":\"PropertyValueSpecification\",\"valueRequired\":true,\"valueName\":\"search_term_string\"}}],\"inLanguage\":\"ro-RO\"}]}<\/script>\n<!-- \/ Yoast SEO plugin. -->","yoast_head_json":{"title":"Professional milk jug - Just Seven","robots":{"index":"index","follow":"follow","max-snippet":"max-snippet:-1","max-image-preview":"max-image-preview:large","max-video-preview":"max-video-preview:-1"},"canonical":"https:\/\/justseven.ro\/magazin\/product\/professional-milk-jug-2\/","og_locale":"ro_RO","og_type":"article","og_title":"Professional milk jug - Just Seven","og_description":"Canile profesionale pentru lapte sunt esen\u021biale \u00een orice cafenea sau restaurant care serve\u0219te b\u0103uturi pe baz\u0103 de cafea. Aceste cani","og_url":"https:\/\/justseven.ro\/magazin\/product\/professional-milk-jug-2\/","og_site_name":"Just Seven","article_modified_time":"2025-10-22T10:40:38+00:00","og_image":[{"width":390,"height":380,"url":"https:\/\/justseven.ro\/magazin\/wp-content\/uploads\/2021\/12\/Black-professional-milk-jug-35_50_75-cl.png","type":"image\/png"}],"twitter_card":"summary_large_image","twitter_misc":{"Timp estimat pentru citire":"1 minut"},"schema":{"@context":"https:\/\/schema.org","@graph":[{"@type":"WebPage","@id":"https:\/\/justseven.ro\/magazin\/product\/professional-milk-jug-2\/","url":"https:\/\/justseven.ro\/magazin\/product\/professional-milk-jug-2\/","name":"Professional milk jug - Just Seven","isPartOf":{"@id":"https:\/\/justseven.ro\/magazin\/#website"},"primaryImageOfPage":{"@id":"https:\/\/justseven.ro\/magazin\/product\/professional-milk-jug-2\/#primaryimage"},"image":{"@id":"https:\/\/justseven.ro\/magazin\/product\/professional-milk-jug-2\/#primaryimage"},"thumbnailUrl":"https:\/\/justseven.ro\/magazin\/wp-content\/uploads\/2021\/12\/Black-professional-milk-jug-35_50_75-cl.png","datePublished":"2021-12-18T18:56:34+00:00","dateModified":"2025-10-22T10:40:38+00:00","breadcrumb":{"@id":"https:\/\/justseven.ro\/magazin\/product\/professional-milk-jug-2\/#breadcrumb"},"inLanguage":"ro-RO","potentialAction":[{"@type":"ReadAction","target":["https:\/\/justseven.ro\/magazin\/product\/professional-milk-jug-2\/"]}]},{"@type":"ImageObject","inLanguage":"ro-RO","@id":"https:\/\/justseven.ro\/magazin\/product\/professional-milk-jug-2\/#primaryimage","url":"https:\/\/justseven.ro\/magazin\/wp-content\/uploads\/2021\/12\/Black-professional-milk-jug-35_50_75-cl.png","contentUrl":"https:\/\/justseven.ro\/magazin\/wp-content\/uploads\/2021\/12\/Black-professional-milk-jug-35_50_75-cl.png","width":390,"height":380,"caption":"Black professional milk jug"},{"@type":"BreadcrumbList","@id":"https:\/\/justseven.ro\/magazin\/product\/professional-milk-jug-2\/#breadcrumb","itemListElement":[{"@type":"ListItem","position":1,"name":"Home","item":"https:\/\/justseven.ro\/magazin\/"},{"@type":"ListItem","position":2,"name":"Shop","item":"https:\/\/justseven.ro\/magazin\/shop\/"},{"@type":"ListItem","position":3,"name":"Professional milk jug"}]},{"@type":"WebSite","@id":"https:\/\/justseven.ro\/magazin\/#website","url":"https:\/\/justseven.ro\/magazin\/","name":"Just Seven","description":"Magazin Online","potentialAction":[{"@type":"SearchAction","target":{"@type":"EntryPoint","urlTemplate":"https:\/\/justseven.ro\/magazin\/?s={search_term_string}"},"query-input":{"@type":"PropertyValueSpecification","valueRequired":true,"valueName":"search_term_string"}}],"inLanguage":"ro-RO"}]}},"_links":{"self":[{"href":"https:\/\/justseven.ro\/magazin\/wp-json\/wp\/v2\/product\/8931","targetHints":{"allow":["GET"]}}],"collection":[{"href":"https:\/\/justseven.ro\/magazin\/wp-json\/wp\/v2\/product"}],"about":[{"href":"https:\/\/justseven.ro\/magazin\/wp-json\/wp\/v2\/types\/product"}],"replies":[{"embeddable":true,"href":"https:\/\/justseven.ro\/magazin\/wp-json\/wp\/v2\/comments?post=8931"}],"version-history":[{"count":2,"href":"https:\/\/justseven.ro\/magazin\/wp-json\/wp\/v2\/product\/8931\/revisions"}],"predecessor-version":[{"id":11070,"href":"https:\/\/justseven.ro\/magazin\/wp-json\/wp\/v2\/product\/8931\/revisions\/11070"}],"wp:featuredmedia":[{"embeddable":true,"href":"https:\/\/justseven.ro\/magazin\/wp-json\/wp\/v2\/media\/8463"}],"wp:attachment":[{"href":"https:\/\/justseven.ro\/magazin\/wp-json\/wp\/v2\/media?parent=8931"}],"wp:term":[{"taxonomy":"product_brand","embeddable":true,"href":"https:\/\/justseven.ro\/magazin\/wp-json\/wp\/v2\/product_brand?post=8931"},{"taxonomy":"product_cat","embeddable":true,"href":"https:\/\/justseven.ro\/magazin\/wp-json\/wp\/v2\/product_cat?post=8931"},{"taxonomy":"product_tag","embeddable":true,"href":"https:\/\/justseven.ro\/magazin\/wp-json\/wp\/v2\/product_tag?post=8931"}],"curies":[{"name":"wp","href":"https:\/\/api.w.org\/{rel}","templated":true}]}}