{"id":9058,"date":"2021-12-20T22:56:24","date_gmt":"2021-12-20T22:56:24","guid":{"rendered":"https:\/\/justseven.ro\/magazin\/?post_type=product&#038;p=9058"},"modified":"2025-10-23T08:53:47","modified_gmt":"2025-10-23T06:53:47","slug":"mignon-specialita-2","status":"publish","type":"product","link":"https:\/\/justseven.ro\/magazin\/product\/mignon-specialita-2\/","title":{"rendered":"Mignon Specialita&#8217;"},"content":{"rendered":"<p>Tehnologie Silentioasa<br \/>\nSolu\u021bia exclusiv\u0103 anti-vibra\u021bii reduce zgomotul de m\u0103cinare cu aproximativ 20 dB \u00een compara\u021bie cu r\u00e2\u0219ni\u021bele conven\u021bionale \u0219i deschide calea pentru un nou mod de m\u0103cinare a cafelei: precis \u0219i silen\u021bios.<\/p>\n<p>===<\/p>\n<p>SISTEM ACE<br \/>\nConceput pentru a preveni formarea aglomer\u0103rilor \u0219i pentru a elimina \u00eenc\u0103rcarea electrostatic\u0103 a cafelei m\u0103cinate, sistemul ACE este numitorul comun \u00een fiecare r\u00e2\u0219ni\u021b\u0103 la cerere Eureka. Datorita actiunii sale de reglare asupra fluxului de cafea, ACE System asigura o curatenie si consistenta dozei incomparabile.<\/p>\n<p>===<\/p>\n<p>Espresso &amp; Brew<br \/>\nDesignul special al cutitelor conceput de inginerii no\u0219tri ofer\u0103 o tehnic\u0103 de m\u0103cinare potrivit\u0103 at\u00e2t pentru prepararea Espresso-ului, c\u00e2t \u0219i a tuturor soiurilor de cafea prin metode alternative.<\/p>\n<p>===<\/p>\n<p>Sistem de reglare micrometric\u0103 f\u0103r\u0103 trepte (patentat de Eureka)<br \/>\nPatentat de Eureka, asigur\u0103 o precizie incomparabil\u0103 de setare \u0219i economise\u0219te timp \u0219i cafea Sistem micrometric cu puncte de reglare infinite, singurul bazat pe repozi\u021bionarea bavurilor inferioare, garanteaz\u0103 performan\u021be de \u0219lefuire incomparabile \u0219i permite efectuarea opera\u021biunilor de \u00eentre\u021binere f\u0103r\u0103 a pierde setarea de \u0219lefuire.<\/p>\n<p>===<\/p>\n<p>\u00centre\u021binere \u201ede mare vitez\u0103\u201d<br \/>\nOpera\u021biuni de \u00eentre\u021binere la \u00eendem\u00e2n\u0103 \u0219i u\u0219oare Compozi\u021bia mecanic\u0103 tipic\u0103 a setului nostru de suport de cutite, care poate fi demontat\u0103 \u00eendep\u0103rt\u00e2nd doar 9 \u0219uruburi, permite \u00eenlocuirea \u0219i cur\u0103\u021barea rapid\u0103 a cutitelor, precum \u0219i o economie remarcabil\u0103 de timp \u0219i cafea.<\/p>\n","protected":false},"excerpt":{"rendered":"<p>Tehnologie Silentioasa Solu\u021bia exclusiv\u0103 anti-vibra\u021bii reduce zgomotul de m\u0103cinare cu aproximativ 20 dB \u00een compara\u021bie cu r\u00e2\u0219ni\u021bele conven\u021bionale \u0219i deschide<\/p>\n","protected":false},"featured_media":8514,"comment_status":"open","ping_status":"closed","template":"","meta":[],"product_brand":[],"product_cat":[407],"product_tag":[437],"class_list":{"0":"post-9058","1":"product","2":"type-product","3":"status-publish","4":"has-post-thumbnail","6":"product_cat-aparatura-bar-2","7":"product_tag-rasnita-automata-de-cafea","8":"pa_brand-eureka","10":"first","11":"instock","12":"taxable","13":"shipping-taxable","14":"product-type-variable","15":"has-default-attributes"},"yoast_head":"<!-- This site is optimized with the Yoast SEO plugin v27.4 - https:\/\/yoast.com\/product\/yoast-seo-wordpress\/ -->\n<title>Mignon Specialita&#039; - Just Seven<\/title>\n<meta name=\"robots\" content=\"index, follow, max-snippet:-1, max-image-preview:large, max-video-preview:-1\" \/>\n<link rel=\"canonical\" href=\"https:\/\/justseven.ro\/magazin\/product\/mignon-specialita-2\/\" \/>\n<meta property=\"og:locale\" content=\"ro_RO\" \/>\n<meta property=\"og:type\" content=\"article\" \/>\n<meta property=\"og:title\" content=\"Mignon Specialita&#039; - Just Seven\" \/>\n<meta property=\"og:description\" content=\"Tehnologie Silentioasa Solu\u021bia exclusiv\u0103 anti-vibra\u021bii reduce zgomotul de m\u0103cinare cu aproximativ 20 dB \u00een compara\u021bie cu r\u00e2\u0219ni\u021bele conven\u021bionale \u0219i deschide\" \/>\n<meta property=\"og:url\" content=\"https:\/\/justseven.ro\/magazin\/product\/mignon-specialita-2\/\" \/>\n<meta property=\"og:site_name\" content=\"Just Seven\" \/>\n<meta property=\"article:modified_time\" content=\"2025-10-23T06:53:47+00:00\" \/>\n<meta property=\"og:image\" content=\"https:\/\/justseven.ro\/magazin\/wp-content\/uploads\/2021\/12\/Mignon-Specialita_.png\" \/>\n\t<meta property=\"og:image:width\" content=\"559\" \/>\n\t<meta property=\"og:image:height\" content=\"1103\" \/>\n\t<meta property=\"og:image:type\" content=\"image\/png\" \/>\n<meta name=\"twitter:card\" content=\"summary_large_image\" \/>\n<meta name=\"twitter:label1\" content=\"Timp estimat pentru citire\" \/>\n\t<meta name=\"twitter:data1\" content=\"2 minute\" \/>\n<script type=\"application\/ld+json\" class=\"yoast-schema-graph\">{\"@context\":\"https:\\\/\\\/schema.org\",\"@graph\":[{\"@type\":\"WebPage\",\"@id\":\"https:\\\/\\\/justseven.ro\\\/magazin\\\/product\\\/mignon-specialita-2\\\/\",\"url\":\"https:\\\/\\\/justseven.ro\\\/magazin\\\/product\\\/mignon-specialita-2\\\/\",\"name\":\"Mignon Specialita' - Just Seven\",\"isPartOf\":{\"@id\":\"https:\\\/\\\/justseven.ro\\\/magazin\\\/#website\"},\"primaryImageOfPage\":{\"@id\":\"https:\\\/\\\/justseven.ro\\\/magazin\\\/product\\\/mignon-specialita-2\\\/#primaryimage\"},\"image\":{\"@id\":\"https:\\\/\\\/justseven.ro\\\/magazin\\\/product\\\/mignon-specialita-2\\\/#primaryimage\"},\"thumbnailUrl\":\"https:\\\/\\\/justseven.ro\\\/magazin\\\/wp-content\\\/uploads\\\/2021\\\/12\\\/Mignon-Specialita_.png\",\"datePublished\":\"2021-12-20T22:56:24+00:00\",\"dateModified\":\"2025-10-23T06:53:47+00:00\",\"breadcrumb\":{\"@id\":\"https:\\\/\\\/justseven.ro\\\/magazin\\\/product\\\/mignon-specialita-2\\\/#breadcrumb\"},\"inLanguage\":\"ro-RO\",\"potentialAction\":[{\"@type\":\"ReadAction\",\"target\":[\"https:\\\/\\\/justseven.ro\\\/magazin\\\/product\\\/mignon-specialita-2\\\/\"]}]},{\"@type\":\"ImageObject\",\"inLanguage\":\"ro-RO\",\"@id\":\"https:\\\/\\\/justseven.ro\\\/magazin\\\/product\\\/mignon-specialita-2\\\/#primaryimage\",\"url\":\"https:\\\/\\\/justseven.ro\\\/magazin\\\/wp-content\\\/uploads\\\/2021\\\/12\\\/Mignon-Specialita_.png\",\"contentUrl\":\"https:\\\/\\\/justseven.ro\\\/magazin\\\/wp-content\\\/uploads\\\/2021\\\/12\\\/Mignon-Specialita_.png\",\"width\":559,\"height\":1103,\"caption\":\"Mignon Specialita\"},{\"@type\":\"BreadcrumbList\",\"@id\":\"https:\\\/\\\/justseven.ro\\\/magazin\\\/product\\\/mignon-specialita-2\\\/#breadcrumb\",\"itemListElement\":[{\"@type\":\"ListItem\",\"position\":1,\"name\":\"Home\",\"item\":\"https:\\\/\\\/justseven.ro\\\/magazin\\\/\"},{\"@type\":\"ListItem\",\"position\":2,\"name\":\"Shop\",\"item\":\"https:\\\/\\\/justseven.ro\\\/magazin\\\/shop\\\/\"},{\"@type\":\"ListItem\",\"position\":3,\"name\":\"Mignon Specialita&#8217;\"}]},{\"@type\":\"WebSite\",\"@id\":\"https:\\\/\\\/justseven.ro\\\/magazin\\\/#website\",\"url\":\"https:\\\/\\\/justseven.ro\\\/magazin\\\/\",\"name\":\"Just Seven\",\"description\":\"Magazin Online\",\"potentialAction\":[{\"@type\":\"SearchAction\",\"target\":{\"@type\":\"EntryPoint\",\"urlTemplate\":\"https:\\\/\\\/justseven.ro\\\/magazin\\\/?s={search_term_string}\"},\"query-input\":{\"@type\":\"PropertyValueSpecification\",\"valueRequired\":true,\"valueName\":\"search_term_string\"}}],\"inLanguage\":\"ro-RO\"}]}<\/script>\n<!-- \/ Yoast SEO plugin. -->","yoast_head_json":{"title":"Mignon Specialita' - Just Seven","robots":{"index":"index","follow":"follow","max-snippet":"max-snippet:-1","max-image-preview":"max-image-preview:large","max-video-preview":"max-video-preview:-1"},"canonical":"https:\/\/justseven.ro\/magazin\/product\/mignon-specialita-2\/","og_locale":"ro_RO","og_type":"article","og_title":"Mignon Specialita' - Just Seven","og_description":"Tehnologie Silentioasa Solu\u021bia exclusiv\u0103 anti-vibra\u021bii reduce zgomotul de m\u0103cinare cu aproximativ 20 dB \u00een compara\u021bie cu r\u00e2\u0219ni\u021bele conven\u021bionale \u0219i deschide","og_url":"https:\/\/justseven.ro\/magazin\/product\/mignon-specialita-2\/","og_site_name":"Just Seven","article_modified_time":"2025-10-23T06:53:47+00:00","og_image":[{"width":559,"height":1103,"url":"https:\/\/justseven.ro\/magazin\/wp-content\/uploads\/2021\/12\/Mignon-Specialita_.png","type":"image\/png"}],"twitter_card":"summary_large_image","twitter_misc":{"Timp estimat pentru citire":"2 minute"},"schema":{"@context":"https:\/\/schema.org","@graph":[{"@type":"WebPage","@id":"https:\/\/justseven.ro\/magazin\/product\/mignon-specialita-2\/","url":"https:\/\/justseven.ro\/magazin\/product\/mignon-specialita-2\/","name":"Mignon Specialita' - Just Seven","isPartOf":{"@id":"https:\/\/justseven.ro\/magazin\/#website"},"primaryImageOfPage":{"@id":"https:\/\/justseven.ro\/magazin\/product\/mignon-specialita-2\/#primaryimage"},"image":{"@id":"https:\/\/justseven.ro\/magazin\/product\/mignon-specialita-2\/#primaryimage"},"thumbnailUrl":"https:\/\/justseven.ro\/magazin\/wp-content\/uploads\/2021\/12\/Mignon-Specialita_.png","datePublished":"2021-12-20T22:56:24+00:00","dateModified":"2025-10-23T06:53:47+00:00","breadcrumb":{"@id":"https:\/\/justseven.ro\/magazin\/product\/mignon-specialita-2\/#breadcrumb"},"inLanguage":"ro-RO","potentialAction":[{"@type":"ReadAction","target":["https:\/\/justseven.ro\/magazin\/product\/mignon-specialita-2\/"]}]},{"@type":"ImageObject","inLanguage":"ro-RO","@id":"https:\/\/justseven.ro\/magazin\/product\/mignon-specialita-2\/#primaryimage","url":"https:\/\/justseven.ro\/magazin\/wp-content\/uploads\/2021\/12\/Mignon-Specialita_.png","contentUrl":"https:\/\/justseven.ro\/magazin\/wp-content\/uploads\/2021\/12\/Mignon-Specialita_.png","width":559,"height":1103,"caption":"Mignon Specialita"},{"@type":"BreadcrumbList","@id":"https:\/\/justseven.ro\/magazin\/product\/mignon-specialita-2\/#breadcrumb","itemListElement":[{"@type":"ListItem","position":1,"name":"Home","item":"https:\/\/justseven.ro\/magazin\/"},{"@type":"ListItem","position":2,"name":"Shop","item":"https:\/\/justseven.ro\/magazin\/shop\/"},{"@type":"ListItem","position":3,"name":"Mignon Specialita&#8217;"}]},{"@type":"WebSite","@id":"https:\/\/justseven.ro\/magazin\/#website","url":"https:\/\/justseven.ro\/magazin\/","name":"Just Seven","description":"Magazin Online","potentialAction":[{"@type":"SearchAction","target":{"@type":"EntryPoint","urlTemplate":"https:\/\/justseven.ro\/magazin\/?s={search_term_string}"},"query-input":{"@type":"PropertyValueSpecification","valueRequired":true,"valueName":"search_term_string"}}],"inLanguage":"ro-RO"}]}},"_links":{"self":[{"href":"https:\/\/justseven.ro\/magazin\/wp-json\/wp\/v2\/product\/9058","targetHints":{"allow":["GET"]}}],"collection":[{"href":"https:\/\/justseven.ro\/magazin\/wp-json\/wp\/v2\/product"}],"about":[{"href":"https:\/\/justseven.ro\/magazin\/wp-json\/wp\/v2\/types\/product"}],"replies":[{"embeddable":true,"href":"https:\/\/justseven.ro\/magazin\/wp-json\/wp\/v2\/comments?post=9058"}],"version-history":[{"count":3,"href":"https:\/\/justseven.ro\/magazin\/wp-json\/wp\/v2\/product\/9058\/revisions"}],"predecessor-version":[{"id":11524,"href":"https:\/\/justseven.ro\/magazin\/wp-json\/wp\/v2\/product\/9058\/revisions\/11524"}],"wp:featuredmedia":[{"embeddable":true,"href":"https:\/\/justseven.ro\/magazin\/wp-json\/wp\/v2\/media\/8514"}],"wp:attachment":[{"href":"https:\/\/justseven.ro\/magazin\/wp-json\/wp\/v2\/media?parent=9058"}],"wp:term":[{"taxonomy":"product_brand","embeddable":true,"href":"https:\/\/justseven.ro\/magazin\/wp-json\/wp\/v2\/product_brand?post=9058"},{"taxonomy":"product_cat","embeddable":true,"href":"https:\/\/justseven.ro\/magazin\/wp-json\/wp\/v2\/product_cat?post=9058"},{"taxonomy":"product_tag","embeddable":true,"href":"https:\/\/justseven.ro\/magazin\/wp-json\/wp\/v2\/product_tag?post=9058"}],"curies":[{"name":"wp","href":"https:\/\/api.w.org\/{rel}","templated":true}]}}