{"id":9093,"date":"2021-12-20T23:45:58","date_gmt":"2021-12-20T23:45:58","guid":{"rendered":"https:\/\/justseven.ro\/magazin\/?post_type=product&#038;p=9093"},"modified":"2025-10-23T08:51:37","modified_gmt":"2025-10-23T06:51:37","slug":"drink-mixer-54","status":"publish","type":"product","link":"https:\/\/justseven.ro\/magazin\/product\/drink-mixer-54\/","title":{"rendered":"Drink Mixer 54"},"content":{"rendered":"<p>Mixerul de b\u0103uturi 54 este aparatul ideal pentru a face frappe, milkshake, spum\u0103 de lapte, b\u0103uturi cu \u00eenghe\u021bat\u0103&#8230;<\/p>\n<p>Acest mixer este un echipament de lung\u0103 durat\u0103 pentru uz comercial \u0219i este echipat cu un motor puternic.<\/p>\n<p>Usor de utilizat: mixerul are o activare automata a motorului cu detectie bol.<br \/>\nVaria\u021bie de tura\u021bie de la 8000 la 16000 rpm.<br \/>\nSe livreaza cu:<\/p>\n<p>2 boluri (24 fl oz\/ 0,675 l): 1 castron din o\u021bel inoxidabil \u0219i 1 castron transparent.<br \/>\n3 agitatoare: 1 agitator sferic universal, 1 agitator de cauciuc, 1 agitator ad\u00e2nc cu aripi.<\/p>\n","protected":false},"excerpt":{"rendered":"<p>Mixerul de b\u0103uturi 54 este aparatul ideal pentru a face frappe, milkshake, spum\u0103 de lapte, b\u0103uturi cu \u00eenghe\u021bat\u0103&#8230; Acest mixer<\/p>\n","protected":false},"featured_media":8458,"comment_status":"open","ping_status":"closed","template":"","meta":[],"product_brand":[],"product_cat":[407],"product_tag":[438],"class_list":{"0":"post-9093","1":"product","2":"type-product","3":"status-publish","4":"has-post-thumbnail","6":"product_cat-aparatura-bar-2","7":"product_tag-blender","8":"pa_brand-santos","10":"first","11":"instock","12":"taxable","13":"shipping-taxable","14":"product-type-simple"},"yoast_head":"<!-- This site is optimized with the Yoast SEO plugin v27.4 - https:\/\/yoast.com\/product\/yoast-seo-wordpress\/ -->\n<title>Drink Mixer 54 - Just Seven<\/title>\n<meta name=\"robots\" content=\"index, follow, max-snippet:-1, max-image-preview:large, max-video-preview:-1\" \/>\n<link rel=\"canonical\" href=\"https:\/\/justseven.ro\/magazin\/product\/drink-mixer-54\/\" \/>\n<meta property=\"og:locale\" content=\"ro_RO\" \/>\n<meta property=\"og:type\" content=\"article\" \/>\n<meta property=\"og:title\" content=\"Drink Mixer 54 - Just Seven\" \/>\n<meta property=\"og:description\" content=\"Mixerul de b\u0103uturi 54 este aparatul ideal pentru a face frappe, milkshake, spum\u0103 de lapte, b\u0103uturi cu \u00eenghe\u021bat\u0103&#8230; Acest mixer\" \/>\n<meta property=\"og:url\" content=\"https:\/\/justseven.ro\/magazin\/product\/drink-mixer-54\/\" \/>\n<meta property=\"og:site_name\" content=\"Just Seven\" \/>\n<meta property=\"article:modified_time\" content=\"2025-10-23T06:51:37+00:00\" \/>\n<meta property=\"og:image\" content=\"https:\/\/justseven.ro\/magazin\/wp-content\/uploads\/2021\/12\/Drink-Mixer-54.png\" \/>\n\t<meta property=\"og:image:width\" content=\"495\" \/>\n\t<meta property=\"og:image:height\" content=\"1341\" \/>\n\t<meta property=\"og:image:type\" content=\"image\/png\" \/>\n<meta name=\"twitter:card\" content=\"summary_large_image\" \/>\n<script type=\"application\/ld+json\" class=\"yoast-schema-graph\">{\"@context\":\"https:\\\/\\\/schema.org\",\"@graph\":[{\"@type\":\"WebPage\",\"@id\":\"https:\\\/\\\/justseven.ro\\\/magazin\\\/product\\\/drink-mixer-54\\\/\",\"url\":\"https:\\\/\\\/justseven.ro\\\/magazin\\\/product\\\/drink-mixer-54\\\/\",\"name\":\"Drink Mixer 54 - Just Seven\",\"isPartOf\":{\"@id\":\"https:\\\/\\\/justseven.ro\\\/magazin\\\/#website\"},\"primaryImageOfPage\":{\"@id\":\"https:\\\/\\\/justseven.ro\\\/magazin\\\/product\\\/drink-mixer-54\\\/#primaryimage\"},\"image\":{\"@id\":\"https:\\\/\\\/justseven.ro\\\/magazin\\\/product\\\/drink-mixer-54\\\/#primaryimage\"},\"thumbnailUrl\":\"https:\\\/\\\/justseven.ro\\\/magazin\\\/wp-content\\\/uploads\\\/2021\\\/12\\\/Drink-Mixer-54.png\",\"datePublished\":\"2021-12-20T23:45:58+00:00\",\"dateModified\":\"2025-10-23T06:51:37+00:00\",\"breadcrumb\":{\"@id\":\"https:\\\/\\\/justseven.ro\\\/magazin\\\/product\\\/drink-mixer-54\\\/#breadcrumb\"},\"inLanguage\":\"ro-RO\",\"potentialAction\":[{\"@type\":\"ReadAction\",\"target\":[\"https:\\\/\\\/justseven.ro\\\/magazin\\\/product\\\/drink-mixer-54\\\/\"]}]},{\"@type\":\"ImageObject\",\"inLanguage\":\"ro-RO\",\"@id\":\"https:\\\/\\\/justseven.ro\\\/magazin\\\/product\\\/drink-mixer-54\\\/#primaryimage\",\"url\":\"https:\\\/\\\/justseven.ro\\\/magazin\\\/wp-content\\\/uploads\\\/2021\\\/12\\\/Drink-Mixer-54.png\",\"contentUrl\":\"https:\\\/\\\/justseven.ro\\\/magazin\\\/wp-content\\\/uploads\\\/2021\\\/12\\\/Drink-Mixer-54.png\",\"width\":495,\"height\":1341,\"caption\":\"Drink Mixer 54\"},{\"@type\":\"BreadcrumbList\",\"@id\":\"https:\\\/\\\/justseven.ro\\\/magazin\\\/product\\\/drink-mixer-54\\\/#breadcrumb\",\"itemListElement\":[{\"@type\":\"ListItem\",\"position\":1,\"name\":\"Home\",\"item\":\"https:\\\/\\\/justseven.ro\\\/magazin\\\/\"},{\"@type\":\"ListItem\",\"position\":2,\"name\":\"Shop\",\"item\":\"https:\\\/\\\/justseven.ro\\\/magazin\\\/shop\\\/\"},{\"@type\":\"ListItem\",\"position\":3,\"name\":\"Drink Mixer 54\"}]},{\"@type\":\"WebSite\",\"@id\":\"https:\\\/\\\/justseven.ro\\\/magazin\\\/#website\",\"url\":\"https:\\\/\\\/justseven.ro\\\/magazin\\\/\",\"name\":\"Just Seven\",\"description\":\"Magazin Online\",\"potentialAction\":[{\"@type\":\"SearchAction\",\"target\":{\"@type\":\"EntryPoint\",\"urlTemplate\":\"https:\\\/\\\/justseven.ro\\\/magazin\\\/?s={search_term_string}\"},\"query-input\":{\"@type\":\"PropertyValueSpecification\",\"valueRequired\":true,\"valueName\":\"search_term_string\"}}],\"inLanguage\":\"ro-RO\"}]}<\/script>\n<!-- \/ Yoast SEO plugin. -->","yoast_head_json":{"title":"Drink Mixer 54 - Just Seven","robots":{"index":"index","follow":"follow","max-snippet":"max-snippet:-1","max-image-preview":"max-image-preview:large","max-video-preview":"max-video-preview:-1"},"canonical":"https:\/\/justseven.ro\/magazin\/product\/drink-mixer-54\/","og_locale":"ro_RO","og_type":"article","og_title":"Drink Mixer 54 - Just Seven","og_description":"Mixerul de b\u0103uturi 54 este aparatul ideal pentru a face frappe, milkshake, spum\u0103 de lapte, b\u0103uturi cu \u00eenghe\u021bat\u0103&#8230; Acest mixer","og_url":"https:\/\/justseven.ro\/magazin\/product\/drink-mixer-54\/","og_site_name":"Just Seven","article_modified_time":"2025-10-23T06:51:37+00:00","og_image":[{"width":495,"height":1341,"url":"https:\/\/justseven.ro\/magazin\/wp-content\/uploads\/2021\/12\/Drink-Mixer-54.png","type":"image\/png"}],"twitter_card":"summary_large_image","schema":{"@context":"https:\/\/schema.org","@graph":[{"@type":"WebPage","@id":"https:\/\/justseven.ro\/magazin\/product\/drink-mixer-54\/","url":"https:\/\/justseven.ro\/magazin\/product\/drink-mixer-54\/","name":"Drink Mixer 54 - Just Seven","isPartOf":{"@id":"https:\/\/justseven.ro\/magazin\/#website"},"primaryImageOfPage":{"@id":"https:\/\/justseven.ro\/magazin\/product\/drink-mixer-54\/#primaryimage"},"image":{"@id":"https:\/\/justseven.ro\/magazin\/product\/drink-mixer-54\/#primaryimage"},"thumbnailUrl":"https:\/\/justseven.ro\/magazin\/wp-content\/uploads\/2021\/12\/Drink-Mixer-54.png","datePublished":"2021-12-20T23:45:58+00:00","dateModified":"2025-10-23T06:51:37+00:00","breadcrumb":{"@id":"https:\/\/justseven.ro\/magazin\/product\/drink-mixer-54\/#breadcrumb"},"inLanguage":"ro-RO","potentialAction":[{"@type":"ReadAction","target":["https:\/\/justseven.ro\/magazin\/product\/drink-mixer-54\/"]}]},{"@type":"ImageObject","inLanguage":"ro-RO","@id":"https:\/\/justseven.ro\/magazin\/product\/drink-mixer-54\/#primaryimage","url":"https:\/\/justseven.ro\/magazin\/wp-content\/uploads\/2021\/12\/Drink-Mixer-54.png","contentUrl":"https:\/\/justseven.ro\/magazin\/wp-content\/uploads\/2021\/12\/Drink-Mixer-54.png","width":495,"height":1341,"caption":"Drink Mixer 54"},{"@type":"BreadcrumbList","@id":"https:\/\/justseven.ro\/magazin\/product\/drink-mixer-54\/#breadcrumb","itemListElement":[{"@type":"ListItem","position":1,"name":"Home","item":"https:\/\/justseven.ro\/magazin\/"},{"@type":"ListItem","position":2,"name":"Shop","item":"https:\/\/justseven.ro\/magazin\/shop\/"},{"@type":"ListItem","position":3,"name":"Drink Mixer 54"}]},{"@type":"WebSite","@id":"https:\/\/justseven.ro\/magazin\/#website","url":"https:\/\/justseven.ro\/magazin\/","name":"Just Seven","description":"Magazin Online","potentialAction":[{"@type":"SearchAction","target":{"@type":"EntryPoint","urlTemplate":"https:\/\/justseven.ro\/magazin\/?s={search_term_string}"},"query-input":{"@type":"PropertyValueSpecification","valueRequired":true,"valueName":"search_term_string"}}],"inLanguage":"ro-RO"}]}},"_links":{"self":[{"href":"https:\/\/justseven.ro\/magazin\/wp-json\/wp\/v2\/product\/9093","targetHints":{"allow":["GET"]}}],"collection":[{"href":"https:\/\/justseven.ro\/magazin\/wp-json\/wp\/v2\/product"}],"about":[{"href":"https:\/\/justseven.ro\/magazin\/wp-json\/wp\/v2\/types\/product"}],"replies":[{"embeddable":true,"href":"https:\/\/justseven.ro\/magazin\/wp-json\/wp\/v2\/comments?post=9093"}],"version-history":[{"count":2,"href":"https:\/\/justseven.ro\/magazin\/wp-json\/wp\/v2\/product\/9093\/revisions"}],"predecessor-version":[{"id":10989,"href":"https:\/\/justseven.ro\/magazin\/wp-json\/wp\/v2\/product\/9093\/revisions\/10989"}],"wp:featuredmedia":[{"embeddable":true,"href":"https:\/\/justseven.ro\/magazin\/wp-json\/wp\/v2\/media\/8458"}],"wp:attachment":[{"href":"https:\/\/justseven.ro\/magazin\/wp-json\/wp\/v2\/media?parent=9093"}],"wp:term":[{"taxonomy":"product_brand","embeddable":true,"href":"https:\/\/justseven.ro\/magazin\/wp-json\/wp\/v2\/product_brand?post=9093"},{"taxonomy":"product_cat","embeddable":true,"href":"https:\/\/justseven.ro\/magazin\/wp-json\/wp\/v2\/product_cat?post=9093"},{"taxonomy":"product_tag","embeddable":true,"href":"https:\/\/justseven.ro\/magazin\/wp-json\/wp\/v2\/product_tag?post=9093"}],"curies":[{"name":"wp","href":"https:\/\/api.w.org\/{rel}","templated":true}]}}