{"id":9164,"date":"2021-12-21T01:20:58","date_gmt":"2021-12-21T01:20:58","guid":{"rendered":"https:\/\/justseven.ro\/magazin\/?post_type=product&#038;p=9164"},"modified":"2025-10-22T12:40:31","modified_gmt":"2025-10-22T10:40:31","slug":"frappe-base-coffee","status":"publish","type":"product","link":"https:\/\/justseven.ro\/magazin\/product\/frappe-base-coffee\/","title":{"rendered":"Frappe Base Coffee"},"content":{"rendered":"<p>Baza pentru frappe cu arom\u0103 de cafea de la Theus este ideal\u0103 pentru a crea b\u0103uturi r\u0103coritoare cu un gust autentic de cafea. Perfect\u0103 pentru zilele calde, aceast\u0103 baz\u0103 adaug\u0103 o not\u0103 energizant\u0103 \u0219i delicioas\u0103 oric\u0103rui frappe.<\/p>\n","protected":false},"excerpt":{"rendered":"<p>Baza pentru frappe cu arom\u0103 de cafea de la Theus este ideal\u0103 pentru a crea b\u0103uturi r\u0103coritoare cu un gust<\/p>\n","protected":false},"featured_media":11543,"comment_status":"open","ping_status":"closed","template":"","meta":[],"product_brand":[],"product_cat":[395],"product_tag":[430],"class_list":{"0":"post-9164","1":"product","2":"type-product","3":"status-publish","4":"has-post-thumbnail","6":"product_cat-produse-bar","7":"product_tag-horeca","8":"pa_brand-theus","10":"first","11":"instock","12":"taxable","13":"shipping-taxable","14":"purchasable","15":"product-type-simple"},"yoast_head":"<!-- This site is optimized with the Yoast SEO plugin v27.5 - https:\/\/yoast.com\/product\/yoast-seo-wordpress\/ -->\n<title>Frappe Base Coffee - Just Seven<\/title>\n<meta name=\"robots\" content=\"index, follow, max-snippet:-1, max-image-preview:large, max-video-preview:-1\" \/>\n<link rel=\"canonical\" href=\"https:\/\/justseven.ro\/magazin\/product\/frappe-base-coffee\/\" \/>\n<meta property=\"og:locale\" content=\"ro_RO\" \/>\n<meta property=\"og:type\" content=\"article\" \/>\n<meta property=\"og:title\" content=\"Frappe Base Coffee - Just Seven\" \/>\n<meta property=\"og:description\" content=\"Baza pentru frappe cu arom\u0103 de cafea de la Theus este ideal\u0103 pentru a crea b\u0103uturi r\u0103coritoare cu un gust\" \/>\n<meta property=\"og:url\" content=\"https:\/\/justseven.ro\/magazin\/product\/frappe-base-coffee\/\" \/>\n<meta property=\"og:site_name\" content=\"Just Seven\" \/>\n<meta property=\"article:modified_time\" content=\"2025-10-22T10:40:31+00:00\" \/>\n<meta property=\"og:image\" content=\"https:\/\/justseven.ro\/magazin\/wp-content\/uploads\/2021\/12\/coffee.jpg\" \/>\n\t<meta property=\"og:image:width\" content=\"1909\" \/>\n\t<meta property=\"og:image:height\" content=\"1431\" \/>\n\t<meta property=\"og:image:type\" content=\"image\/jpeg\" \/>\n<meta name=\"twitter:card\" content=\"summary_large_image\" \/>\n<meta name=\"twitter:label1\" content=\"Timp estimat pentru citire\" \/>\n\t<meta name=\"twitter:data1\" content=\"1 minut\" \/>\n<script type=\"application\/ld+json\" class=\"yoast-schema-graph\">{\"@context\":\"https:\\\/\\\/schema.org\",\"@graph\":[{\"@type\":\"WebPage\",\"@id\":\"https:\\\/\\\/justseven.ro\\\/magazin\\\/product\\\/frappe-base-coffee\\\/\",\"url\":\"https:\\\/\\\/justseven.ro\\\/magazin\\\/product\\\/frappe-base-coffee\\\/\",\"name\":\"Frappe Base Coffee - Just Seven\",\"isPartOf\":{\"@id\":\"https:\\\/\\\/justseven.ro\\\/magazin\\\/#website\"},\"primaryImageOfPage\":{\"@id\":\"https:\\\/\\\/justseven.ro\\\/magazin\\\/product\\\/frappe-base-coffee\\\/#primaryimage\"},\"image\":{\"@id\":\"https:\\\/\\\/justseven.ro\\\/magazin\\\/product\\\/frappe-base-coffee\\\/#primaryimage\"},\"thumbnailUrl\":\"https:\\\/\\\/justseven.ro\\\/magazin\\\/wp-content\\\/uploads\\\/2021\\\/12\\\/coffee.jpg\",\"datePublished\":\"2021-12-21T01:20:58+00:00\",\"dateModified\":\"2025-10-22T10:40:31+00:00\",\"breadcrumb\":{\"@id\":\"https:\\\/\\\/justseven.ro\\\/magazin\\\/product\\\/frappe-base-coffee\\\/#breadcrumb\"},\"inLanguage\":\"ro-RO\",\"potentialAction\":[{\"@type\":\"ReadAction\",\"target\":[\"https:\\\/\\\/justseven.ro\\\/magazin\\\/product\\\/frappe-base-coffee\\\/\"]}]},{\"@type\":\"ImageObject\",\"inLanguage\":\"ro-RO\",\"@id\":\"https:\\\/\\\/justseven.ro\\\/magazin\\\/product\\\/frappe-base-coffee\\\/#primaryimage\",\"url\":\"https:\\\/\\\/justseven.ro\\\/magazin\\\/wp-content\\\/uploads\\\/2021\\\/12\\\/coffee.jpg\",\"contentUrl\":\"https:\\\/\\\/justseven.ro\\\/magazin\\\/wp-content\\\/uploads\\\/2021\\\/12\\\/coffee.jpg\",\"width\":1909,\"height\":1431},{\"@type\":\"BreadcrumbList\",\"@id\":\"https:\\\/\\\/justseven.ro\\\/magazin\\\/product\\\/frappe-base-coffee\\\/#breadcrumb\",\"itemListElement\":[{\"@type\":\"ListItem\",\"position\":1,\"name\":\"Home\",\"item\":\"https:\\\/\\\/justseven.ro\\\/magazin\\\/\"},{\"@type\":\"ListItem\",\"position\":2,\"name\":\"Shop\",\"item\":\"https:\\\/\\\/justseven.ro\\\/magazin\\\/shop\\\/\"},{\"@type\":\"ListItem\",\"position\":3,\"name\":\"Frappe Base Coffee\"}]},{\"@type\":\"WebSite\",\"@id\":\"https:\\\/\\\/justseven.ro\\\/magazin\\\/#website\",\"url\":\"https:\\\/\\\/justseven.ro\\\/magazin\\\/\",\"name\":\"Just Seven\",\"description\":\"Magazin Online\",\"potentialAction\":[{\"@type\":\"SearchAction\",\"target\":{\"@type\":\"EntryPoint\",\"urlTemplate\":\"https:\\\/\\\/justseven.ro\\\/magazin\\\/?s={search_term_string}\"},\"query-input\":{\"@type\":\"PropertyValueSpecification\",\"valueRequired\":true,\"valueName\":\"search_term_string\"}}],\"inLanguage\":\"ro-RO\"}]}<\/script>\n<!-- \/ Yoast SEO plugin. -->","yoast_head_json":{"title":"Frappe Base Coffee - Just Seven","robots":{"index":"index","follow":"follow","max-snippet":"max-snippet:-1","max-image-preview":"max-image-preview:large","max-video-preview":"max-video-preview:-1"},"canonical":"https:\/\/justseven.ro\/magazin\/product\/frappe-base-coffee\/","og_locale":"ro_RO","og_type":"article","og_title":"Frappe Base Coffee - Just Seven","og_description":"Baza pentru frappe cu arom\u0103 de cafea de la Theus este ideal\u0103 pentru a crea b\u0103uturi r\u0103coritoare cu un gust","og_url":"https:\/\/justseven.ro\/magazin\/product\/frappe-base-coffee\/","og_site_name":"Just Seven","article_modified_time":"2025-10-22T10:40:31+00:00","og_image":[{"width":1909,"height":1431,"url":"https:\/\/justseven.ro\/magazin\/wp-content\/uploads\/2021\/12\/coffee.jpg","type":"image\/jpeg"}],"twitter_card":"summary_large_image","twitter_misc":{"Timp estimat pentru citire":"1 minut"},"schema":{"@context":"https:\/\/schema.org","@graph":[{"@type":"WebPage","@id":"https:\/\/justseven.ro\/magazin\/product\/frappe-base-coffee\/","url":"https:\/\/justseven.ro\/magazin\/product\/frappe-base-coffee\/","name":"Frappe Base Coffee - Just Seven","isPartOf":{"@id":"https:\/\/justseven.ro\/magazin\/#website"},"primaryImageOfPage":{"@id":"https:\/\/justseven.ro\/magazin\/product\/frappe-base-coffee\/#primaryimage"},"image":{"@id":"https:\/\/justseven.ro\/magazin\/product\/frappe-base-coffee\/#primaryimage"},"thumbnailUrl":"https:\/\/justseven.ro\/magazin\/wp-content\/uploads\/2021\/12\/coffee.jpg","datePublished":"2021-12-21T01:20:58+00:00","dateModified":"2025-10-22T10:40:31+00:00","breadcrumb":{"@id":"https:\/\/justseven.ro\/magazin\/product\/frappe-base-coffee\/#breadcrumb"},"inLanguage":"ro-RO","potentialAction":[{"@type":"ReadAction","target":["https:\/\/justseven.ro\/magazin\/product\/frappe-base-coffee\/"]}]},{"@type":"ImageObject","inLanguage":"ro-RO","@id":"https:\/\/justseven.ro\/magazin\/product\/frappe-base-coffee\/#primaryimage","url":"https:\/\/justseven.ro\/magazin\/wp-content\/uploads\/2021\/12\/coffee.jpg","contentUrl":"https:\/\/justseven.ro\/magazin\/wp-content\/uploads\/2021\/12\/coffee.jpg","width":1909,"height":1431},{"@type":"BreadcrumbList","@id":"https:\/\/justseven.ro\/magazin\/product\/frappe-base-coffee\/#breadcrumb","itemListElement":[{"@type":"ListItem","position":1,"name":"Home","item":"https:\/\/justseven.ro\/magazin\/"},{"@type":"ListItem","position":2,"name":"Shop","item":"https:\/\/justseven.ro\/magazin\/shop\/"},{"@type":"ListItem","position":3,"name":"Frappe Base Coffee"}]},{"@type":"WebSite","@id":"https:\/\/justseven.ro\/magazin\/#website","url":"https:\/\/justseven.ro\/magazin\/","name":"Just Seven","description":"Magazin Online","potentialAction":[{"@type":"SearchAction","target":{"@type":"EntryPoint","urlTemplate":"https:\/\/justseven.ro\/magazin\/?s={search_term_string}"},"query-input":{"@type":"PropertyValueSpecification","valueRequired":true,"valueName":"search_term_string"}}],"inLanguage":"ro-RO"}]}},"_links":{"self":[{"href":"https:\/\/justseven.ro\/magazin\/wp-json\/wp\/v2\/product\/9164","targetHints":{"allow":["GET"]}}],"collection":[{"href":"https:\/\/justseven.ro\/magazin\/wp-json\/wp\/v2\/product"}],"about":[{"href":"https:\/\/justseven.ro\/magazin\/wp-json\/wp\/v2\/types\/product"}],"replies":[{"embeddable":true,"href":"https:\/\/justseven.ro\/magazin\/wp-json\/wp\/v2\/comments?post=9164"}],"version-history":[{"count":2,"href":"https:\/\/justseven.ro\/magazin\/wp-json\/wp\/v2\/product\/9164\/revisions"}],"predecessor-version":[{"id":11023,"href":"https:\/\/justseven.ro\/magazin\/wp-json\/wp\/v2\/product\/9164\/revisions\/11023"}],"wp:featuredmedia":[{"embeddable":true,"href":"https:\/\/justseven.ro\/magazin\/wp-json\/wp\/v2\/media\/11543"}],"wp:attachment":[{"href":"https:\/\/justseven.ro\/magazin\/wp-json\/wp\/v2\/media?parent=9164"}],"wp:term":[{"taxonomy":"product_brand","embeddable":true,"href":"https:\/\/justseven.ro\/magazin\/wp-json\/wp\/v2\/product_brand?post=9164"},{"taxonomy":"product_cat","embeddable":true,"href":"https:\/\/justseven.ro\/magazin\/wp-json\/wp\/v2\/product_cat?post=9164"},{"taxonomy":"product_tag","embeddable":true,"href":"https:\/\/justseven.ro\/magazin\/wp-json\/wp\/v2\/product_tag?post=9164"}],"curies":[{"name":"wp","href":"https:\/\/api.w.org\/{rel}","templated":true}]}}