{"id":9352,"date":"2021-12-21T09:38:32","date_gmt":"2021-12-21T09:38:32","guid":{"rendered":"https:\/\/justseven.ro\/magazin\/?post_type=product&#038;p=9352"},"modified":"2025-10-22T12:40:31","modified_gmt":"2025-10-22T10:40:31","slug":"tamping-mat","status":"publish","type":"product","link":"https:\/\/justseven.ro\/magazin\/product\/tamping-mat\/","title":{"rendered":"Tamping Mat"},"content":{"rendered":"<p>Matul de tamping este un accesoriu esen\u021bial pentru orice barista. Acesta ofer\u0103 o suprafa\u021b\u0103 antiderapant\u0103 \u0219i protejeaz\u0103 at\u00e2t blatul de lucru, c\u00e2t \u0219i portafiltrul \u0219i tamperul de eventualele daune \u00een timpul procesului de tamping. Fabricat din materiale durabile \u0219i u\u0219or de cur\u0103\u021bat, matul de tamping este un ajutor de n\u0103dejde \u00een prepararea cafelei.<\/p>\n","protected":false},"excerpt":{"rendered":"<p>Matul de tamping este un accesoriu esen\u021bial pentru orice barista. Acesta ofer\u0103 o suprafa\u021b\u0103 antiderapant\u0103 \u0219i protejeaz\u0103 at\u00e2t blatul de<\/p>\n","protected":false},"featured_media":8499,"comment_status":"open","ping_status":"closed","template":"","meta":[],"product_brand":[],"product_cat":[399],"product_tag":[436],"class_list":{"0":"post-9352","1":"product","2":"type-product","3":"status-publish","4":"has-post-thumbnail","6":"product_cat-consumabile","7":"product_tag-accesorii-barista","8":"pa_brand-jstseven","10":"first","11":"instock","12":"taxable","13":"shipping-taxable","14":"product-type-simple"},"yoast_head":"<!-- This site is optimized with the Yoast SEO plugin v27.4 - https:\/\/yoast.com\/product\/yoast-seo-wordpress\/ -->\n<title>Tamping Mat - Just Seven<\/title>\n<meta name=\"robots\" content=\"index, follow, max-snippet:-1, max-image-preview:large, max-video-preview:-1\" \/>\n<link rel=\"canonical\" href=\"https:\/\/justseven.ro\/magazin\/product\/tamping-mat\/\" \/>\n<meta property=\"og:locale\" content=\"ro_RO\" \/>\n<meta property=\"og:type\" content=\"article\" \/>\n<meta property=\"og:title\" content=\"Tamping Mat - Just Seven\" \/>\n<meta property=\"og:description\" content=\"Matul de tamping este un accesoriu esen\u021bial pentru orice barista. Acesta ofer\u0103 o suprafa\u021b\u0103 antiderapant\u0103 \u0219i protejeaz\u0103 at\u00e2t blatul de\" \/>\n<meta property=\"og:url\" content=\"https:\/\/justseven.ro\/magazin\/product\/tamping-mat\/\" \/>\n<meta property=\"og:site_name\" content=\"Just Seven\" \/>\n<meta property=\"article:modified_time\" content=\"2025-10-22T10:40:31+00:00\" \/>\n<meta property=\"og:image\" content=\"https:\/\/justseven.ro\/magazin\/wp-content\/uploads\/2021\/12\/Tamping-mat.png\" \/>\n\t<meta property=\"og:image:width\" content=\"631\" \/>\n\t<meta property=\"og:image:height\" content=\"301\" \/>\n\t<meta property=\"og:image:type\" content=\"image\/png\" \/>\n<meta name=\"twitter:card\" content=\"summary_large_image\" \/>\n<script type=\"application\/ld+json\" class=\"yoast-schema-graph\">{\"@context\":\"https:\\\/\\\/schema.org\",\"@graph\":[{\"@type\":\"WebPage\",\"@id\":\"https:\\\/\\\/justseven.ro\\\/magazin\\\/product\\\/tamping-mat\\\/\",\"url\":\"https:\\\/\\\/justseven.ro\\\/magazin\\\/product\\\/tamping-mat\\\/\",\"name\":\"Tamping Mat - Just Seven\",\"isPartOf\":{\"@id\":\"https:\\\/\\\/justseven.ro\\\/magazin\\\/#website\"},\"primaryImageOfPage\":{\"@id\":\"https:\\\/\\\/justseven.ro\\\/magazin\\\/product\\\/tamping-mat\\\/#primaryimage\"},\"image\":{\"@id\":\"https:\\\/\\\/justseven.ro\\\/magazin\\\/product\\\/tamping-mat\\\/#primaryimage\"},\"thumbnailUrl\":\"https:\\\/\\\/justseven.ro\\\/magazin\\\/wp-content\\\/uploads\\\/2021\\\/12\\\/Tamping-mat.png\",\"datePublished\":\"2021-12-21T09:38:32+00:00\",\"dateModified\":\"2025-10-22T10:40:31+00:00\",\"breadcrumb\":{\"@id\":\"https:\\\/\\\/justseven.ro\\\/magazin\\\/product\\\/tamping-mat\\\/#breadcrumb\"},\"inLanguage\":\"ro-RO\",\"potentialAction\":[{\"@type\":\"ReadAction\",\"target\":[\"https:\\\/\\\/justseven.ro\\\/magazin\\\/product\\\/tamping-mat\\\/\"]}]},{\"@type\":\"ImageObject\",\"inLanguage\":\"ro-RO\",\"@id\":\"https:\\\/\\\/justseven.ro\\\/magazin\\\/product\\\/tamping-mat\\\/#primaryimage\",\"url\":\"https:\\\/\\\/justseven.ro\\\/magazin\\\/wp-content\\\/uploads\\\/2021\\\/12\\\/Tamping-mat.png\",\"contentUrl\":\"https:\\\/\\\/justseven.ro\\\/magazin\\\/wp-content\\\/uploads\\\/2021\\\/12\\\/Tamping-mat.png\",\"width\":631,\"height\":301,\"caption\":\"Tamping mat\"},{\"@type\":\"BreadcrumbList\",\"@id\":\"https:\\\/\\\/justseven.ro\\\/magazin\\\/product\\\/tamping-mat\\\/#breadcrumb\",\"itemListElement\":[{\"@type\":\"ListItem\",\"position\":1,\"name\":\"Home\",\"item\":\"https:\\\/\\\/justseven.ro\\\/magazin\\\/\"},{\"@type\":\"ListItem\",\"position\":2,\"name\":\"Shop\",\"item\":\"https:\\\/\\\/justseven.ro\\\/magazin\\\/shop\\\/\"},{\"@type\":\"ListItem\",\"position\":3,\"name\":\"Tamping Mat\"}]},{\"@type\":\"WebSite\",\"@id\":\"https:\\\/\\\/justseven.ro\\\/magazin\\\/#website\",\"url\":\"https:\\\/\\\/justseven.ro\\\/magazin\\\/\",\"name\":\"Just Seven\",\"description\":\"Magazin Online\",\"potentialAction\":[{\"@type\":\"SearchAction\",\"target\":{\"@type\":\"EntryPoint\",\"urlTemplate\":\"https:\\\/\\\/justseven.ro\\\/magazin\\\/?s={search_term_string}\"},\"query-input\":{\"@type\":\"PropertyValueSpecification\",\"valueRequired\":true,\"valueName\":\"search_term_string\"}}],\"inLanguage\":\"ro-RO\"}]}<\/script>\n<!-- \/ Yoast SEO plugin. -->","yoast_head_json":{"title":"Tamping Mat - Just Seven","robots":{"index":"index","follow":"follow","max-snippet":"max-snippet:-1","max-image-preview":"max-image-preview:large","max-video-preview":"max-video-preview:-1"},"canonical":"https:\/\/justseven.ro\/magazin\/product\/tamping-mat\/","og_locale":"ro_RO","og_type":"article","og_title":"Tamping Mat - Just Seven","og_description":"Matul de tamping este un accesoriu esen\u021bial pentru orice barista. Acesta ofer\u0103 o suprafa\u021b\u0103 antiderapant\u0103 \u0219i protejeaz\u0103 at\u00e2t blatul de","og_url":"https:\/\/justseven.ro\/magazin\/product\/tamping-mat\/","og_site_name":"Just Seven","article_modified_time":"2025-10-22T10:40:31+00:00","og_image":[{"width":631,"height":301,"url":"https:\/\/justseven.ro\/magazin\/wp-content\/uploads\/2021\/12\/Tamping-mat.png","type":"image\/png"}],"twitter_card":"summary_large_image","schema":{"@context":"https:\/\/schema.org","@graph":[{"@type":"WebPage","@id":"https:\/\/justseven.ro\/magazin\/product\/tamping-mat\/","url":"https:\/\/justseven.ro\/magazin\/product\/tamping-mat\/","name":"Tamping Mat - Just Seven","isPartOf":{"@id":"https:\/\/justseven.ro\/magazin\/#website"},"primaryImageOfPage":{"@id":"https:\/\/justseven.ro\/magazin\/product\/tamping-mat\/#primaryimage"},"image":{"@id":"https:\/\/justseven.ro\/magazin\/product\/tamping-mat\/#primaryimage"},"thumbnailUrl":"https:\/\/justseven.ro\/magazin\/wp-content\/uploads\/2021\/12\/Tamping-mat.png","datePublished":"2021-12-21T09:38:32+00:00","dateModified":"2025-10-22T10:40:31+00:00","breadcrumb":{"@id":"https:\/\/justseven.ro\/magazin\/product\/tamping-mat\/#breadcrumb"},"inLanguage":"ro-RO","potentialAction":[{"@type":"ReadAction","target":["https:\/\/justseven.ro\/magazin\/product\/tamping-mat\/"]}]},{"@type":"ImageObject","inLanguage":"ro-RO","@id":"https:\/\/justseven.ro\/magazin\/product\/tamping-mat\/#primaryimage","url":"https:\/\/justseven.ro\/magazin\/wp-content\/uploads\/2021\/12\/Tamping-mat.png","contentUrl":"https:\/\/justseven.ro\/magazin\/wp-content\/uploads\/2021\/12\/Tamping-mat.png","width":631,"height":301,"caption":"Tamping mat"},{"@type":"BreadcrumbList","@id":"https:\/\/justseven.ro\/magazin\/product\/tamping-mat\/#breadcrumb","itemListElement":[{"@type":"ListItem","position":1,"name":"Home","item":"https:\/\/justseven.ro\/magazin\/"},{"@type":"ListItem","position":2,"name":"Shop","item":"https:\/\/justseven.ro\/magazin\/shop\/"},{"@type":"ListItem","position":3,"name":"Tamping Mat"}]},{"@type":"WebSite","@id":"https:\/\/justseven.ro\/magazin\/#website","url":"https:\/\/justseven.ro\/magazin\/","name":"Just Seven","description":"Magazin Online","potentialAction":[{"@type":"SearchAction","target":{"@type":"EntryPoint","urlTemplate":"https:\/\/justseven.ro\/magazin\/?s={search_term_string}"},"query-input":{"@type":"PropertyValueSpecification","valueRequired":true,"valueName":"search_term_string"}}],"inLanguage":"ro-RO"}]}},"_links":{"self":[{"href":"https:\/\/justseven.ro\/magazin\/wp-json\/wp\/v2\/product\/9352","targetHints":{"allow":["GET"]}}],"collection":[{"href":"https:\/\/justseven.ro\/magazin\/wp-json\/wp\/v2\/product"}],"about":[{"href":"https:\/\/justseven.ro\/magazin\/wp-json\/wp\/v2\/types\/product"}],"replies":[{"embeddable":true,"href":"https:\/\/justseven.ro\/magazin\/wp-json\/wp\/v2\/comments?post=9352"}],"version-history":[{"count":3,"href":"https:\/\/justseven.ro\/magazin\/wp-json\/wp\/v2\/product\/9352\/revisions"}],"predecessor-version":[{"id":11075,"href":"https:\/\/justseven.ro\/magazin\/wp-json\/wp\/v2\/product\/9352\/revisions\/11075"}],"wp:featuredmedia":[{"embeddable":true,"href":"https:\/\/justseven.ro\/magazin\/wp-json\/wp\/v2\/media\/8499"}],"wp:attachment":[{"href":"https:\/\/justseven.ro\/magazin\/wp-json\/wp\/v2\/media?parent=9352"}],"wp:term":[{"taxonomy":"product_brand","embeddable":true,"href":"https:\/\/justseven.ro\/magazin\/wp-json\/wp\/v2\/product_brand?post=9352"},{"taxonomy":"product_cat","embeddable":true,"href":"https:\/\/justseven.ro\/magazin\/wp-json\/wp\/v2\/product_cat?post=9352"},{"taxonomy":"product_tag","embeddable":true,"href":"https:\/\/justseven.ro\/magazin\/wp-json\/wp\/v2\/product_tag?post=9352"}],"curies":[{"name":"wp","href":"https:\/\/api.w.org\/{rel}","templated":true}]}}