{"id":9356,"date":"2021-12-21T09:39:16","date_gmt":"2021-12-21T09:39:16","guid":{"rendered":"https:\/\/justseven.ro\/magazin\/?post_type=product&#038;p=9356"},"modified":"2025-10-22T12:40:31","modified_gmt":"2025-10-22T10:40:31","slug":"measuring-coffee-spoon","status":"publish","type":"product","link":"https:\/\/justseven.ro\/magazin\/product\/measuring-coffee-spoon\/","title":{"rendered":"Measuring Coffee Spoon"},"content":{"rendered":"<p>Lingura de m\u0103surare pentru cafea este un instrument simplu, dar indispensabil, pentru a m\u0103sura cantitatea exact\u0103 de cafea necesar\u0103 pentru fiecare cea\u0219c\u0103. Aceasta asigur\u0103 consisten\u021ba \u0219i precizia \u00een prepararea cafelei, fiind un accesoriu util at\u00e2t pentru barista profesioni\u0219ti, c\u00e2t \u0219i pentru amatorii de cafea acas\u0103.<\/p>\n","protected":false},"excerpt":{"rendered":"<p>Lingura de m\u0103surare pentru cafea este un instrument simplu, dar indispensabil, pentru a m\u0103sura cantitatea exact\u0103 de cafea necesar\u0103 pentru<\/p>\n","protected":false},"featured_media":11122,"comment_status":"open","ping_status":"closed","template":"","meta":[],"product_brand":[],"product_cat":[399],"product_tag":[436],"class_list":{"0":"post-9356","1":"product","2":"type-product","3":"status-publish","4":"has-post-thumbnail","6":"product_cat-consumabile","7":"product_tag-accesorii-barista","8":"pa_brand-jstseven","10":"first","11":"instock","12":"taxable","13":"shipping-taxable","14":"product-type-simple"},"yoast_head":"<!-- This site is optimized with the Yoast SEO plugin v27.5 - https:\/\/yoast.com\/product\/yoast-seo-wordpress\/ -->\n<title>Measuring Coffee Spoon - Just Seven<\/title>\n<meta name=\"robots\" content=\"index, follow, max-snippet:-1, max-image-preview:large, max-video-preview:-1\" \/>\n<link rel=\"canonical\" href=\"https:\/\/justseven.ro\/magazin\/product\/measuring-coffee-spoon\/\" \/>\n<meta property=\"og:locale\" content=\"ro_RO\" \/>\n<meta property=\"og:type\" content=\"article\" \/>\n<meta property=\"og:title\" content=\"Measuring Coffee Spoon - Just Seven\" \/>\n<meta property=\"og:description\" content=\"Lingura de m\u0103surare pentru cafea este un instrument simplu, dar indispensabil, pentru a m\u0103sura cantitatea exact\u0103 de cafea necesar\u0103 pentru\" \/>\n<meta property=\"og:url\" content=\"https:\/\/justseven.ro\/magazin\/product\/measuring-coffee-spoon\/\" \/>\n<meta property=\"og:site_name\" content=\"Just Seven\" \/>\n<meta property=\"article:modified_time\" content=\"2025-10-22T10:40:31+00:00\" \/>\n<meta property=\"og:image\" content=\"https:\/\/justseven.ro\/magazin\/wp-content\/uploads\/2021\/12\/Justseven-HORECA-SOLUTIONS-48pg-bleed.pdf-30.png\" \/>\n\t<meta property=\"og:image:width\" content=\"989\" \/>\n\t<meta property=\"og:image:height\" content=\"1265\" \/>\n\t<meta property=\"og:image:type\" content=\"image\/png\" \/>\n<meta name=\"twitter:card\" content=\"summary_large_image\" \/>\n<meta name=\"twitter:label1\" content=\"Timp estimat pentru citire\" \/>\n\t<meta name=\"twitter:data1\" content=\"1 minut\" \/>\n<script type=\"application\/ld+json\" class=\"yoast-schema-graph\">{\"@context\":\"https:\\\/\\\/schema.org\",\"@graph\":[{\"@type\":\"WebPage\",\"@id\":\"https:\\\/\\\/justseven.ro\\\/magazin\\\/product\\\/measuring-coffee-spoon\\\/\",\"url\":\"https:\\\/\\\/justseven.ro\\\/magazin\\\/product\\\/measuring-coffee-spoon\\\/\",\"name\":\"Measuring Coffee Spoon - Just Seven\",\"isPartOf\":{\"@id\":\"https:\\\/\\\/justseven.ro\\\/magazin\\\/#website\"},\"primaryImageOfPage\":{\"@id\":\"https:\\\/\\\/justseven.ro\\\/magazin\\\/product\\\/measuring-coffee-spoon\\\/#primaryimage\"},\"image\":{\"@id\":\"https:\\\/\\\/justseven.ro\\\/magazin\\\/product\\\/measuring-coffee-spoon\\\/#primaryimage\"},\"thumbnailUrl\":\"https:\\\/\\\/justseven.ro\\\/magazin\\\/wp-content\\\/uploads\\\/2021\\\/12\\\/Justseven-HORECA-SOLUTIONS-48pg-bleed.pdf-30.png\",\"datePublished\":\"2021-12-21T09:39:16+00:00\",\"dateModified\":\"2025-10-22T10:40:31+00:00\",\"breadcrumb\":{\"@id\":\"https:\\\/\\\/justseven.ro\\\/magazin\\\/product\\\/measuring-coffee-spoon\\\/#breadcrumb\"},\"inLanguage\":\"ro-RO\",\"potentialAction\":[{\"@type\":\"ReadAction\",\"target\":[\"https:\\\/\\\/justseven.ro\\\/magazin\\\/product\\\/measuring-coffee-spoon\\\/\"]}]},{\"@type\":\"ImageObject\",\"inLanguage\":\"ro-RO\",\"@id\":\"https:\\\/\\\/justseven.ro\\\/magazin\\\/product\\\/measuring-coffee-spoon\\\/#primaryimage\",\"url\":\"https:\\\/\\\/justseven.ro\\\/magazin\\\/wp-content\\\/uploads\\\/2021\\\/12\\\/Justseven-HORECA-SOLUTIONS-48pg-bleed.pdf-30.png\",\"contentUrl\":\"https:\\\/\\\/justseven.ro\\\/magazin\\\/wp-content\\\/uploads\\\/2021\\\/12\\\/Justseven-HORECA-SOLUTIONS-48pg-bleed.pdf-30.png\",\"width\":989,\"height\":1265},{\"@type\":\"BreadcrumbList\",\"@id\":\"https:\\\/\\\/justseven.ro\\\/magazin\\\/product\\\/measuring-coffee-spoon\\\/#breadcrumb\",\"itemListElement\":[{\"@type\":\"ListItem\",\"position\":1,\"name\":\"Home\",\"item\":\"https:\\\/\\\/justseven.ro\\\/magazin\\\/\"},{\"@type\":\"ListItem\",\"position\":2,\"name\":\"Shop\",\"item\":\"https:\\\/\\\/justseven.ro\\\/magazin\\\/shop\\\/\"},{\"@type\":\"ListItem\",\"position\":3,\"name\":\"Measuring Coffee Spoon\"}]},{\"@type\":\"WebSite\",\"@id\":\"https:\\\/\\\/justseven.ro\\\/magazin\\\/#website\",\"url\":\"https:\\\/\\\/justseven.ro\\\/magazin\\\/\",\"name\":\"Just Seven\",\"description\":\"Magazin Online\",\"potentialAction\":[{\"@type\":\"SearchAction\",\"target\":{\"@type\":\"EntryPoint\",\"urlTemplate\":\"https:\\\/\\\/justseven.ro\\\/magazin\\\/?s={search_term_string}\"},\"query-input\":{\"@type\":\"PropertyValueSpecification\",\"valueRequired\":true,\"valueName\":\"search_term_string\"}}],\"inLanguage\":\"ro-RO\"}]}<\/script>\n<!-- \/ Yoast SEO plugin. -->","yoast_head_json":{"title":"Measuring Coffee Spoon - Just Seven","robots":{"index":"index","follow":"follow","max-snippet":"max-snippet:-1","max-image-preview":"max-image-preview:large","max-video-preview":"max-video-preview:-1"},"canonical":"https:\/\/justseven.ro\/magazin\/product\/measuring-coffee-spoon\/","og_locale":"ro_RO","og_type":"article","og_title":"Measuring Coffee Spoon - Just Seven","og_description":"Lingura de m\u0103surare pentru cafea este un instrument simplu, dar indispensabil, pentru a m\u0103sura cantitatea exact\u0103 de cafea necesar\u0103 pentru","og_url":"https:\/\/justseven.ro\/magazin\/product\/measuring-coffee-spoon\/","og_site_name":"Just Seven","article_modified_time":"2025-10-22T10:40:31+00:00","og_image":[{"width":989,"height":1265,"url":"https:\/\/justseven.ro\/magazin\/wp-content\/uploads\/2021\/12\/Justseven-HORECA-SOLUTIONS-48pg-bleed.pdf-30.png","type":"image\/png"}],"twitter_card":"summary_large_image","twitter_misc":{"Timp estimat pentru citire":"1 minut"},"schema":{"@context":"https:\/\/schema.org","@graph":[{"@type":"WebPage","@id":"https:\/\/justseven.ro\/magazin\/product\/measuring-coffee-spoon\/","url":"https:\/\/justseven.ro\/magazin\/product\/measuring-coffee-spoon\/","name":"Measuring Coffee Spoon - Just Seven","isPartOf":{"@id":"https:\/\/justseven.ro\/magazin\/#website"},"primaryImageOfPage":{"@id":"https:\/\/justseven.ro\/magazin\/product\/measuring-coffee-spoon\/#primaryimage"},"image":{"@id":"https:\/\/justseven.ro\/magazin\/product\/measuring-coffee-spoon\/#primaryimage"},"thumbnailUrl":"https:\/\/justseven.ro\/magazin\/wp-content\/uploads\/2021\/12\/Justseven-HORECA-SOLUTIONS-48pg-bleed.pdf-30.png","datePublished":"2021-12-21T09:39:16+00:00","dateModified":"2025-10-22T10:40:31+00:00","breadcrumb":{"@id":"https:\/\/justseven.ro\/magazin\/product\/measuring-coffee-spoon\/#breadcrumb"},"inLanguage":"ro-RO","potentialAction":[{"@type":"ReadAction","target":["https:\/\/justseven.ro\/magazin\/product\/measuring-coffee-spoon\/"]}]},{"@type":"ImageObject","inLanguage":"ro-RO","@id":"https:\/\/justseven.ro\/magazin\/product\/measuring-coffee-spoon\/#primaryimage","url":"https:\/\/justseven.ro\/magazin\/wp-content\/uploads\/2021\/12\/Justseven-HORECA-SOLUTIONS-48pg-bleed.pdf-30.png","contentUrl":"https:\/\/justseven.ro\/magazin\/wp-content\/uploads\/2021\/12\/Justseven-HORECA-SOLUTIONS-48pg-bleed.pdf-30.png","width":989,"height":1265},{"@type":"BreadcrumbList","@id":"https:\/\/justseven.ro\/magazin\/product\/measuring-coffee-spoon\/#breadcrumb","itemListElement":[{"@type":"ListItem","position":1,"name":"Home","item":"https:\/\/justseven.ro\/magazin\/"},{"@type":"ListItem","position":2,"name":"Shop","item":"https:\/\/justseven.ro\/magazin\/shop\/"},{"@type":"ListItem","position":3,"name":"Measuring Coffee Spoon"}]},{"@type":"WebSite","@id":"https:\/\/justseven.ro\/magazin\/#website","url":"https:\/\/justseven.ro\/magazin\/","name":"Just Seven","description":"Magazin Online","potentialAction":[{"@type":"SearchAction","target":{"@type":"EntryPoint","urlTemplate":"https:\/\/justseven.ro\/magazin\/?s={search_term_string}"},"query-input":{"@type":"PropertyValueSpecification","valueRequired":true,"valueName":"search_term_string"}}],"inLanguage":"ro-RO"}]}},"_links":{"self":[{"href":"https:\/\/justseven.ro\/magazin\/wp-json\/wp\/v2\/product\/9356","targetHints":{"allow":["GET"]}}],"collection":[{"href":"https:\/\/justseven.ro\/magazin\/wp-json\/wp\/v2\/product"}],"about":[{"href":"https:\/\/justseven.ro\/magazin\/wp-json\/wp\/v2\/types\/product"}],"replies":[{"embeddable":true,"href":"https:\/\/justseven.ro\/magazin\/wp-json\/wp\/v2\/comments?post=9356"}],"version-history":[{"count":3,"href":"https:\/\/justseven.ro\/magazin\/wp-json\/wp\/v2\/product\/9356\/revisions"}],"predecessor-version":[{"id":11076,"href":"https:\/\/justseven.ro\/magazin\/wp-json\/wp\/v2\/product\/9356\/revisions\/11076"}],"wp:featuredmedia":[{"embeddable":true,"href":"https:\/\/justseven.ro\/magazin\/wp-json\/wp\/v2\/media\/11122"}],"wp:attachment":[{"href":"https:\/\/justseven.ro\/magazin\/wp-json\/wp\/v2\/media?parent=9356"}],"wp:term":[{"taxonomy":"product_brand","embeddable":true,"href":"https:\/\/justseven.ro\/magazin\/wp-json\/wp\/v2\/product_brand?post=9356"},{"taxonomy":"product_cat","embeddable":true,"href":"https:\/\/justseven.ro\/magazin\/wp-json\/wp\/v2\/product_cat?post=9356"},{"taxonomy":"product_tag","embeddable":true,"href":"https:\/\/justseven.ro\/magazin\/wp-json\/wp\/v2\/product_tag?post=9356"}],"curies":[{"name":"wp","href":"https:\/\/api.w.org\/{rel}","templated":true}]}}