{"id":9688,"date":"2023-05-11T10:49:55","date_gmt":"2023-05-11T10:49:55","guid":{"rendered":"https:\/\/justseven.ro\/magazin\/product\/nespresso-capsules-generatione-i\/"},"modified":"2025-10-22T12:40:32","modified_gmt":"2025-10-22T10:40:32","slug":"nespresso-capsules-generatione-i","status":"publish","type":"product","link":"https:\/\/justseven.ro\/magazin\/product\/nespresso-capsules-generatione-i\/","title":{"rendered":"Nespresso Capsules Generatione I"},"content":{"rendered":"<p>Capsula de cafea compatibil\u0103 \u201eI Generazione\u201d Nespresso\u00ae, are un gust viguros, plin, cu o crem\u0103 abundent\u0103, consistent\u0103.<\/p>\n<p>M\u0103cinarea special\u0103 produce un espresso intens, corpos, moale, rotunjit, cu un gust plin de via\u021b\u0103, de lung\u0103 durat\u0103.<\/p>\n<p>Pachetul este format din 100 de capsule de cafea compatibile cu Nespresso\u00ae, potrivite pentru toate ma\u0219inile de cafea care utilizeaz\u0103 capsule dure uniforme de aceea\u0219i dimensiune.<\/p>\n","protected":false},"excerpt":{"rendered":"<p>O cutie con\u021bine 10 capsule<\/p>\n<p>Produc\u0103tor: Caffe Barbera<\/p>\n","protected":false},"featured_media":9690,"comment_status":"closed","ping_status":"closed","template":"","meta":[],"product_brand":[],"product_cat":[376],"product_tag":[430],"class_list":{"0":"post-9688","1":"product","2":"type-product","3":"status-publish","4":"has-post-thumbnail","6":"product_cat-cafea","7":"product_tag-horeca","8":"pa_brand-b-caffe-dal-1870","10":"first","11":"instock","12":"taxable","13":"shipping-taxable","14":"purchasable","15":"product-type-simple"},"yoast_head":"<!-- This site is optimized with the Yoast SEO plugin v27.4 - https:\/\/yoast.com\/product\/yoast-seo-wordpress\/ -->\n<title>Nespresso Capsules Generatione I - Just Seven<\/title>\n<meta name=\"robots\" content=\"index, follow, max-snippet:-1, max-image-preview:large, max-video-preview:-1\" \/>\n<link rel=\"canonical\" href=\"https:\/\/justseven.ro\/magazin\/product\/nespresso-capsules-generatione-i\/\" \/>\n<meta property=\"og:locale\" content=\"ro_RO\" \/>\n<meta property=\"og:type\" content=\"article\" \/>\n<meta property=\"og:title\" content=\"Nespresso Capsules Generatione I - Just Seven\" \/>\n<meta property=\"og:description\" content=\"O cutie con\u021bine 10 capsule  Produc\u0103tor: Caffe Barbera\" \/>\n<meta property=\"og:url\" content=\"https:\/\/justseven.ro\/magazin\/product\/nespresso-capsules-generatione-i\/\" \/>\n<meta property=\"og:site_name\" content=\"Just Seven\" \/>\n<meta property=\"article:modified_time\" content=\"2025-10-22T10:40:32+00:00\" \/>\n<meta property=\"og:image\" content=\"https:\/\/justseven.ro\/magazin\/wp-content\/uploads\/2023\/05\/i-generazione-espresso-ristretto-intenso-3.png\" \/>\n\t<meta property=\"og:image:width\" content=\"800\" \/>\n\t<meta property=\"og:image:height\" content=\"650\" \/>\n\t<meta property=\"og:image:type\" content=\"image\/png\" \/>\n<meta name=\"twitter:card\" content=\"summary_large_image\" \/>\n<meta name=\"twitter:label1\" content=\"Timp estimat pentru citire\" \/>\n\t<meta name=\"twitter:data1\" content=\"1 minut\" \/>\n<script type=\"application\/ld+json\" class=\"yoast-schema-graph\">{\"@context\":\"https:\\\/\\\/schema.org\",\"@graph\":[{\"@type\":\"WebPage\",\"@id\":\"https:\\\/\\\/justseven.ro\\\/magazin\\\/product\\\/nespresso-capsules-generatione-i\\\/\",\"url\":\"https:\\\/\\\/justseven.ro\\\/magazin\\\/product\\\/nespresso-capsules-generatione-i\\\/\",\"name\":\"Nespresso Capsules Generatione I - Just Seven\",\"isPartOf\":{\"@id\":\"https:\\\/\\\/justseven.ro\\\/magazin\\\/#website\"},\"primaryImageOfPage\":{\"@id\":\"https:\\\/\\\/justseven.ro\\\/magazin\\\/product\\\/nespresso-capsules-generatione-i\\\/#primaryimage\"},\"image\":{\"@id\":\"https:\\\/\\\/justseven.ro\\\/magazin\\\/product\\\/nespresso-capsules-generatione-i\\\/#primaryimage\"},\"thumbnailUrl\":\"https:\\\/\\\/justseven.ro\\\/magazin\\\/wp-content\\\/uploads\\\/2023\\\/05\\\/i-generazione-espresso-ristretto-intenso-3.png\",\"datePublished\":\"2023-05-11T10:49:55+00:00\",\"dateModified\":\"2025-10-22T10:40:32+00:00\",\"breadcrumb\":{\"@id\":\"https:\\\/\\\/justseven.ro\\\/magazin\\\/product\\\/nespresso-capsules-generatione-i\\\/#breadcrumb\"},\"inLanguage\":\"ro-RO\",\"potentialAction\":[{\"@type\":\"ReadAction\",\"target\":[\"https:\\\/\\\/justseven.ro\\\/magazin\\\/product\\\/nespresso-capsules-generatione-i\\\/\"]}]},{\"@type\":\"ImageObject\",\"inLanguage\":\"ro-RO\",\"@id\":\"https:\\\/\\\/justseven.ro\\\/magazin\\\/product\\\/nespresso-capsules-generatione-i\\\/#primaryimage\",\"url\":\"https:\\\/\\\/justseven.ro\\\/magazin\\\/wp-content\\\/uploads\\\/2023\\\/05\\\/i-generazione-espresso-ristretto-intenso-3.png\",\"contentUrl\":\"https:\\\/\\\/justseven.ro\\\/magazin\\\/wp-content\\\/uploads\\\/2023\\\/05\\\/i-generazione-espresso-ristretto-intenso-3.png\",\"width\":800,\"height\":650,\"caption\":\"Nespresso Capsules Generatione I\"},{\"@type\":\"BreadcrumbList\",\"@id\":\"https:\\\/\\\/justseven.ro\\\/magazin\\\/product\\\/nespresso-capsules-generatione-i\\\/#breadcrumb\",\"itemListElement\":[{\"@type\":\"ListItem\",\"position\":1,\"name\":\"Home\",\"item\":\"https:\\\/\\\/justseven.ro\\\/magazin\\\/\"},{\"@type\":\"ListItem\",\"position\":2,\"name\":\"Shop\",\"item\":\"https:\\\/\\\/justseven.ro\\\/magazin\\\/shop\\\/\"},{\"@type\":\"ListItem\",\"position\":3,\"name\":\"Nespresso Capsules Generatione I\"}]},{\"@type\":\"WebSite\",\"@id\":\"https:\\\/\\\/justseven.ro\\\/magazin\\\/#website\",\"url\":\"https:\\\/\\\/justseven.ro\\\/magazin\\\/\",\"name\":\"Just Seven\",\"description\":\"Magazin Online\",\"potentialAction\":[{\"@type\":\"SearchAction\",\"target\":{\"@type\":\"EntryPoint\",\"urlTemplate\":\"https:\\\/\\\/justseven.ro\\\/magazin\\\/?s={search_term_string}\"},\"query-input\":{\"@type\":\"PropertyValueSpecification\",\"valueRequired\":true,\"valueName\":\"search_term_string\"}}],\"inLanguage\":\"ro-RO\"}]}<\/script>\n<!-- \/ Yoast SEO plugin. -->","yoast_head_json":{"title":"Nespresso Capsules Generatione I - Just Seven","robots":{"index":"index","follow":"follow","max-snippet":"max-snippet:-1","max-image-preview":"max-image-preview:large","max-video-preview":"max-video-preview:-1"},"canonical":"https:\/\/justseven.ro\/magazin\/product\/nespresso-capsules-generatione-i\/","og_locale":"ro_RO","og_type":"article","og_title":"Nespresso Capsules Generatione I - Just Seven","og_description":"O cutie con\u021bine 10 capsule  Produc\u0103tor: Caffe Barbera","og_url":"https:\/\/justseven.ro\/magazin\/product\/nespresso-capsules-generatione-i\/","og_site_name":"Just Seven","article_modified_time":"2025-10-22T10:40:32+00:00","og_image":[{"width":800,"height":650,"url":"https:\/\/justseven.ro\/magazin\/wp-content\/uploads\/2023\/05\/i-generazione-espresso-ristretto-intenso-3.png","type":"image\/png"}],"twitter_card":"summary_large_image","twitter_misc":{"Timp estimat pentru citire":"1 minut"},"schema":{"@context":"https:\/\/schema.org","@graph":[{"@type":"WebPage","@id":"https:\/\/justseven.ro\/magazin\/product\/nespresso-capsules-generatione-i\/","url":"https:\/\/justseven.ro\/magazin\/product\/nespresso-capsules-generatione-i\/","name":"Nespresso Capsules Generatione I - Just Seven","isPartOf":{"@id":"https:\/\/justseven.ro\/magazin\/#website"},"primaryImageOfPage":{"@id":"https:\/\/justseven.ro\/magazin\/product\/nespresso-capsules-generatione-i\/#primaryimage"},"image":{"@id":"https:\/\/justseven.ro\/magazin\/product\/nespresso-capsules-generatione-i\/#primaryimage"},"thumbnailUrl":"https:\/\/justseven.ro\/magazin\/wp-content\/uploads\/2023\/05\/i-generazione-espresso-ristretto-intenso-3.png","datePublished":"2023-05-11T10:49:55+00:00","dateModified":"2025-10-22T10:40:32+00:00","breadcrumb":{"@id":"https:\/\/justseven.ro\/magazin\/product\/nespresso-capsules-generatione-i\/#breadcrumb"},"inLanguage":"ro-RO","potentialAction":[{"@type":"ReadAction","target":["https:\/\/justseven.ro\/magazin\/product\/nespresso-capsules-generatione-i\/"]}]},{"@type":"ImageObject","inLanguage":"ro-RO","@id":"https:\/\/justseven.ro\/magazin\/product\/nespresso-capsules-generatione-i\/#primaryimage","url":"https:\/\/justseven.ro\/magazin\/wp-content\/uploads\/2023\/05\/i-generazione-espresso-ristretto-intenso-3.png","contentUrl":"https:\/\/justseven.ro\/magazin\/wp-content\/uploads\/2023\/05\/i-generazione-espresso-ristretto-intenso-3.png","width":800,"height":650,"caption":"Nespresso Capsules Generatione I"},{"@type":"BreadcrumbList","@id":"https:\/\/justseven.ro\/magazin\/product\/nespresso-capsules-generatione-i\/#breadcrumb","itemListElement":[{"@type":"ListItem","position":1,"name":"Home","item":"https:\/\/justseven.ro\/magazin\/"},{"@type":"ListItem","position":2,"name":"Shop","item":"https:\/\/justseven.ro\/magazin\/shop\/"},{"@type":"ListItem","position":3,"name":"Nespresso Capsules Generatione I"}]},{"@type":"WebSite","@id":"https:\/\/justseven.ro\/magazin\/#website","url":"https:\/\/justseven.ro\/magazin\/","name":"Just Seven","description":"Magazin Online","potentialAction":[{"@type":"SearchAction","target":{"@type":"EntryPoint","urlTemplate":"https:\/\/justseven.ro\/magazin\/?s={search_term_string}"},"query-input":{"@type":"PropertyValueSpecification","valueRequired":true,"valueName":"search_term_string"}}],"inLanguage":"ro-RO"}]}},"_links":{"self":[{"href":"https:\/\/justseven.ro\/magazin\/wp-json\/wp\/v2\/product\/9688","targetHints":{"allow":["GET"]}}],"collection":[{"href":"https:\/\/justseven.ro\/magazin\/wp-json\/wp\/v2\/product"}],"about":[{"href":"https:\/\/justseven.ro\/magazin\/wp-json\/wp\/v2\/types\/product"}],"replies":[{"embeddable":true,"href":"https:\/\/justseven.ro\/magazin\/wp-json\/wp\/v2\/comments?post=9688"}],"version-history":[{"count":4,"href":"https:\/\/justseven.ro\/magazin\/wp-json\/wp\/v2\/product\/9688\/revisions"}],"predecessor-version":[{"id":11604,"href":"https:\/\/justseven.ro\/magazin\/wp-json\/wp\/v2\/product\/9688\/revisions\/11604"}],"wp:featuredmedia":[{"embeddable":true,"href":"https:\/\/justseven.ro\/magazin\/wp-json\/wp\/v2\/media\/9690"}],"wp:attachment":[{"href":"https:\/\/justseven.ro\/magazin\/wp-json\/wp\/v2\/media?parent=9688"}],"wp:term":[{"taxonomy":"product_brand","embeddable":true,"href":"https:\/\/justseven.ro\/magazin\/wp-json\/wp\/v2\/product_brand?post=9688"},{"taxonomy":"product_cat","embeddable":true,"href":"https:\/\/justseven.ro\/magazin\/wp-json\/wp\/v2\/product_cat?post=9688"},{"taxonomy":"product_tag","embeddable":true,"href":"https:\/\/justseven.ro\/magazin\/wp-json\/wp\/v2\/product_tag?post=9688"}],"curies":[{"name":"wp","href":"https:\/\/api.w.org\/{rel}","templated":true}]}}