{"id":9697,"date":"2023-05-11T10:49:55","date_gmt":"2023-05-11T10:49:55","guid":{"rendered":"https:\/\/justseven.ro\/magazin\/product\/ground-coffee-generatione-i\/"},"modified":"2025-10-22T12:40:33","modified_gmt":"2025-10-22T10:40:33","slug":"ground-coffee-generatione-i","status":"publish","type":"product","link":"https:\/\/justseven.ro\/magazin\/product\/ground-coffee-generatione-i\/","title":{"rendered":"Ground Coffee Generatione I"},"content":{"rendered":"<p>I Generazione se caracterizeaz\u0103 prin m\u0103cinarea special\u0103, potrivit\u0103 pentru aparatele de cafea espresso de acas\u0103. Principalele arome care fac blendul Barbera I Generazione unic sunt notele sale de cereale, migdale \u0219i ciocolat\u0103. Cafeaua este dulce \u0219i bine echilibrat\u0103. Metoda special\u0103, tradi\u021bional\u0103 de pr\u0103jire lent\u0103 a acestui amestec permite ob\u021binerea unui espresso deosebit de intens, cu corp \u0219i cu o aciditate redus\u0103. Crema este abundent\u0103 \u0219i consistent\u0103,<\/p>\n","protected":false},"excerpt":{"rendered":"<p>Produc\u0103tor: Caffe Barbera<\/p>\n","protected":false},"featured_media":9699,"comment_status":"closed","ping_status":"closed","template":"","meta":[],"product_brand":[],"product_cat":[376],"product_tag":[430],"class_list":{"0":"post-9697","1":"product","2":"type-product","3":"status-publish","4":"has-post-thumbnail","6":"product_cat-cafea","7":"product_tag-horeca","8":"pa_brand-b-caffe-dal-1870","10":"first","11":"instock","12":"taxable","13":"shipping-taxable","14":"purchasable","15":"product-type-simple"},"yoast_head":"<!-- This site is optimized with the Yoast SEO plugin v27.4 - https:\/\/yoast.com\/product\/yoast-seo-wordpress\/ -->\n<title>Ground Coffee Generatione I - Just Seven<\/title>\n<meta name=\"robots\" content=\"index, follow, max-snippet:-1, max-image-preview:large, max-video-preview:-1\" \/>\n<link rel=\"canonical\" href=\"https:\/\/justseven.ro\/magazin\/product\/ground-coffee-generatione-i\/\" \/>\n<meta property=\"og:locale\" content=\"ro_RO\" \/>\n<meta property=\"og:type\" content=\"article\" \/>\n<meta property=\"og:title\" content=\"Ground Coffee Generatione I - Just Seven\" \/>\n<meta property=\"og:description\" content=\"Produc\u0103tor: Caffe Barbera\" \/>\n<meta property=\"og:url\" content=\"https:\/\/justseven.ro\/magazin\/product\/ground-coffee-generatione-i\/\" \/>\n<meta property=\"og:site_name\" content=\"Just Seven\" \/>\n<meta property=\"article:modified_time\" content=\"2025-10-22T10:40:33+00:00\" \/>\n<meta property=\"og:image\" content=\"https:\/\/justseven.ro\/magazin\/wp-content\/uploads\/2023\/05\/i-generazione-espresso-ristretto-intenso-1.png\" \/>\n\t<meta property=\"og:image:width\" content=\"800\" \/>\n\t<meta property=\"og:image:height\" content=\"650\" \/>\n\t<meta property=\"og:image:type\" content=\"image\/png\" \/>\n<meta name=\"twitter:card\" content=\"summary_large_image\" \/>\n<meta name=\"twitter:label1\" content=\"Timp estimat pentru citire\" \/>\n\t<meta name=\"twitter:data1\" content=\"1 minut\" \/>\n<script type=\"application\/ld+json\" class=\"yoast-schema-graph\">{\"@context\":\"https:\\\/\\\/schema.org\",\"@graph\":[{\"@type\":\"WebPage\",\"@id\":\"https:\\\/\\\/justseven.ro\\\/magazin\\\/product\\\/ground-coffee-generatione-i\\\/\",\"url\":\"https:\\\/\\\/justseven.ro\\\/magazin\\\/product\\\/ground-coffee-generatione-i\\\/\",\"name\":\"Ground Coffee Generatione I - Just Seven\",\"isPartOf\":{\"@id\":\"https:\\\/\\\/justseven.ro\\\/magazin\\\/#website\"},\"primaryImageOfPage\":{\"@id\":\"https:\\\/\\\/justseven.ro\\\/magazin\\\/product\\\/ground-coffee-generatione-i\\\/#primaryimage\"},\"image\":{\"@id\":\"https:\\\/\\\/justseven.ro\\\/magazin\\\/product\\\/ground-coffee-generatione-i\\\/#primaryimage\"},\"thumbnailUrl\":\"https:\\\/\\\/justseven.ro\\\/magazin\\\/wp-content\\\/uploads\\\/2023\\\/05\\\/i-generazione-espresso-ristretto-intenso-1.png\",\"datePublished\":\"2023-05-11T10:49:55+00:00\",\"dateModified\":\"2025-10-22T10:40:33+00:00\",\"breadcrumb\":{\"@id\":\"https:\\\/\\\/justseven.ro\\\/magazin\\\/product\\\/ground-coffee-generatione-i\\\/#breadcrumb\"},\"inLanguage\":\"ro-RO\",\"potentialAction\":[{\"@type\":\"ReadAction\",\"target\":[\"https:\\\/\\\/justseven.ro\\\/magazin\\\/product\\\/ground-coffee-generatione-i\\\/\"]}]},{\"@type\":\"ImageObject\",\"inLanguage\":\"ro-RO\",\"@id\":\"https:\\\/\\\/justseven.ro\\\/magazin\\\/product\\\/ground-coffee-generatione-i\\\/#primaryimage\",\"url\":\"https:\\\/\\\/justseven.ro\\\/magazin\\\/wp-content\\\/uploads\\\/2023\\\/05\\\/i-generazione-espresso-ristretto-intenso-1.png\",\"contentUrl\":\"https:\\\/\\\/justseven.ro\\\/magazin\\\/wp-content\\\/uploads\\\/2023\\\/05\\\/i-generazione-espresso-ristretto-intenso-1.png\",\"width\":800,\"height\":650,\"caption\":\"Ground Coffee Generatione I\"},{\"@type\":\"BreadcrumbList\",\"@id\":\"https:\\\/\\\/justseven.ro\\\/magazin\\\/product\\\/ground-coffee-generatione-i\\\/#breadcrumb\",\"itemListElement\":[{\"@type\":\"ListItem\",\"position\":1,\"name\":\"Home\",\"item\":\"https:\\\/\\\/justseven.ro\\\/magazin\\\/\"},{\"@type\":\"ListItem\",\"position\":2,\"name\":\"Shop\",\"item\":\"https:\\\/\\\/justseven.ro\\\/magazin\\\/shop\\\/\"},{\"@type\":\"ListItem\",\"position\":3,\"name\":\"Ground Coffee Generatione I\"}]},{\"@type\":\"WebSite\",\"@id\":\"https:\\\/\\\/justseven.ro\\\/magazin\\\/#website\",\"url\":\"https:\\\/\\\/justseven.ro\\\/magazin\\\/\",\"name\":\"Just Seven\",\"description\":\"Magazin Online\",\"potentialAction\":[{\"@type\":\"SearchAction\",\"target\":{\"@type\":\"EntryPoint\",\"urlTemplate\":\"https:\\\/\\\/justseven.ro\\\/magazin\\\/?s={search_term_string}\"},\"query-input\":{\"@type\":\"PropertyValueSpecification\",\"valueRequired\":true,\"valueName\":\"search_term_string\"}}],\"inLanguage\":\"ro-RO\"}]}<\/script>\n<!-- \/ Yoast SEO plugin. -->","yoast_head_json":{"title":"Ground Coffee Generatione I - Just Seven","robots":{"index":"index","follow":"follow","max-snippet":"max-snippet:-1","max-image-preview":"max-image-preview:large","max-video-preview":"max-video-preview:-1"},"canonical":"https:\/\/justseven.ro\/magazin\/product\/ground-coffee-generatione-i\/","og_locale":"ro_RO","og_type":"article","og_title":"Ground Coffee Generatione I - Just Seven","og_description":"Produc\u0103tor: Caffe Barbera","og_url":"https:\/\/justseven.ro\/magazin\/product\/ground-coffee-generatione-i\/","og_site_name":"Just Seven","article_modified_time":"2025-10-22T10:40:33+00:00","og_image":[{"width":800,"height":650,"url":"https:\/\/justseven.ro\/magazin\/wp-content\/uploads\/2023\/05\/i-generazione-espresso-ristretto-intenso-1.png","type":"image\/png"}],"twitter_card":"summary_large_image","twitter_misc":{"Timp estimat pentru citire":"1 minut"},"schema":{"@context":"https:\/\/schema.org","@graph":[{"@type":"WebPage","@id":"https:\/\/justseven.ro\/magazin\/product\/ground-coffee-generatione-i\/","url":"https:\/\/justseven.ro\/magazin\/product\/ground-coffee-generatione-i\/","name":"Ground Coffee Generatione I - Just Seven","isPartOf":{"@id":"https:\/\/justseven.ro\/magazin\/#website"},"primaryImageOfPage":{"@id":"https:\/\/justseven.ro\/magazin\/product\/ground-coffee-generatione-i\/#primaryimage"},"image":{"@id":"https:\/\/justseven.ro\/magazin\/product\/ground-coffee-generatione-i\/#primaryimage"},"thumbnailUrl":"https:\/\/justseven.ro\/magazin\/wp-content\/uploads\/2023\/05\/i-generazione-espresso-ristretto-intenso-1.png","datePublished":"2023-05-11T10:49:55+00:00","dateModified":"2025-10-22T10:40:33+00:00","breadcrumb":{"@id":"https:\/\/justseven.ro\/magazin\/product\/ground-coffee-generatione-i\/#breadcrumb"},"inLanguage":"ro-RO","potentialAction":[{"@type":"ReadAction","target":["https:\/\/justseven.ro\/magazin\/product\/ground-coffee-generatione-i\/"]}]},{"@type":"ImageObject","inLanguage":"ro-RO","@id":"https:\/\/justseven.ro\/magazin\/product\/ground-coffee-generatione-i\/#primaryimage","url":"https:\/\/justseven.ro\/magazin\/wp-content\/uploads\/2023\/05\/i-generazione-espresso-ristretto-intenso-1.png","contentUrl":"https:\/\/justseven.ro\/magazin\/wp-content\/uploads\/2023\/05\/i-generazione-espresso-ristretto-intenso-1.png","width":800,"height":650,"caption":"Ground Coffee Generatione I"},{"@type":"BreadcrumbList","@id":"https:\/\/justseven.ro\/magazin\/product\/ground-coffee-generatione-i\/#breadcrumb","itemListElement":[{"@type":"ListItem","position":1,"name":"Home","item":"https:\/\/justseven.ro\/magazin\/"},{"@type":"ListItem","position":2,"name":"Shop","item":"https:\/\/justseven.ro\/magazin\/shop\/"},{"@type":"ListItem","position":3,"name":"Ground Coffee Generatione I"}]},{"@type":"WebSite","@id":"https:\/\/justseven.ro\/magazin\/#website","url":"https:\/\/justseven.ro\/magazin\/","name":"Just Seven","description":"Magazin Online","potentialAction":[{"@type":"SearchAction","target":{"@type":"EntryPoint","urlTemplate":"https:\/\/justseven.ro\/magazin\/?s={search_term_string}"},"query-input":{"@type":"PropertyValueSpecification","valueRequired":true,"valueName":"search_term_string"}}],"inLanguage":"ro-RO"}]}},"_links":{"self":[{"href":"https:\/\/justseven.ro\/magazin\/wp-json\/wp\/v2\/product\/9697","targetHints":{"allow":["GET"]}}],"collection":[{"href":"https:\/\/justseven.ro\/magazin\/wp-json\/wp\/v2\/product"}],"about":[{"href":"https:\/\/justseven.ro\/magazin\/wp-json\/wp\/v2\/types\/product"}],"replies":[{"embeddable":true,"href":"https:\/\/justseven.ro\/magazin\/wp-json\/wp\/v2\/comments?post=9697"}],"version-history":[{"count":3,"href":"https:\/\/justseven.ro\/magazin\/wp-json\/wp\/v2\/product\/9697\/revisions"}],"predecessor-version":[{"id":11607,"href":"https:\/\/justseven.ro\/magazin\/wp-json\/wp\/v2\/product\/9697\/revisions\/11607"}],"wp:featuredmedia":[{"embeddable":true,"href":"https:\/\/justseven.ro\/magazin\/wp-json\/wp\/v2\/media\/9699"}],"wp:attachment":[{"href":"https:\/\/justseven.ro\/magazin\/wp-json\/wp\/v2\/media?parent=9697"}],"wp:term":[{"taxonomy":"product_brand","embeddable":true,"href":"https:\/\/justseven.ro\/magazin\/wp-json\/wp\/v2\/product_brand?post=9697"},{"taxonomy":"product_cat","embeddable":true,"href":"https:\/\/justseven.ro\/magazin\/wp-json\/wp\/v2\/product_cat?post=9697"},{"taxonomy":"product_tag","embeddable":true,"href":"https:\/\/justseven.ro\/magazin\/wp-json\/wp\/v2\/product_tag?post=9697"}],"curies":[{"name":"wp","href":"https:\/\/api.w.org\/{rel}","templated":true}]}}