{"id":9703,"date":"2023-05-11T10:49:55","date_gmt":"2023-05-11T10:49:55","guid":{"rendered":"https:\/\/justseven.ro\/magazin\/product\/ground-coffee-generatione-vi\/"},"modified":"2025-10-22T12:40:33","modified_gmt":"2025-10-22T10:40:33","slug":"ground-coffee-generatione-vi","status":"publish","type":"product","link":"https:\/\/justseven.ro\/magazin\/product\/ground-coffee-generatione-vi\/","title":{"rendered":"Ground Coffee Generatione VI"},"content":{"rendered":"<p>VI Generazione se caracterizeaz\u0103 prin m\u0103cinarea sa potrivit\u0103 pentru filtrul de cafea. Blendul Barbera IV Generazione permite ob\u021binerea unui espresso lung \u0219i neted. Metoda tradi\u021bional\u0103 de pr\u0103jire lent\u0103, intens\u0103, scoate \u00een eviden\u021b\u0103 notele sale dulci, cre\u00e2nd o arom\u0103 bogat\u0103<\/p>\n","protected":false},"excerpt":{"rendered":"<p>Produc\u0103tor: Caffe Barbera<\/p>\n","protected":false},"featured_media":9705,"comment_status":"closed","ping_status":"closed","template":"","meta":[],"product_brand":[],"product_cat":[376],"product_tag":[430],"class_list":{"0":"post-9703","1":"product","2":"type-product","3":"status-publish","4":"has-post-thumbnail","6":"product_cat-cafea","7":"product_tag-horeca","8":"pa_brand-b-caffe-dal-1870","10":"first","11":"instock","12":"taxable","13":"shipping-taxable","14":"purchasable","15":"product-type-simple"},"yoast_head":"<!-- This site is optimized with the Yoast SEO plugin v27.4 - https:\/\/yoast.com\/product\/yoast-seo-wordpress\/ -->\n<title>Ground Coffee Generatione VI - Just Seven<\/title>\n<meta name=\"robots\" content=\"index, follow, max-snippet:-1, max-image-preview:large, max-video-preview:-1\" \/>\n<link rel=\"canonical\" href=\"https:\/\/justseven.ro\/magazin\/product\/ground-coffee-generatione-vi\/\" \/>\n<meta property=\"og:locale\" content=\"ro_RO\" \/>\n<meta property=\"og:type\" content=\"article\" \/>\n<meta property=\"og:title\" content=\"Ground Coffee Generatione VI - Just Seven\" \/>\n<meta property=\"og:description\" content=\"Produc\u0103tor: Caffe Barbera\" \/>\n<meta property=\"og:url\" content=\"https:\/\/justseven.ro\/magazin\/product\/ground-coffee-generatione-vi\/\" \/>\n<meta property=\"og:site_name\" content=\"Just Seven\" \/>\n<meta property=\"article:modified_time\" content=\"2025-10-22T10:40:33+00:00\" \/>\n<meta property=\"og:image\" content=\"https:\/\/justseven.ro\/magazin\/wp-content\/uploads\/2023\/05\/vi-generazione-espresso-lungo-vellutato-1.png\" \/>\n\t<meta property=\"og:image:width\" content=\"800\" \/>\n\t<meta property=\"og:image:height\" content=\"650\" \/>\n\t<meta property=\"og:image:type\" content=\"image\/png\" \/>\n<meta name=\"twitter:card\" content=\"summary_large_image\" \/>\n<meta name=\"twitter:label1\" content=\"Timp estimat pentru citire\" \/>\n\t<meta name=\"twitter:data1\" content=\"1 minut\" \/>\n<script type=\"application\/ld+json\" class=\"yoast-schema-graph\">{\"@context\":\"https:\\\/\\\/schema.org\",\"@graph\":[{\"@type\":\"WebPage\",\"@id\":\"https:\\\/\\\/justseven.ro\\\/magazin\\\/product\\\/ground-coffee-generatione-vi\\\/\",\"url\":\"https:\\\/\\\/justseven.ro\\\/magazin\\\/product\\\/ground-coffee-generatione-vi\\\/\",\"name\":\"Ground Coffee Generatione VI - Just Seven\",\"isPartOf\":{\"@id\":\"https:\\\/\\\/justseven.ro\\\/magazin\\\/#website\"},\"primaryImageOfPage\":{\"@id\":\"https:\\\/\\\/justseven.ro\\\/magazin\\\/product\\\/ground-coffee-generatione-vi\\\/#primaryimage\"},\"image\":{\"@id\":\"https:\\\/\\\/justseven.ro\\\/magazin\\\/product\\\/ground-coffee-generatione-vi\\\/#primaryimage\"},\"thumbnailUrl\":\"https:\\\/\\\/justseven.ro\\\/magazin\\\/wp-content\\\/uploads\\\/2023\\\/05\\\/vi-generazione-espresso-lungo-vellutato-1.png\",\"datePublished\":\"2023-05-11T10:49:55+00:00\",\"dateModified\":\"2025-10-22T10:40:33+00:00\",\"breadcrumb\":{\"@id\":\"https:\\\/\\\/justseven.ro\\\/magazin\\\/product\\\/ground-coffee-generatione-vi\\\/#breadcrumb\"},\"inLanguage\":\"ro-RO\",\"potentialAction\":[{\"@type\":\"ReadAction\",\"target\":[\"https:\\\/\\\/justseven.ro\\\/magazin\\\/product\\\/ground-coffee-generatione-vi\\\/\"]}]},{\"@type\":\"ImageObject\",\"inLanguage\":\"ro-RO\",\"@id\":\"https:\\\/\\\/justseven.ro\\\/magazin\\\/product\\\/ground-coffee-generatione-vi\\\/#primaryimage\",\"url\":\"https:\\\/\\\/justseven.ro\\\/magazin\\\/wp-content\\\/uploads\\\/2023\\\/05\\\/vi-generazione-espresso-lungo-vellutato-1.png\",\"contentUrl\":\"https:\\\/\\\/justseven.ro\\\/magazin\\\/wp-content\\\/uploads\\\/2023\\\/05\\\/vi-generazione-espresso-lungo-vellutato-1.png\",\"width\":800,\"height\":650,\"caption\":\"Ground Coffee Generatione VI\"},{\"@type\":\"BreadcrumbList\",\"@id\":\"https:\\\/\\\/justseven.ro\\\/magazin\\\/product\\\/ground-coffee-generatione-vi\\\/#breadcrumb\",\"itemListElement\":[{\"@type\":\"ListItem\",\"position\":1,\"name\":\"Home\",\"item\":\"https:\\\/\\\/justseven.ro\\\/magazin\\\/\"},{\"@type\":\"ListItem\",\"position\":2,\"name\":\"Shop\",\"item\":\"https:\\\/\\\/justseven.ro\\\/magazin\\\/shop\\\/\"},{\"@type\":\"ListItem\",\"position\":3,\"name\":\"Ground Coffee Generatione VI\"}]},{\"@type\":\"WebSite\",\"@id\":\"https:\\\/\\\/justseven.ro\\\/magazin\\\/#website\",\"url\":\"https:\\\/\\\/justseven.ro\\\/magazin\\\/\",\"name\":\"Just Seven\",\"description\":\"Magazin Online\",\"potentialAction\":[{\"@type\":\"SearchAction\",\"target\":{\"@type\":\"EntryPoint\",\"urlTemplate\":\"https:\\\/\\\/justseven.ro\\\/magazin\\\/?s={search_term_string}\"},\"query-input\":{\"@type\":\"PropertyValueSpecification\",\"valueRequired\":true,\"valueName\":\"search_term_string\"}}],\"inLanguage\":\"ro-RO\"}]}<\/script>\n<!-- \/ Yoast SEO plugin. -->","yoast_head_json":{"title":"Ground Coffee Generatione VI - Just Seven","robots":{"index":"index","follow":"follow","max-snippet":"max-snippet:-1","max-image-preview":"max-image-preview:large","max-video-preview":"max-video-preview:-1"},"canonical":"https:\/\/justseven.ro\/magazin\/product\/ground-coffee-generatione-vi\/","og_locale":"ro_RO","og_type":"article","og_title":"Ground Coffee Generatione VI - Just Seven","og_description":"Produc\u0103tor: Caffe Barbera","og_url":"https:\/\/justseven.ro\/magazin\/product\/ground-coffee-generatione-vi\/","og_site_name":"Just Seven","article_modified_time":"2025-10-22T10:40:33+00:00","og_image":[{"width":800,"height":650,"url":"https:\/\/justseven.ro\/magazin\/wp-content\/uploads\/2023\/05\/vi-generazione-espresso-lungo-vellutato-1.png","type":"image\/png"}],"twitter_card":"summary_large_image","twitter_misc":{"Timp estimat pentru citire":"1 minut"},"schema":{"@context":"https:\/\/schema.org","@graph":[{"@type":"WebPage","@id":"https:\/\/justseven.ro\/magazin\/product\/ground-coffee-generatione-vi\/","url":"https:\/\/justseven.ro\/magazin\/product\/ground-coffee-generatione-vi\/","name":"Ground Coffee Generatione VI - Just Seven","isPartOf":{"@id":"https:\/\/justseven.ro\/magazin\/#website"},"primaryImageOfPage":{"@id":"https:\/\/justseven.ro\/magazin\/product\/ground-coffee-generatione-vi\/#primaryimage"},"image":{"@id":"https:\/\/justseven.ro\/magazin\/product\/ground-coffee-generatione-vi\/#primaryimage"},"thumbnailUrl":"https:\/\/justseven.ro\/magazin\/wp-content\/uploads\/2023\/05\/vi-generazione-espresso-lungo-vellutato-1.png","datePublished":"2023-05-11T10:49:55+00:00","dateModified":"2025-10-22T10:40:33+00:00","breadcrumb":{"@id":"https:\/\/justseven.ro\/magazin\/product\/ground-coffee-generatione-vi\/#breadcrumb"},"inLanguage":"ro-RO","potentialAction":[{"@type":"ReadAction","target":["https:\/\/justseven.ro\/magazin\/product\/ground-coffee-generatione-vi\/"]}]},{"@type":"ImageObject","inLanguage":"ro-RO","@id":"https:\/\/justseven.ro\/magazin\/product\/ground-coffee-generatione-vi\/#primaryimage","url":"https:\/\/justseven.ro\/magazin\/wp-content\/uploads\/2023\/05\/vi-generazione-espresso-lungo-vellutato-1.png","contentUrl":"https:\/\/justseven.ro\/magazin\/wp-content\/uploads\/2023\/05\/vi-generazione-espresso-lungo-vellutato-1.png","width":800,"height":650,"caption":"Ground Coffee Generatione VI"},{"@type":"BreadcrumbList","@id":"https:\/\/justseven.ro\/magazin\/product\/ground-coffee-generatione-vi\/#breadcrumb","itemListElement":[{"@type":"ListItem","position":1,"name":"Home","item":"https:\/\/justseven.ro\/magazin\/"},{"@type":"ListItem","position":2,"name":"Shop","item":"https:\/\/justseven.ro\/magazin\/shop\/"},{"@type":"ListItem","position":3,"name":"Ground Coffee Generatione VI"}]},{"@type":"WebSite","@id":"https:\/\/justseven.ro\/magazin\/#website","url":"https:\/\/justseven.ro\/magazin\/","name":"Just Seven","description":"Magazin Online","potentialAction":[{"@type":"SearchAction","target":{"@type":"EntryPoint","urlTemplate":"https:\/\/justseven.ro\/magazin\/?s={search_term_string}"},"query-input":{"@type":"PropertyValueSpecification","valueRequired":true,"valueName":"search_term_string"}}],"inLanguage":"ro-RO"}]}},"_links":{"self":[{"href":"https:\/\/justseven.ro\/magazin\/wp-json\/wp\/v2\/product\/9703","targetHints":{"allow":["GET"]}}],"collection":[{"href":"https:\/\/justseven.ro\/magazin\/wp-json\/wp\/v2\/product"}],"about":[{"href":"https:\/\/justseven.ro\/magazin\/wp-json\/wp\/v2\/types\/product"}],"replies":[{"embeddable":true,"href":"https:\/\/justseven.ro\/magazin\/wp-json\/wp\/v2\/comments?post=9703"}],"version-history":[{"count":3,"href":"https:\/\/justseven.ro\/magazin\/wp-json\/wp\/v2\/product\/9703\/revisions"}],"predecessor-version":[{"id":11609,"href":"https:\/\/justseven.ro\/magazin\/wp-json\/wp\/v2\/product\/9703\/revisions\/11609"}],"wp:featuredmedia":[{"embeddable":true,"href":"https:\/\/justseven.ro\/magazin\/wp-json\/wp\/v2\/media\/9705"}],"wp:attachment":[{"href":"https:\/\/justseven.ro\/magazin\/wp-json\/wp\/v2\/media?parent=9703"}],"wp:term":[{"taxonomy":"product_brand","embeddable":true,"href":"https:\/\/justseven.ro\/magazin\/wp-json\/wp\/v2\/product_brand?post=9703"},{"taxonomy":"product_cat","embeddable":true,"href":"https:\/\/justseven.ro\/magazin\/wp-json\/wp\/v2\/product_cat?post=9703"},{"taxonomy":"product_tag","embeddable":true,"href":"https:\/\/justseven.ro\/magazin\/wp-json\/wp\/v2\/product_tag?post=9703"}],"curies":[{"name":"wp","href":"https:\/\/api.w.org\/{rel}","templated":true}]}}