{"id":9706,"date":"2023-05-11T10:49:55","date_gmt":"2023-05-11T10:49:55","guid":{"rendered":"https:\/\/justseven.ro\/magazin\/product\/dolcegusto-capsules-generatione-i\/"},"modified":"2025-10-22T12:40:33","modified_gmt":"2025-10-22T10:40:33","slug":"dolcegusto-capsules-generatione-i","status":"publish","type":"product","link":"https:\/\/justseven.ro\/magazin\/product\/dolcegusto-capsules-generatione-i\/","title":{"rendered":"Dolcegusto Capsules Generatione I"},"content":{"rendered":"<p>Capsula de cafea compatibil\u0103 \u201eI Generazione\u201d Nescaf\u00e9 Dolce Gusto\u00ae, are un gust viguros, plin, cu o crem\u0103 abundent\u0103, consistent\u0103.<\/p>\n<p>Metoda special\u0103, tradi\u021bional\u0103 de pr\u0103jire lent\u0103 a acestui amestec, special m\u0103cinat\u0103 pentru capsulele compatibile Dolce Gusto\u00ae, permite ob\u021binerea unui espresso deosebit de intens, corpos, cu aciditate redus\u0103. Crema este abundent\u0103 \u0219i consistent\u0103, gustul persistent \u0219i pl\u0103cut.<\/p>\n<p>Pachetul este format din 16 capsule de cafea compatibile Nescaf\u00e9 Dolce Gusto\u00ae, potrivite pentru toate ma\u0219inile de cafea care utilizeaz\u0103 capsule dure uniforme de aceea\u0219i dimensiune.<\/p>\n","protected":false},"excerpt":{"rendered":"<p>Pachetul con\u021bine 16 capsule<\/p>\n<p>Produc\u0103tor: Caffe Barbera<\/p>\n","protected":false},"featured_media":9708,"comment_status":"closed","ping_status":"closed","template":"","meta":[],"product_brand":[],"product_cat":[376],"product_tag":[430],"class_list":{"0":"post-9706","1":"product","2":"type-product","3":"status-publish","4":"has-post-thumbnail","6":"product_cat-cafea","7":"product_tag-horeca","8":"pa_brand-b-caffe-dal-1870","10":"first","11":"instock","12":"taxable","13":"shipping-taxable","14":"purchasable","15":"product-type-simple"},"yoast_head":"<!-- This site is optimized with the Yoast SEO plugin v27.4 - https:\/\/yoast.com\/product\/yoast-seo-wordpress\/ -->\n<title>Dolcegusto Capsules Generatione I - Just Seven<\/title>\n<meta name=\"robots\" content=\"index, follow, max-snippet:-1, max-image-preview:large, max-video-preview:-1\" \/>\n<link rel=\"canonical\" href=\"https:\/\/justseven.ro\/magazin\/product\/dolcegusto-capsules-generatione-i\/\" \/>\n<meta property=\"og:locale\" content=\"ro_RO\" \/>\n<meta property=\"og:type\" content=\"article\" \/>\n<meta property=\"og:title\" content=\"Dolcegusto Capsules Generatione I - Just Seven\" \/>\n<meta property=\"og:description\" content=\"Pachetul con\u021bine 16 capsule  Produc\u0103tor: Caffe Barbera\" \/>\n<meta property=\"og:url\" content=\"https:\/\/justseven.ro\/magazin\/product\/dolcegusto-capsules-generatione-i\/\" \/>\n<meta property=\"og:site_name\" content=\"Just Seven\" \/>\n<meta property=\"article:modified_time\" content=\"2025-10-22T10:40:33+00:00\" \/>\n<meta property=\"og:image\" content=\"https:\/\/justseven.ro\/magazin\/wp-content\/uploads\/2023\/05\/Dolce-Gusto_Prima-generazione.png\" \/>\n\t<meta property=\"og:image:width\" content=\"800\" \/>\n\t<meta property=\"og:image:height\" content=\"650\" \/>\n\t<meta property=\"og:image:type\" content=\"image\/png\" \/>\n<meta name=\"twitter:card\" content=\"summary_large_image\" \/>\n<meta name=\"twitter:label1\" content=\"Timp estimat pentru citire\" \/>\n\t<meta name=\"twitter:data1\" content=\"1 minut\" \/>\n<script type=\"application\/ld+json\" class=\"yoast-schema-graph\">{\"@context\":\"https:\\\/\\\/schema.org\",\"@graph\":[{\"@type\":\"WebPage\",\"@id\":\"https:\\\/\\\/justseven.ro\\\/magazin\\\/product\\\/dolcegusto-capsules-generatione-i\\\/\",\"url\":\"https:\\\/\\\/justseven.ro\\\/magazin\\\/product\\\/dolcegusto-capsules-generatione-i\\\/\",\"name\":\"Dolcegusto Capsules Generatione I - Just Seven\",\"isPartOf\":{\"@id\":\"https:\\\/\\\/justseven.ro\\\/magazin\\\/#website\"},\"primaryImageOfPage\":{\"@id\":\"https:\\\/\\\/justseven.ro\\\/magazin\\\/product\\\/dolcegusto-capsules-generatione-i\\\/#primaryimage\"},\"image\":{\"@id\":\"https:\\\/\\\/justseven.ro\\\/magazin\\\/product\\\/dolcegusto-capsules-generatione-i\\\/#primaryimage\"},\"thumbnailUrl\":\"https:\\\/\\\/justseven.ro\\\/magazin\\\/wp-content\\\/uploads\\\/2023\\\/05\\\/Dolce-Gusto_Prima-generazione.png\",\"datePublished\":\"2023-05-11T10:49:55+00:00\",\"dateModified\":\"2025-10-22T10:40:33+00:00\",\"breadcrumb\":{\"@id\":\"https:\\\/\\\/justseven.ro\\\/magazin\\\/product\\\/dolcegusto-capsules-generatione-i\\\/#breadcrumb\"},\"inLanguage\":\"ro-RO\",\"potentialAction\":[{\"@type\":\"ReadAction\",\"target\":[\"https:\\\/\\\/justseven.ro\\\/magazin\\\/product\\\/dolcegusto-capsules-generatione-i\\\/\"]}]},{\"@type\":\"ImageObject\",\"inLanguage\":\"ro-RO\",\"@id\":\"https:\\\/\\\/justseven.ro\\\/magazin\\\/product\\\/dolcegusto-capsules-generatione-i\\\/#primaryimage\",\"url\":\"https:\\\/\\\/justseven.ro\\\/magazin\\\/wp-content\\\/uploads\\\/2023\\\/05\\\/Dolce-Gusto_Prima-generazione.png\",\"contentUrl\":\"https:\\\/\\\/justseven.ro\\\/magazin\\\/wp-content\\\/uploads\\\/2023\\\/05\\\/Dolce-Gusto_Prima-generazione.png\",\"width\":800,\"height\":650,\"caption\":\"Dolcegusto Capsules Generatione I\"},{\"@type\":\"BreadcrumbList\",\"@id\":\"https:\\\/\\\/justseven.ro\\\/magazin\\\/product\\\/dolcegusto-capsules-generatione-i\\\/#breadcrumb\",\"itemListElement\":[{\"@type\":\"ListItem\",\"position\":1,\"name\":\"Home\",\"item\":\"https:\\\/\\\/justseven.ro\\\/magazin\\\/\"},{\"@type\":\"ListItem\",\"position\":2,\"name\":\"Shop\",\"item\":\"https:\\\/\\\/justseven.ro\\\/magazin\\\/shop\\\/\"},{\"@type\":\"ListItem\",\"position\":3,\"name\":\"Dolcegusto Capsules Generatione I\"}]},{\"@type\":\"WebSite\",\"@id\":\"https:\\\/\\\/justseven.ro\\\/magazin\\\/#website\",\"url\":\"https:\\\/\\\/justseven.ro\\\/magazin\\\/\",\"name\":\"Just Seven\",\"description\":\"Magazin Online\",\"potentialAction\":[{\"@type\":\"SearchAction\",\"target\":{\"@type\":\"EntryPoint\",\"urlTemplate\":\"https:\\\/\\\/justseven.ro\\\/magazin\\\/?s={search_term_string}\"},\"query-input\":{\"@type\":\"PropertyValueSpecification\",\"valueRequired\":true,\"valueName\":\"search_term_string\"}}],\"inLanguage\":\"ro-RO\"}]}<\/script>\n<!-- \/ Yoast SEO plugin. -->","yoast_head_json":{"title":"Dolcegusto Capsules Generatione I - Just Seven","robots":{"index":"index","follow":"follow","max-snippet":"max-snippet:-1","max-image-preview":"max-image-preview:large","max-video-preview":"max-video-preview:-1"},"canonical":"https:\/\/justseven.ro\/magazin\/product\/dolcegusto-capsules-generatione-i\/","og_locale":"ro_RO","og_type":"article","og_title":"Dolcegusto Capsules Generatione I - Just Seven","og_description":"Pachetul con\u021bine 16 capsule  Produc\u0103tor: Caffe Barbera","og_url":"https:\/\/justseven.ro\/magazin\/product\/dolcegusto-capsules-generatione-i\/","og_site_name":"Just Seven","article_modified_time":"2025-10-22T10:40:33+00:00","og_image":[{"width":800,"height":650,"url":"https:\/\/justseven.ro\/magazin\/wp-content\/uploads\/2023\/05\/Dolce-Gusto_Prima-generazione.png","type":"image\/png"}],"twitter_card":"summary_large_image","twitter_misc":{"Timp estimat pentru citire":"1 minut"},"schema":{"@context":"https:\/\/schema.org","@graph":[{"@type":"WebPage","@id":"https:\/\/justseven.ro\/magazin\/product\/dolcegusto-capsules-generatione-i\/","url":"https:\/\/justseven.ro\/magazin\/product\/dolcegusto-capsules-generatione-i\/","name":"Dolcegusto Capsules Generatione I - Just Seven","isPartOf":{"@id":"https:\/\/justseven.ro\/magazin\/#website"},"primaryImageOfPage":{"@id":"https:\/\/justseven.ro\/magazin\/product\/dolcegusto-capsules-generatione-i\/#primaryimage"},"image":{"@id":"https:\/\/justseven.ro\/magazin\/product\/dolcegusto-capsules-generatione-i\/#primaryimage"},"thumbnailUrl":"https:\/\/justseven.ro\/magazin\/wp-content\/uploads\/2023\/05\/Dolce-Gusto_Prima-generazione.png","datePublished":"2023-05-11T10:49:55+00:00","dateModified":"2025-10-22T10:40:33+00:00","breadcrumb":{"@id":"https:\/\/justseven.ro\/magazin\/product\/dolcegusto-capsules-generatione-i\/#breadcrumb"},"inLanguage":"ro-RO","potentialAction":[{"@type":"ReadAction","target":["https:\/\/justseven.ro\/magazin\/product\/dolcegusto-capsules-generatione-i\/"]}]},{"@type":"ImageObject","inLanguage":"ro-RO","@id":"https:\/\/justseven.ro\/magazin\/product\/dolcegusto-capsules-generatione-i\/#primaryimage","url":"https:\/\/justseven.ro\/magazin\/wp-content\/uploads\/2023\/05\/Dolce-Gusto_Prima-generazione.png","contentUrl":"https:\/\/justseven.ro\/magazin\/wp-content\/uploads\/2023\/05\/Dolce-Gusto_Prima-generazione.png","width":800,"height":650,"caption":"Dolcegusto Capsules Generatione I"},{"@type":"BreadcrumbList","@id":"https:\/\/justseven.ro\/magazin\/product\/dolcegusto-capsules-generatione-i\/#breadcrumb","itemListElement":[{"@type":"ListItem","position":1,"name":"Home","item":"https:\/\/justseven.ro\/magazin\/"},{"@type":"ListItem","position":2,"name":"Shop","item":"https:\/\/justseven.ro\/magazin\/shop\/"},{"@type":"ListItem","position":3,"name":"Dolcegusto Capsules Generatione I"}]},{"@type":"WebSite","@id":"https:\/\/justseven.ro\/magazin\/#website","url":"https:\/\/justseven.ro\/magazin\/","name":"Just Seven","description":"Magazin Online","potentialAction":[{"@type":"SearchAction","target":{"@type":"EntryPoint","urlTemplate":"https:\/\/justseven.ro\/magazin\/?s={search_term_string}"},"query-input":{"@type":"PropertyValueSpecification","valueRequired":true,"valueName":"search_term_string"}}],"inLanguage":"ro-RO"}]}},"_links":{"self":[{"href":"https:\/\/justseven.ro\/magazin\/wp-json\/wp\/v2\/product\/9706","targetHints":{"allow":["GET"]}}],"collection":[{"href":"https:\/\/justseven.ro\/magazin\/wp-json\/wp\/v2\/product"}],"about":[{"href":"https:\/\/justseven.ro\/magazin\/wp-json\/wp\/v2\/types\/product"}],"replies":[{"embeddable":true,"href":"https:\/\/justseven.ro\/magazin\/wp-json\/wp\/v2\/comments?post=9706"}],"version-history":[{"count":4,"href":"https:\/\/justseven.ro\/magazin\/wp-json\/wp\/v2\/product\/9706\/revisions"}],"predecessor-version":[{"id":11610,"href":"https:\/\/justseven.ro\/magazin\/wp-json\/wp\/v2\/product\/9706\/revisions\/11610"}],"wp:featuredmedia":[{"embeddable":true,"href":"https:\/\/justseven.ro\/magazin\/wp-json\/wp\/v2\/media\/9708"}],"wp:attachment":[{"href":"https:\/\/justseven.ro\/magazin\/wp-json\/wp\/v2\/media?parent=9706"}],"wp:term":[{"taxonomy":"product_brand","embeddable":true,"href":"https:\/\/justseven.ro\/magazin\/wp-json\/wp\/v2\/product_brand?post=9706"},{"taxonomy":"product_cat","embeddable":true,"href":"https:\/\/justseven.ro\/magazin\/wp-json\/wp\/v2\/product_cat?post=9706"},{"taxonomy":"product_tag","embeddable":true,"href":"https:\/\/justseven.ro\/magazin\/wp-json\/wp\/v2\/product_tag?post=9706"}],"curies":[{"name":"wp","href":"https:\/\/api.w.org\/{rel}","templated":true}]}}