{"id":9776,"date":"2023-05-11T10:50:19","date_gmt":"2023-05-11T10:50:19","guid":{"rendered":"https:\/\/justseven.ro\/magazin\/product\/sauces-bananas\/"},"modified":"2025-10-22T12:40:33","modified_gmt":"2025-10-22T10:40:33","slug":"sauces-bananas","status":"publish","type":"product","link":"https:\/\/justseven.ro\/magazin\/product\/sauces-bananas\/","title":{"rendered":"Sauces &#8211; Bananas"},"content":{"rendered":"<p>Creat dup\u0103 o re\u0163et\u0103 proprie ce con\u0163ine minimum 50% fruct proasp\u0103t, piureul de banane Monin se potrive\u015fte perfect \u00een smoothie-uri, cocktailuri, ceaiuri reci sau chiar pr\u0103jituri. Bananele care intr\u0103 \u00een compozi\u0163ia piureului sunt culese la maturitate, pentru a-i conferi maximum de gust \u015fi arom\u0103. De aceea, odat\u0103 savurat, acest sortiment va deveni unul dintre ingredientele nelipsite din buc\u0103t\u0103ria ta.<\/p>\n<p>Notele degust\u0103rii:<\/p>\n<p>Miros: Note intense de banan\u0103 bine coapt\u0103, abia decojit\u0103.<\/p>\n<p>Gust: Arome bogate \u015fi catifelate de banan\u0103<\/p>\n","protected":false},"excerpt":{"rendered":"<p>Creat dup\u0103 o re\u0163et\u0103 proprie ce con\u0163ine minimum 50% fruct proasp\u0103t, piureul de banane Monin se potrive\u015fte perfect \u00een smoothie-uri,<\/p>\n","protected":false},"featured_media":9778,"comment_status":"closed","ping_status":"open","template":"","meta":[],"product_brand":[],"product_cat":[395],"product_tag":[430],"class_list":{"0":"post-9776","1":"product","2":"type-product","3":"status-publish","4":"has-post-thumbnail","6":"product_cat-produse-bar","7":"product_tag-horeca","8":"pa_brand-monin","10":"first","11":"instock","12":"taxable","13":"shipping-taxable","14":"purchasable","15":"product-type-simple"},"yoast_head":"<!-- This site is optimized with the Yoast SEO plugin v27.5 - https:\/\/yoast.com\/product\/yoast-seo-wordpress\/ -->\n<title>Sauces - Bananas - Just Seven<\/title>\n<meta name=\"robots\" content=\"index, follow, max-snippet:-1, max-image-preview:large, max-video-preview:-1\" \/>\n<link rel=\"canonical\" href=\"https:\/\/justseven.ro\/magazin\/product\/sauces-bananas\/\" \/>\n<meta property=\"og:locale\" content=\"ro_RO\" \/>\n<meta property=\"og:type\" content=\"article\" \/>\n<meta property=\"og:title\" content=\"Sauces - Bananas - Just Seven\" \/>\n<meta property=\"og:description\" content=\"Creat dup\u0103 o re\u0163et\u0103 proprie ce con\u0163ine minimum 50% fruct proasp\u0103t, piureul de banane Monin se potrive\u015fte perfect \u00een smoothie-uri,\" \/>\n<meta property=\"og:url\" content=\"https:\/\/justseven.ro\/magazin\/product\/sauces-bananas\/\" \/>\n<meta property=\"og:site_name\" content=\"Just Seven\" \/>\n<meta property=\"article:modified_time\" content=\"2025-10-22T10:40:33+00:00\" \/>\n<meta property=\"og:image\" content=\"https:\/\/justseven.ro\/magazin\/wp-content\/uploads\/2023\/05\/MON0106-654x615-1.jpg\" \/>\n\t<meta property=\"og:image:width\" content=\"654\" \/>\n\t<meta property=\"og:image:height\" content=\"615\" \/>\n\t<meta property=\"og:image:type\" content=\"image\/jpeg\" \/>\n<meta name=\"twitter:card\" content=\"summary_large_image\" \/>\n<script type=\"application\/ld+json\" class=\"yoast-schema-graph\">{\"@context\":\"https:\\\/\\\/schema.org\",\"@graph\":[{\"@type\":\"WebPage\",\"@id\":\"https:\\\/\\\/justseven.ro\\\/magazin\\\/product\\\/sauces-bananas\\\/\",\"url\":\"https:\\\/\\\/justseven.ro\\\/magazin\\\/product\\\/sauces-bananas\\\/\",\"name\":\"Sauces - Bananas - Just Seven\",\"isPartOf\":{\"@id\":\"https:\\\/\\\/justseven.ro\\\/magazin\\\/#website\"},\"primaryImageOfPage\":{\"@id\":\"https:\\\/\\\/justseven.ro\\\/magazin\\\/product\\\/sauces-bananas\\\/#primaryimage\"},\"image\":{\"@id\":\"https:\\\/\\\/justseven.ro\\\/magazin\\\/product\\\/sauces-bananas\\\/#primaryimage\"},\"thumbnailUrl\":\"https:\\\/\\\/justseven.ro\\\/magazin\\\/wp-content\\\/uploads\\\/2023\\\/05\\\/MON0106-654x615-1.jpg\",\"datePublished\":\"2023-05-11T10:50:19+00:00\",\"dateModified\":\"2025-10-22T10:40:33+00:00\",\"breadcrumb\":{\"@id\":\"https:\\\/\\\/justseven.ro\\\/magazin\\\/product\\\/sauces-bananas\\\/#breadcrumb\"},\"inLanguage\":\"ro-RO\",\"potentialAction\":[{\"@type\":\"ReadAction\",\"target\":[\"https:\\\/\\\/justseven.ro\\\/magazin\\\/product\\\/sauces-bananas\\\/\"]}]},{\"@type\":\"ImageObject\",\"inLanguage\":\"ro-RO\",\"@id\":\"https:\\\/\\\/justseven.ro\\\/magazin\\\/product\\\/sauces-bananas\\\/#primaryimage\",\"url\":\"https:\\\/\\\/justseven.ro\\\/magazin\\\/wp-content\\\/uploads\\\/2023\\\/05\\\/MON0106-654x615-1.jpg\",\"contentUrl\":\"https:\\\/\\\/justseven.ro\\\/magazin\\\/wp-content\\\/uploads\\\/2023\\\/05\\\/MON0106-654x615-1.jpg\",\"width\":654,\"height\":615,\"caption\":\"Sauces - Bananas\"},{\"@type\":\"BreadcrumbList\",\"@id\":\"https:\\\/\\\/justseven.ro\\\/magazin\\\/product\\\/sauces-bananas\\\/#breadcrumb\",\"itemListElement\":[{\"@type\":\"ListItem\",\"position\":1,\"name\":\"Home\",\"item\":\"https:\\\/\\\/justseven.ro\\\/magazin\\\/\"},{\"@type\":\"ListItem\",\"position\":2,\"name\":\"Shop\",\"item\":\"https:\\\/\\\/justseven.ro\\\/magazin\\\/shop\\\/\"},{\"@type\":\"ListItem\",\"position\":3,\"name\":\"Sauces &#8211; Bananas\"}]},{\"@type\":\"WebSite\",\"@id\":\"https:\\\/\\\/justseven.ro\\\/magazin\\\/#website\",\"url\":\"https:\\\/\\\/justseven.ro\\\/magazin\\\/\",\"name\":\"Just Seven\",\"description\":\"Magazin Online\",\"potentialAction\":[{\"@type\":\"SearchAction\",\"target\":{\"@type\":\"EntryPoint\",\"urlTemplate\":\"https:\\\/\\\/justseven.ro\\\/magazin\\\/?s={search_term_string}\"},\"query-input\":{\"@type\":\"PropertyValueSpecification\",\"valueRequired\":true,\"valueName\":\"search_term_string\"}}],\"inLanguage\":\"ro-RO\"}]}<\/script>\n<!-- \/ Yoast SEO plugin. -->","yoast_head_json":{"title":"Sauces - Bananas - Just Seven","robots":{"index":"index","follow":"follow","max-snippet":"max-snippet:-1","max-image-preview":"max-image-preview:large","max-video-preview":"max-video-preview:-1"},"canonical":"https:\/\/justseven.ro\/magazin\/product\/sauces-bananas\/","og_locale":"ro_RO","og_type":"article","og_title":"Sauces - Bananas - Just Seven","og_description":"Creat dup\u0103 o re\u0163et\u0103 proprie ce con\u0163ine minimum 50% fruct proasp\u0103t, piureul de banane Monin se potrive\u015fte perfect \u00een smoothie-uri,","og_url":"https:\/\/justseven.ro\/magazin\/product\/sauces-bananas\/","og_site_name":"Just Seven","article_modified_time":"2025-10-22T10:40:33+00:00","og_image":[{"width":654,"height":615,"url":"https:\/\/justseven.ro\/magazin\/wp-content\/uploads\/2023\/05\/MON0106-654x615-1.jpg","type":"image\/jpeg"}],"twitter_card":"summary_large_image","schema":{"@context":"https:\/\/schema.org","@graph":[{"@type":"WebPage","@id":"https:\/\/justseven.ro\/magazin\/product\/sauces-bananas\/","url":"https:\/\/justseven.ro\/magazin\/product\/sauces-bananas\/","name":"Sauces - Bananas - Just Seven","isPartOf":{"@id":"https:\/\/justseven.ro\/magazin\/#website"},"primaryImageOfPage":{"@id":"https:\/\/justseven.ro\/magazin\/product\/sauces-bananas\/#primaryimage"},"image":{"@id":"https:\/\/justseven.ro\/magazin\/product\/sauces-bananas\/#primaryimage"},"thumbnailUrl":"https:\/\/justseven.ro\/magazin\/wp-content\/uploads\/2023\/05\/MON0106-654x615-1.jpg","datePublished":"2023-05-11T10:50:19+00:00","dateModified":"2025-10-22T10:40:33+00:00","breadcrumb":{"@id":"https:\/\/justseven.ro\/magazin\/product\/sauces-bananas\/#breadcrumb"},"inLanguage":"ro-RO","potentialAction":[{"@type":"ReadAction","target":["https:\/\/justseven.ro\/magazin\/product\/sauces-bananas\/"]}]},{"@type":"ImageObject","inLanguage":"ro-RO","@id":"https:\/\/justseven.ro\/magazin\/product\/sauces-bananas\/#primaryimage","url":"https:\/\/justseven.ro\/magazin\/wp-content\/uploads\/2023\/05\/MON0106-654x615-1.jpg","contentUrl":"https:\/\/justseven.ro\/magazin\/wp-content\/uploads\/2023\/05\/MON0106-654x615-1.jpg","width":654,"height":615,"caption":"Sauces - Bananas"},{"@type":"BreadcrumbList","@id":"https:\/\/justseven.ro\/magazin\/product\/sauces-bananas\/#breadcrumb","itemListElement":[{"@type":"ListItem","position":1,"name":"Home","item":"https:\/\/justseven.ro\/magazin\/"},{"@type":"ListItem","position":2,"name":"Shop","item":"https:\/\/justseven.ro\/magazin\/shop\/"},{"@type":"ListItem","position":3,"name":"Sauces &#8211; Bananas"}]},{"@type":"WebSite","@id":"https:\/\/justseven.ro\/magazin\/#website","url":"https:\/\/justseven.ro\/magazin\/","name":"Just Seven","description":"Magazin Online","potentialAction":[{"@type":"SearchAction","target":{"@type":"EntryPoint","urlTemplate":"https:\/\/justseven.ro\/magazin\/?s={search_term_string}"},"query-input":{"@type":"PropertyValueSpecification","valueRequired":true,"valueName":"search_term_string"}}],"inLanguage":"ro-RO"}]}},"_links":{"self":[{"href":"https:\/\/justseven.ro\/magazin\/wp-json\/wp\/v2\/product\/9776","targetHints":{"allow":["GET"]}}],"collection":[{"href":"https:\/\/justseven.ro\/magazin\/wp-json\/wp\/v2\/product"}],"about":[{"href":"https:\/\/justseven.ro\/magazin\/wp-json\/wp\/v2\/types\/product"}],"replies":[{"embeddable":true,"href":"https:\/\/justseven.ro\/magazin\/wp-json\/wp\/v2\/comments?post=9776"}],"version-history":[{"count":2,"href":"https:\/\/justseven.ro\/magazin\/wp-json\/wp\/v2\/product\/9776\/revisions"}],"predecessor-version":[{"id":10950,"href":"https:\/\/justseven.ro\/magazin\/wp-json\/wp\/v2\/product\/9776\/revisions\/10950"}],"wp:featuredmedia":[{"embeddable":true,"href":"https:\/\/justseven.ro\/magazin\/wp-json\/wp\/v2\/media\/9778"}],"wp:attachment":[{"href":"https:\/\/justseven.ro\/magazin\/wp-json\/wp\/v2\/media?parent=9776"}],"wp:term":[{"taxonomy":"product_brand","embeddable":true,"href":"https:\/\/justseven.ro\/magazin\/wp-json\/wp\/v2\/product_brand?post=9776"},{"taxonomy":"product_cat","embeddable":true,"href":"https:\/\/justseven.ro\/magazin\/wp-json\/wp\/v2\/product_cat?post=9776"},{"taxonomy":"product_tag","embeddable":true,"href":"https:\/\/justseven.ro\/magazin\/wp-json\/wp\/v2\/product_tag?post=9776"}],"curies":[{"name":"wp","href":"https:\/\/api.w.org\/{rel}","templated":true}]}}