{"id":9821,"date":"2023-05-11T10:50:41","date_gmt":"2023-05-11T10:50:41","guid":{"rendered":"https:\/\/justseven.ro\/magazin\/product\/sirop-bubblegum\/"},"modified":"2025-10-22T12:40:34","modified_gmt":"2025-10-22T10:40:34","slug":"sirop-bubblegum","status":"publish","type":"product","link":"https:\/\/justseven.ro\/magazin\/product\/sirop-bubblegum\/","title":{"rendered":"Sirop &#8211; Bubblegum"},"content":{"rendered":"<p>E\u0219ti gata s\u0103 c\u0103l\u0103tore\u0219ti \u00eenapoi \u00een timp p\u00e2n\u0103 \u00een copil\u0103ria ta? Acest minunat sirop roz v\u0103 va readuce toate amintirile pre\u021bioase. Bucura\u021bi-v\u0103 de aroma sa de vat\u0103 de zah\u0103r \u0219i de mirosul tipic tutti-frutti la b\u0103uturile tale preferate.<\/p>\n","protected":false},"excerpt":{"rendered":"<p>E\u0219ti gata s\u0103 c\u0103l\u0103tore\u0219ti \u00eenapoi \u00een timp p\u00e2n\u0103 \u00een copil\u0103ria ta? Acest minunat sirop roz v\u0103 va readuce toate amintirile<\/p>\n","protected":false},"featured_media":9823,"comment_status":"closed","ping_status":"open","template":"","meta":[],"product_brand":[],"product_cat":[395],"product_tag":[430],"class_list":{"0":"post-9821","1":"product","2":"type-product","3":"status-publish","4":"has-post-thumbnail","6":"product_cat-produse-bar","7":"product_tag-horeca","8":"pa_brand-flair","10":"first","11":"instock","12":"taxable","13":"shipping-taxable","14":"purchasable","15":"product-type-simple"},"yoast_head":"<!-- This site is optimized with the Yoast SEO plugin v27.5 - https:\/\/yoast.com\/product\/yoast-seo-wordpress\/ -->\n<title>Sirop - Bubblegum - Just Seven<\/title>\n<meta name=\"robots\" content=\"index, follow, max-snippet:-1, max-image-preview:large, max-video-preview:-1\" \/>\n<link rel=\"canonical\" href=\"https:\/\/justseven.ro\/magazin\/product\/sirop-bubblegum\/\" \/>\n<meta property=\"og:locale\" content=\"ro_RO\" \/>\n<meta property=\"og:type\" content=\"article\" \/>\n<meta property=\"og:title\" content=\"Sirop - Bubblegum - Just Seven\" \/>\n<meta property=\"og:description\" content=\"E\u0219ti gata s\u0103 c\u0103l\u0103tore\u0219ti \u00eenapoi \u00een timp p\u00e2n\u0103 \u00een copil\u0103ria ta? Acest minunat sirop roz v\u0103 va readuce toate amintirile\" \/>\n<meta property=\"og:url\" content=\"https:\/\/justseven.ro\/magazin\/product\/sirop-bubblegum\/\" \/>\n<meta property=\"og:site_name\" content=\"Just Seven\" \/>\n<meta property=\"article:modified_time\" content=\"2025-10-22T10:40:34+00:00\" \/>\n<meta property=\"og:image\" content=\"https:\/\/justseven.ro\/magazin\/wp-content\/uploads\/2023\/05\/SRP-BUBBLE-GUM.png\" \/>\n\t<meta property=\"og:image:width\" content=\"1200\" \/>\n\t<meta property=\"og:image:height\" content=\"1200\" \/>\n\t<meta property=\"og:image:type\" content=\"image\/png\" \/>\n<meta name=\"twitter:card\" content=\"summary_large_image\" \/>\n<script type=\"application\/ld+json\" class=\"yoast-schema-graph\">{\"@context\":\"https:\\\/\\\/schema.org\",\"@graph\":[{\"@type\":\"WebPage\",\"@id\":\"https:\\\/\\\/justseven.ro\\\/magazin\\\/product\\\/sirop-bubblegum\\\/\",\"url\":\"https:\\\/\\\/justseven.ro\\\/magazin\\\/product\\\/sirop-bubblegum\\\/\",\"name\":\"Sirop - Bubblegum - Just Seven\",\"isPartOf\":{\"@id\":\"https:\\\/\\\/justseven.ro\\\/magazin\\\/#website\"},\"primaryImageOfPage\":{\"@id\":\"https:\\\/\\\/justseven.ro\\\/magazin\\\/product\\\/sirop-bubblegum\\\/#primaryimage\"},\"image\":{\"@id\":\"https:\\\/\\\/justseven.ro\\\/magazin\\\/product\\\/sirop-bubblegum\\\/#primaryimage\"},\"thumbnailUrl\":\"https:\\\/\\\/justseven.ro\\\/magazin\\\/wp-content\\\/uploads\\\/2023\\\/05\\\/SRP-BUBBLE-GUM.png\",\"datePublished\":\"2023-05-11T10:50:41+00:00\",\"dateModified\":\"2025-10-22T10:40:34+00:00\",\"breadcrumb\":{\"@id\":\"https:\\\/\\\/justseven.ro\\\/magazin\\\/product\\\/sirop-bubblegum\\\/#breadcrumb\"},\"inLanguage\":\"ro-RO\",\"potentialAction\":[{\"@type\":\"ReadAction\",\"target\":[\"https:\\\/\\\/justseven.ro\\\/magazin\\\/product\\\/sirop-bubblegum\\\/\"]}]},{\"@type\":\"ImageObject\",\"inLanguage\":\"ro-RO\",\"@id\":\"https:\\\/\\\/justseven.ro\\\/magazin\\\/product\\\/sirop-bubblegum\\\/#primaryimage\",\"url\":\"https:\\\/\\\/justseven.ro\\\/magazin\\\/wp-content\\\/uploads\\\/2023\\\/05\\\/SRP-BUBBLE-GUM.png\",\"contentUrl\":\"https:\\\/\\\/justseven.ro\\\/magazin\\\/wp-content\\\/uploads\\\/2023\\\/05\\\/SRP-BUBBLE-GUM.png\",\"width\":1200,\"height\":1200,\"caption\":\"Sirop - Bubblegum\"},{\"@type\":\"BreadcrumbList\",\"@id\":\"https:\\\/\\\/justseven.ro\\\/magazin\\\/product\\\/sirop-bubblegum\\\/#breadcrumb\",\"itemListElement\":[{\"@type\":\"ListItem\",\"position\":1,\"name\":\"Home\",\"item\":\"https:\\\/\\\/justseven.ro\\\/magazin\\\/\"},{\"@type\":\"ListItem\",\"position\":2,\"name\":\"Shop\",\"item\":\"https:\\\/\\\/justseven.ro\\\/magazin\\\/shop\\\/\"},{\"@type\":\"ListItem\",\"position\":3,\"name\":\"Sirop &#8211; Bubblegum\"}]},{\"@type\":\"WebSite\",\"@id\":\"https:\\\/\\\/justseven.ro\\\/magazin\\\/#website\",\"url\":\"https:\\\/\\\/justseven.ro\\\/magazin\\\/\",\"name\":\"Just Seven\",\"description\":\"Magazin Online\",\"potentialAction\":[{\"@type\":\"SearchAction\",\"target\":{\"@type\":\"EntryPoint\",\"urlTemplate\":\"https:\\\/\\\/justseven.ro\\\/magazin\\\/?s={search_term_string}\"},\"query-input\":{\"@type\":\"PropertyValueSpecification\",\"valueRequired\":true,\"valueName\":\"search_term_string\"}}],\"inLanguage\":\"ro-RO\"}]}<\/script>\n<!-- \/ Yoast SEO plugin. -->","yoast_head_json":{"title":"Sirop - Bubblegum - Just Seven","robots":{"index":"index","follow":"follow","max-snippet":"max-snippet:-1","max-image-preview":"max-image-preview:large","max-video-preview":"max-video-preview:-1"},"canonical":"https:\/\/justseven.ro\/magazin\/product\/sirop-bubblegum\/","og_locale":"ro_RO","og_type":"article","og_title":"Sirop - Bubblegum - Just Seven","og_description":"E\u0219ti gata s\u0103 c\u0103l\u0103tore\u0219ti \u00eenapoi \u00een timp p\u00e2n\u0103 \u00een copil\u0103ria ta? Acest minunat sirop roz v\u0103 va readuce toate amintirile","og_url":"https:\/\/justseven.ro\/magazin\/product\/sirop-bubblegum\/","og_site_name":"Just Seven","article_modified_time":"2025-10-22T10:40:34+00:00","og_image":[{"width":1200,"height":1200,"url":"https:\/\/justseven.ro\/magazin\/wp-content\/uploads\/2023\/05\/SRP-BUBBLE-GUM.png","type":"image\/png"}],"twitter_card":"summary_large_image","schema":{"@context":"https:\/\/schema.org","@graph":[{"@type":"WebPage","@id":"https:\/\/justseven.ro\/magazin\/product\/sirop-bubblegum\/","url":"https:\/\/justseven.ro\/magazin\/product\/sirop-bubblegum\/","name":"Sirop - Bubblegum - Just Seven","isPartOf":{"@id":"https:\/\/justseven.ro\/magazin\/#website"},"primaryImageOfPage":{"@id":"https:\/\/justseven.ro\/magazin\/product\/sirop-bubblegum\/#primaryimage"},"image":{"@id":"https:\/\/justseven.ro\/magazin\/product\/sirop-bubblegum\/#primaryimage"},"thumbnailUrl":"https:\/\/justseven.ro\/magazin\/wp-content\/uploads\/2023\/05\/SRP-BUBBLE-GUM.png","datePublished":"2023-05-11T10:50:41+00:00","dateModified":"2025-10-22T10:40:34+00:00","breadcrumb":{"@id":"https:\/\/justseven.ro\/magazin\/product\/sirop-bubblegum\/#breadcrumb"},"inLanguage":"ro-RO","potentialAction":[{"@type":"ReadAction","target":["https:\/\/justseven.ro\/magazin\/product\/sirop-bubblegum\/"]}]},{"@type":"ImageObject","inLanguage":"ro-RO","@id":"https:\/\/justseven.ro\/magazin\/product\/sirop-bubblegum\/#primaryimage","url":"https:\/\/justseven.ro\/magazin\/wp-content\/uploads\/2023\/05\/SRP-BUBBLE-GUM.png","contentUrl":"https:\/\/justseven.ro\/magazin\/wp-content\/uploads\/2023\/05\/SRP-BUBBLE-GUM.png","width":1200,"height":1200,"caption":"Sirop - Bubblegum"},{"@type":"BreadcrumbList","@id":"https:\/\/justseven.ro\/magazin\/product\/sirop-bubblegum\/#breadcrumb","itemListElement":[{"@type":"ListItem","position":1,"name":"Home","item":"https:\/\/justseven.ro\/magazin\/"},{"@type":"ListItem","position":2,"name":"Shop","item":"https:\/\/justseven.ro\/magazin\/shop\/"},{"@type":"ListItem","position":3,"name":"Sirop &#8211; Bubblegum"}]},{"@type":"WebSite","@id":"https:\/\/justseven.ro\/magazin\/#website","url":"https:\/\/justseven.ro\/magazin\/","name":"Just Seven","description":"Magazin Online","potentialAction":[{"@type":"SearchAction","target":{"@type":"EntryPoint","urlTemplate":"https:\/\/justseven.ro\/magazin\/?s={search_term_string}"},"query-input":{"@type":"PropertyValueSpecification","valueRequired":true,"valueName":"search_term_string"}}],"inLanguage":"ro-RO"}]}},"_links":{"self":[{"href":"https:\/\/justseven.ro\/magazin\/wp-json\/wp\/v2\/product\/9821","targetHints":{"allow":["GET"]}}],"collection":[{"href":"https:\/\/justseven.ro\/magazin\/wp-json\/wp\/v2\/product"}],"about":[{"href":"https:\/\/justseven.ro\/magazin\/wp-json\/wp\/v2\/types\/product"}],"replies":[{"embeddable":true,"href":"https:\/\/justseven.ro\/magazin\/wp-json\/wp\/v2\/comments?post=9821"}],"version-history":[{"count":2,"href":"https:\/\/justseven.ro\/magazin\/wp-json\/wp\/v2\/product\/9821\/revisions"}],"predecessor-version":[{"id":10964,"href":"https:\/\/justseven.ro\/magazin\/wp-json\/wp\/v2\/product\/9821\/revisions\/10964"}],"wp:featuredmedia":[{"embeddable":true,"href":"https:\/\/justseven.ro\/magazin\/wp-json\/wp\/v2\/media\/9823"}],"wp:attachment":[{"href":"https:\/\/justseven.ro\/magazin\/wp-json\/wp\/v2\/media?parent=9821"}],"wp:term":[{"taxonomy":"product_brand","embeddable":true,"href":"https:\/\/justseven.ro\/magazin\/wp-json\/wp\/v2\/product_brand?post=9821"},{"taxonomy":"product_cat","embeddable":true,"href":"https:\/\/justseven.ro\/magazin\/wp-json\/wp\/v2\/product_cat?post=9821"},{"taxonomy":"product_tag","embeddable":true,"href":"https:\/\/justseven.ro\/magazin\/wp-json\/wp\/v2\/product_tag?post=9821"}],"curies":[{"name":"wp","href":"https:\/\/api.w.org\/{rel}","templated":true}]}}