{"id":9827,"date":"2023-05-11T10:50:41","date_gmt":"2023-05-11T10:50:41","guid":{"rendered":"https:\/\/justseven.ro\/magazin\/product\/armonia-soft-plus\/"},"modified":"2025-10-23T08:50:22","modified_gmt":"2025-10-23T06:50:22","slug":"armonia-soft-plus","status":"publish","type":"product","link":"https:\/\/justseven.ro\/magazin\/product\/armonia-soft-plus\/","title":{"rendered":"ARMONIA SOFT PLUS"},"content":{"rendered":"<p>CARIMALI ARMONIA SOFT PLUS reprezint\u0103 v\u00e2rful de lance \u00een tehnologia espressorului automat, combin\u00e2nd designul elegant cu func\u021bionalitatea avansat\u0103. Acest espressor de ultim\u0103 genera\u021bie este conceput pentru a satisface chiar \u0219i cele mai exigente cerin\u021be ale baristilor profesioni\u0219ti \u0219i ale iubitorilor de cafea. CARIMALI ARMONIA SOFT PLUS reprezint\u0103 v\u00e2rful de lance \u00een tehnologia espressorului automat, combin\u00e2nd designul elegant cu func\u021bionalitatea avansat\u0103. Acest espressor de ultim\u0103 genera\u021bie este conceput pentru a satisface chiar \u0219i cele mai exigente cerin\u021be ale baristilor profesioni\u0219ti \u0219i ale iubitorilor de cafea.<\/p>\n","protected":false},"excerpt":{"rendered":"<p>CARIMALI ARMONIA SOFT PLUS reprezint\u0103 v\u00e2rful de lance \u00een tehnologia espressorului automat, combin\u00e2nd designul elegant cu func\u021bionalitatea avansat\u0103. Acest espressor<\/p>\n","protected":false},"featured_media":9829,"comment_status":"closed","ping_status":"closed","template":"","meta":[],"product_brand":[],"product_cat":[407],"product_tag":[431],"class_list":{"0":"post-9827","1":"product","2":"type-product","3":"status-publish","4":"has-post-thumbnail","6":"product_cat-aparatura-bar-2","7":"product_tag-aparate-espresso","8":"pa_brand-carimali","10":"first","11":"instock","12":"taxable","13":"shipping-taxable","14":"product-type-simple"},"yoast_head":"<!-- This site is optimized with the Yoast SEO plugin v27.4 - https:\/\/yoast.com\/product\/yoast-seo-wordpress\/ -->\n<title>ARMONIA SOFT PLUS - Just Seven<\/title>\n<meta name=\"robots\" content=\"index, follow, max-snippet:-1, max-image-preview:large, max-video-preview:-1\" \/>\n<link rel=\"canonical\" href=\"https:\/\/justseven.ro\/magazin\/product\/armonia-soft-plus\/\" \/>\n<meta property=\"og:locale\" content=\"ro_RO\" \/>\n<meta property=\"og:type\" content=\"article\" \/>\n<meta property=\"og:title\" content=\"ARMONIA SOFT PLUS - Just Seven\" \/>\n<meta property=\"og:description\" content=\"CARIMALI ARMONIA SOFT PLUS reprezint\u0103 v\u00e2rful de lance \u00een tehnologia espressorului automat, combin\u00e2nd designul elegant cu func\u021bionalitatea avansat\u0103. Acest espressor\" \/>\n<meta property=\"og:url\" content=\"https:\/\/justseven.ro\/magazin\/product\/armonia-soft-plus\/\" \/>\n<meta property=\"og:site_name\" content=\"Just Seven\" \/>\n<meta property=\"article:modified_time\" content=\"2025-10-23T06:50:22+00:00\" \/>\n<meta property=\"og:image\" content=\"https:\/\/justseven.ro\/magazin\/wp-content\/uploads\/2023\/05\/262de4d958ee777b26dce962d235266231e8e2c7.png\" \/>\n\t<meta property=\"og:image:width\" content=\"516\" \/>\n\t<meta property=\"og:image:height\" content=\"720\" \/>\n\t<meta property=\"og:image:type\" content=\"image\/png\" \/>\n<meta name=\"twitter:card\" content=\"summary_large_image\" \/>\n<script type=\"application\/ld+json\" class=\"yoast-schema-graph\">{\"@context\":\"https:\\\/\\\/schema.org\",\"@graph\":[{\"@type\":\"WebPage\",\"@id\":\"https:\\\/\\\/justseven.ro\\\/magazin\\\/product\\\/armonia-soft-plus\\\/\",\"url\":\"https:\\\/\\\/justseven.ro\\\/magazin\\\/product\\\/armonia-soft-plus\\\/\",\"name\":\"ARMONIA SOFT PLUS - Just Seven\",\"isPartOf\":{\"@id\":\"https:\\\/\\\/justseven.ro\\\/magazin\\\/#website\"},\"primaryImageOfPage\":{\"@id\":\"https:\\\/\\\/justseven.ro\\\/magazin\\\/product\\\/armonia-soft-plus\\\/#primaryimage\"},\"image\":{\"@id\":\"https:\\\/\\\/justseven.ro\\\/magazin\\\/product\\\/armonia-soft-plus\\\/#primaryimage\"},\"thumbnailUrl\":\"https:\\\/\\\/justseven.ro\\\/magazin\\\/wp-content\\\/uploads\\\/2023\\\/05\\\/262de4d958ee777b26dce962d235266231e8e2c7.png\",\"datePublished\":\"2023-05-11T10:50:41+00:00\",\"dateModified\":\"2025-10-23T06:50:22+00:00\",\"breadcrumb\":{\"@id\":\"https:\\\/\\\/justseven.ro\\\/magazin\\\/product\\\/armonia-soft-plus\\\/#breadcrumb\"},\"inLanguage\":\"ro-RO\",\"potentialAction\":[{\"@type\":\"ReadAction\",\"target\":[\"https:\\\/\\\/justseven.ro\\\/magazin\\\/product\\\/armonia-soft-plus\\\/\"]}]},{\"@type\":\"ImageObject\",\"inLanguage\":\"ro-RO\",\"@id\":\"https:\\\/\\\/justseven.ro\\\/magazin\\\/product\\\/armonia-soft-plus\\\/#primaryimage\",\"url\":\"https:\\\/\\\/justseven.ro\\\/magazin\\\/wp-content\\\/uploads\\\/2023\\\/05\\\/262de4d958ee777b26dce962d235266231e8e2c7.png\",\"contentUrl\":\"https:\\\/\\\/justseven.ro\\\/magazin\\\/wp-content\\\/uploads\\\/2023\\\/05\\\/262de4d958ee777b26dce962d235266231e8e2c7.png\",\"width\":516,\"height\":720,\"caption\":\"ARMONIA SOFT PLUS\"},{\"@type\":\"BreadcrumbList\",\"@id\":\"https:\\\/\\\/justseven.ro\\\/magazin\\\/product\\\/armonia-soft-plus\\\/#breadcrumb\",\"itemListElement\":[{\"@type\":\"ListItem\",\"position\":1,\"name\":\"Home\",\"item\":\"https:\\\/\\\/justseven.ro\\\/magazin\\\/\"},{\"@type\":\"ListItem\",\"position\":2,\"name\":\"Shop\",\"item\":\"https:\\\/\\\/justseven.ro\\\/magazin\\\/shop\\\/\"},{\"@type\":\"ListItem\",\"position\":3,\"name\":\"ARMONIA SOFT PLUS\"}]},{\"@type\":\"WebSite\",\"@id\":\"https:\\\/\\\/justseven.ro\\\/magazin\\\/#website\",\"url\":\"https:\\\/\\\/justseven.ro\\\/magazin\\\/\",\"name\":\"Just Seven\",\"description\":\"Magazin Online\",\"potentialAction\":[{\"@type\":\"SearchAction\",\"target\":{\"@type\":\"EntryPoint\",\"urlTemplate\":\"https:\\\/\\\/justseven.ro\\\/magazin\\\/?s={search_term_string}\"},\"query-input\":{\"@type\":\"PropertyValueSpecification\",\"valueRequired\":true,\"valueName\":\"search_term_string\"}}],\"inLanguage\":\"ro-RO\"}]}<\/script>\n<!-- \/ Yoast SEO plugin. -->","yoast_head_json":{"title":"ARMONIA SOFT PLUS - Just Seven","robots":{"index":"index","follow":"follow","max-snippet":"max-snippet:-1","max-image-preview":"max-image-preview:large","max-video-preview":"max-video-preview:-1"},"canonical":"https:\/\/justseven.ro\/magazin\/product\/armonia-soft-plus\/","og_locale":"ro_RO","og_type":"article","og_title":"ARMONIA SOFT PLUS - Just Seven","og_description":"CARIMALI ARMONIA SOFT PLUS reprezint\u0103 v\u00e2rful de lance \u00een tehnologia espressorului automat, combin\u00e2nd designul elegant cu func\u021bionalitatea avansat\u0103. Acest espressor","og_url":"https:\/\/justseven.ro\/magazin\/product\/armonia-soft-plus\/","og_site_name":"Just Seven","article_modified_time":"2025-10-23T06:50:22+00:00","og_image":[{"width":516,"height":720,"url":"https:\/\/justseven.ro\/magazin\/wp-content\/uploads\/2023\/05\/262de4d958ee777b26dce962d235266231e8e2c7.png","type":"image\/png"}],"twitter_card":"summary_large_image","schema":{"@context":"https:\/\/schema.org","@graph":[{"@type":"WebPage","@id":"https:\/\/justseven.ro\/magazin\/product\/armonia-soft-plus\/","url":"https:\/\/justseven.ro\/magazin\/product\/armonia-soft-plus\/","name":"ARMONIA SOFT PLUS - Just Seven","isPartOf":{"@id":"https:\/\/justseven.ro\/magazin\/#website"},"primaryImageOfPage":{"@id":"https:\/\/justseven.ro\/magazin\/product\/armonia-soft-plus\/#primaryimage"},"image":{"@id":"https:\/\/justseven.ro\/magazin\/product\/armonia-soft-plus\/#primaryimage"},"thumbnailUrl":"https:\/\/justseven.ro\/magazin\/wp-content\/uploads\/2023\/05\/262de4d958ee777b26dce962d235266231e8e2c7.png","datePublished":"2023-05-11T10:50:41+00:00","dateModified":"2025-10-23T06:50:22+00:00","breadcrumb":{"@id":"https:\/\/justseven.ro\/magazin\/product\/armonia-soft-plus\/#breadcrumb"},"inLanguage":"ro-RO","potentialAction":[{"@type":"ReadAction","target":["https:\/\/justseven.ro\/magazin\/product\/armonia-soft-plus\/"]}]},{"@type":"ImageObject","inLanguage":"ro-RO","@id":"https:\/\/justseven.ro\/magazin\/product\/armonia-soft-plus\/#primaryimage","url":"https:\/\/justseven.ro\/magazin\/wp-content\/uploads\/2023\/05\/262de4d958ee777b26dce962d235266231e8e2c7.png","contentUrl":"https:\/\/justseven.ro\/magazin\/wp-content\/uploads\/2023\/05\/262de4d958ee777b26dce962d235266231e8e2c7.png","width":516,"height":720,"caption":"ARMONIA SOFT PLUS"},{"@type":"BreadcrumbList","@id":"https:\/\/justseven.ro\/magazin\/product\/armonia-soft-plus\/#breadcrumb","itemListElement":[{"@type":"ListItem","position":1,"name":"Home","item":"https:\/\/justseven.ro\/magazin\/"},{"@type":"ListItem","position":2,"name":"Shop","item":"https:\/\/justseven.ro\/magazin\/shop\/"},{"@type":"ListItem","position":3,"name":"ARMONIA SOFT PLUS"}]},{"@type":"WebSite","@id":"https:\/\/justseven.ro\/magazin\/#website","url":"https:\/\/justseven.ro\/magazin\/","name":"Just Seven","description":"Magazin Online","potentialAction":[{"@type":"SearchAction","target":{"@type":"EntryPoint","urlTemplate":"https:\/\/justseven.ro\/magazin\/?s={search_term_string}"},"query-input":{"@type":"PropertyValueSpecification","valueRequired":true,"valueName":"search_term_string"}}],"inLanguage":"ro-RO"}]}},"_links":{"self":[{"href":"https:\/\/justseven.ro\/magazin\/wp-json\/wp\/v2\/product\/9827","targetHints":{"allow":["GET"]}}],"collection":[{"href":"https:\/\/justseven.ro\/magazin\/wp-json\/wp\/v2\/product"}],"about":[{"href":"https:\/\/justseven.ro\/magazin\/wp-json\/wp\/v2\/types\/product"}],"replies":[{"embeddable":true,"href":"https:\/\/justseven.ro\/magazin\/wp-json\/wp\/v2\/comments?post=9827"}],"version-history":[{"count":3,"href":"https:\/\/justseven.ro\/magazin\/wp-json\/wp\/v2\/product\/9827\/revisions"}],"predecessor-version":[{"id":11576,"href":"https:\/\/justseven.ro\/magazin\/wp-json\/wp\/v2\/product\/9827\/revisions\/11576"}],"wp:featuredmedia":[{"embeddable":true,"href":"https:\/\/justseven.ro\/magazin\/wp-json\/wp\/v2\/media\/9829"}],"wp:attachment":[{"href":"https:\/\/justseven.ro\/magazin\/wp-json\/wp\/v2\/media?parent=9827"}],"wp:term":[{"taxonomy":"product_brand","embeddable":true,"href":"https:\/\/justseven.ro\/magazin\/wp-json\/wp\/v2\/product_brand?post=9827"},{"taxonomy":"product_cat","embeddable":true,"href":"https:\/\/justseven.ro\/magazin\/wp-json\/wp\/v2\/product_cat?post=9827"},{"taxonomy":"product_tag","embeddable":true,"href":"https:\/\/justseven.ro\/magazin\/wp-json\/wp\/v2\/product_tag?post=9827"}],"curies":[{"name":"wp","href":"https:\/\/api.w.org\/{rel}","templated":true}]}}