{"id":9833,"date":"2023-05-11T10:50:41","date_gmt":"2023-05-11T10:50:41","guid":{"rendered":"https:\/\/justseven.ro\/magazin\/product\/bluedot-26\/"},"modified":"2025-10-23T08:50:56","modified_gmt":"2025-10-23T06:50:56","slug":"bluedot-26","status":"publish","type":"product","link":"https:\/\/justseven.ro\/magazin\/product\/bluedot-26\/","title":{"rendered":"BLUEDOT 26"},"content":{"rendered":"<p>Automatul de cafea BlueDot 26 este ideal pentru: birouri sau mici hoteluri precum sunt cele B&amp;B\/<\/p>\n<p>PRODUC\u021aIA ZILNIC\u0102 MEDIE: 75 de c\u0103ni<\/p>\n<p>BlueDot 26 este disponibil \u00een 3 versiuni:<\/p>\n<p>ES &#8211; Cafea f\u0103cut\u0103 cu un Espresso Brewer<br \/>\nES + FM &#8211; Espresso Brewer + administrarea laptelui proasp\u0103t inclus cu cappuccinatore auto sau a baghetei cu abur<br \/>\nES + IN &#8211; Espresso Brewer + posibilitatea de a realiza b\u0103uturi folosind produse solubile (pulberi)<br \/>\nTehnologii:<\/p>\n<p>Cake Crusher<\/p>\n<p>Extrageti mai multa cafea fara golirea recipientului de evacuare<\/p>\n<p>CARIcare<\/p>\n<p>Portal Business Intelligence pentru a reduce costul total de propietate.<\/p>\n<p>Brewer<\/p>\n<p>U\u0219or de \u00eendep\u0103rtat pentru cur\u0103\u021bare \u0219i \u00eentre\u021binere<\/p>\n<p>SPECIFICA\u021aII TEHNICE GAMA BLUE DOT 26<\/p>\n<p>Dimensiuni (WxHxD) 253x585x550 mm<br \/>\nGreutate: 25 kg<br \/>\nDuz\u0103 scurgere: 80 &#8211; 170 mm<br \/>\nCapacitate recipiente boabe: P\u00e2n\u0103 la 2 x 0,6 \/ 1,2 kg<br \/>\nCapacitate recipente pentru instant p\u00e2n\u0103 la 2 x 0,7 \/ 1,5 l<br \/>\nCapacitate cup\u0103 reziduri: 50<br \/>\nCapacitate recipient cafea 0.6 litri<br \/>\nCapacitate recipient abur: Thermoblock<br \/>\nCapacitate grup\u0103: 7 \u00f7 10 g 9 \u00f7 16 g<br \/>\nRacord de ap\u0103: direct de la re\u021bea sau rezervor<br \/>\nInterfa\u021b\u0103 utilizator: 6 butoane + ecran TFT de 4,3 &#8221;<br \/>\nVoltaj: 220 &#8211; 240 V 50\/60 Hz<br \/>\nWatt: 1400 W \u00f7 1700 W \u00een func\u021bie de versiune<br \/>\nProtocol de comunicare: MDB<\/p>\n<p>Brand: CARIMALI<\/p>\n","protected":false},"excerpt":{"rendered":"<p>Automatul de cafea BlueDot 26 este ideal pentru: birouri sau mici hoteluri precum sunt cele B&amp;B\/ PRODUC\u021aIA ZILNIC\u0102 MEDIE: 75<\/p>\n","protected":false},"featured_media":9835,"comment_status":"closed","ping_status":"closed","template":"","meta":[],"product_brand":[],"product_cat":[407],"product_tag":[431],"class_list":{"0":"post-9833","1":"product","2":"type-product","3":"status-publish","4":"has-post-thumbnail","6":"product_cat-aparatura-bar-2","7":"product_tag-aparate-espresso","8":"pa_brand-carimali","10":"first","11":"instock","12":"taxable","13":"shipping-taxable","14":"product-type-simple"},"yoast_head":"<!-- This site is optimized with the Yoast SEO plugin v27.4 - https:\/\/yoast.com\/product\/yoast-seo-wordpress\/ -->\n<title>BLUEDOT 26 - Just Seven<\/title>\n<meta name=\"robots\" content=\"index, follow, max-snippet:-1, max-image-preview:large, max-video-preview:-1\" \/>\n<link rel=\"canonical\" href=\"https:\/\/justseven.ro\/magazin\/product\/bluedot-26\/\" \/>\n<meta property=\"og:locale\" content=\"ro_RO\" \/>\n<meta property=\"og:type\" content=\"article\" \/>\n<meta property=\"og:title\" content=\"BLUEDOT 26 - Just Seven\" \/>\n<meta property=\"og:description\" content=\"Automatul de cafea BlueDot 26 este ideal pentru: birouri sau mici hoteluri precum sunt cele B&amp;B\/ PRODUC\u021aIA ZILNIC\u0102 MEDIE: 75\" \/>\n<meta property=\"og:url\" content=\"https:\/\/justseven.ro\/magazin\/product\/bluedot-26\/\" \/>\n<meta property=\"og:site_name\" content=\"Just Seven\" \/>\n<meta property=\"article:modified_time\" content=\"2025-10-23T06:50:56+00:00\" \/>\n<meta property=\"og:image\" content=\"https:\/\/justseven.ro\/magazin\/wp-content\/uploads\/2023\/05\/automat-de-cafea-carimali-blue-dot-26-display-4k-1-rasnita-rezervor-apa-negru.jpg\" \/>\n\t<meta property=\"og:image:width\" content=\"640\" \/>\n\t<meta property=\"og:image:height\" content=\"640\" \/>\n\t<meta property=\"og:image:type\" content=\"image\/jpeg\" \/>\n<meta name=\"twitter:card\" content=\"summary_large_image\" \/>\n<meta name=\"twitter:label1\" content=\"Timp estimat pentru citire\" \/>\n\t<meta name=\"twitter:data1\" content=\"2 minute\" \/>\n<script type=\"application\/ld+json\" class=\"yoast-schema-graph\">{\"@context\":\"https:\\\/\\\/schema.org\",\"@graph\":[{\"@type\":\"WebPage\",\"@id\":\"https:\\\/\\\/justseven.ro\\\/magazin\\\/product\\\/bluedot-26\\\/\",\"url\":\"https:\\\/\\\/justseven.ro\\\/magazin\\\/product\\\/bluedot-26\\\/\",\"name\":\"BLUEDOT 26 - Just Seven\",\"isPartOf\":{\"@id\":\"https:\\\/\\\/justseven.ro\\\/magazin\\\/#website\"},\"primaryImageOfPage\":{\"@id\":\"https:\\\/\\\/justseven.ro\\\/magazin\\\/product\\\/bluedot-26\\\/#primaryimage\"},\"image\":{\"@id\":\"https:\\\/\\\/justseven.ro\\\/magazin\\\/product\\\/bluedot-26\\\/#primaryimage\"},\"thumbnailUrl\":\"https:\\\/\\\/justseven.ro\\\/magazin\\\/wp-content\\\/uploads\\\/2023\\\/05\\\/automat-de-cafea-carimali-blue-dot-26-display-4k-1-rasnita-rezervor-apa-negru.jpg\",\"datePublished\":\"2023-05-11T10:50:41+00:00\",\"dateModified\":\"2025-10-23T06:50:56+00:00\",\"breadcrumb\":{\"@id\":\"https:\\\/\\\/justseven.ro\\\/magazin\\\/product\\\/bluedot-26\\\/#breadcrumb\"},\"inLanguage\":\"ro-RO\",\"potentialAction\":[{\"@type\":\"ReadAction\",\"target\":[\"https:\\\/\\\/justseven.ro\\\/magazin\\\/product\\\/bluedot-26\\\/\"]}]},{\"@type\":\"ImageObject\",\"inLanguage\":\"ro-RO\",\"@id\":\"https:\\\/\\\/justseven.ro\\\/magazin\\\/product\\\/bluedot-26\\\/#primaryimage\",\"url\":\"https:\\\/\\\/justseven.ro\\\/magazin\\\/wp-content\\\/uploads\\\/2023\\\/05\\\/automat-de-cafea-carimali-blue-dot-26-display-4k-1-rasnita-rezervor-apa-negru.jpg\",\"contentUrl\":\"https:\\\/\\\/justseven.ro\\\/magazin\\\/wp-content\\\/uploads\\\/2023\\\/05\\\/automat-de-cafea-carimali-blue-dot-26-display-4k-1-rasnita-rezervor-apa-negru.jpg\",\"width\":640,\"height\":640,\"caption\":\"BLUEDOT 26\"},{\"@type\":\"BreadcrumbList\",\"@id\":\"https:\\\/\\\/justseven.ro\\\/magazin\\\/product\\\/bluedot-26\\\/#breadcrumb\",\"itemListElement\":[{\"@type\":\"ListItem\",\"position\":1,\"name\":\"Home\",\"item\":\"https:\\\/\\\/justseven.ro\\\/magazin\\\/\"},{\"@type\":\"ListItem\",\"position\":2,\"name\":\"Shop\",\"item\":\"https:\\\/\\\/justseven.ro\\\/magazin\\\/shop\\\/\"},{\"@type\":\"ListItem\",\"position\":3,\"name\":\"BLUEDOT 26\"}]},{\"@type\":\"WebSite\",\"@id\":\"https:\\\/\\\/justseven.ro\\\/magazin\\\/#website\",\"url\":\"https:\\\/\\\/justseven.ro\\\/magazin\\\/\",\"name\":\"Just Seven\",\"description\":\"Magazin Online\",\"potentialAction\":[{\"@type\":\"SearchAction\",\"target\":{\"@type\":\"EntryPoint\",\"urlTemplate\":\"https:\\\/\\\/justseven.ro\\\/magazin\\\/?s={search_term_string}\"},\"query-input\":{\"@type\":\"PropertyValueSpecification\",\"valueRequired\":true,\"valueName\":\"search_term_string\"}}],\"inLanguage\":\"ro-RO\"}]}<\/script>\n<!-- \/ Yoast SEO plugin. -->","yoast_head_json":{"title":"BLUEDOT 26 - Just Seven","robots":{"index":"index","follow":"follow","max-snippet":"max-snippet:-1","max-image-preview":"max-image-preview:large","max-video-preview":"max-video-preview:-1"},"canonical":"https:\/\/justseven.ro\/magazin\/product\/bluedot-26\/","og_locale":"ro_RO","og_type":"article","og_title":"BLUEDOT 26 - Just Seven","og_description":"Automatul de cafea BlueDot 26 este ideal pentru: birouri sau mici hoteluri precum sunt cele B&amp;B\/ PRODUC\u021aIA ZILNIC\u0102 MEDIE: 75","og_url":"https:\/\/justseven.ro\/magazin\/product\/bluedot-26\/","og_site_name":"Just Seven","article_modified_time":"2025-10-23T06:50:56+00:00","og_image":[{"width":640,"height":640,"url":"https:\/\/justseven.ro\/magazin\/wp-content\/uploads\/2023\/05\/automat-de-cafea-carimali-blue-dot-26-display-4k-1-rasnita-rezervor-apa-negru.jpg","type":"image\/jpeg"}],"twitter_card":"summary_large_image","twitter_misc":{"Timp estimat pentru citire":"2 minute"},"schema":{"@context":"https:\/\/schema.org","@graph":[{"@type":"WebPage","@id":"https:\/\/justseven.ro\/magazin\/product\/bluedot-26\/","url":"https:\/\/justseven.ro\/magazin\/product\/bluedot-26\/","name":"BLUEDOT 26 - Just Seven","isPartOf":{"@id":"https:\/\/justseven.ro\/magazin\/#website"},"primaryImageOfPage":{"@id":"https:\/\/justseven.ro\/magazin\/product\/bluedot-26\/#primaryimage"},"image":{"@id":"https:\/\/justseven.ro\/magazin\/product\/bluedot-26\/#primaryimage"},"thumbnailUrl":"https:\/\/justseven.ro\/magazin\/wp-content\/uploads\/2023\/05\/automat-de-cafea-carimali-blue-dot-26-display-4k-1-rasnita-rezervor-apa-negru.jpg","datePublished":"2023-05-11T10:50:41+00:00","dateModified":"2025-10-23T06:50:56+00:00","breadcrumb":{"@id":"https:\/\/justseven.ro\/magazin\/product\/bluedot-26\/#breadcrumb"},"inLanguage":"ro-RO","potentialAction":[{"@type":"ReadAction","target":["https:\/\/justseven.ro\/magazin\/product\/bluedot-26\/"]}]},{"@type":"ImageObject","inLanguage":"ro-RO","@id":"https:\/\/justseven.ro\/magazin\/product\/bluedot-26\/#primaryimage","url":"https:\/\/justseven.ro\/magazin\/wp-content\/uploads\/2023\/05\/automat-de-cafea-carimali-blue-dot-26-display-4k-1-rasnita-rezervor-apa-negru.jpg","contentUrl":"https:\/\/justseven.ro\/magazin\/wp-content\/uploads\/2023\/05\/automat-de-cafea-carimali-blue-dot-26-display-4k-1-rasnita-rezervor-apa-negru.jpg","width":640,"height":640,"caption":"BLUEDOT 26"},{"@type":"BreadcrumbList","@id":"https:\/\/justseven.ro\/magazin\/product\/bluedot-26\/#breadcrumb","itemListElement":[{"@type":"ListItem","position":1,"name":"Home","item":"https:\/\/justseven.ro\/magazin\/"},{"@type":"ListItem","position":2,"name":"Shop","item":"https:\/\/justseven.ro\/magazin\/shop\/"},{"@type":"ListItem","position":3,"name":"BLUEDOT 26"}]},{"@type":"WebSite","@id":"https:\/\/justseven.ro\/magazin\/#website","url":"https:\/\/justseven.ro\/magazin\/","name":"Just Seven","description":"Magazin Online","potentialAction":[{"@type":"SearchAction","target":{"@type":"EntryPoint","urlTemplate":"https:\/\/justseven.ro\/magazin\/?s={search_term_string}"},"query-input":{"@type":"PropertyValueSpecification","valueRequired":true,"valueName":"search_term_string"}}],"inLanguage":"ro-RO"}]}},"_links":{"self":[{"href":"https:\/\/justseven.ro\/magazin\/wp-json\/wp\/v2\/product\/9833","targetHints":{"allow":["GET"]}}],"collection":[{"href":"https:\/\/justseven.ro\/magazin\/wp-json\/wp\/v2\/product"}],"about":[{"href":"https:\/\/justseven.ro\/magazin\/wp-json\/wp\/v2\/types\/product"}],"replies":[{"embeddable":true,"href":"https:\/\/justseven.ro\/magazin\/wp-json\/wp\/v2\/comments?post=9833"}],"version-history":[{"count":5,"href":"https:\/\/justseven.ro\/magazin\/wp-json\/wp\/v2\/product\/9833\/revisions"}],"predecessor-version":[{"id":11577,"href":"https:\/\/justseven.ro\/magazin\/wp-json\/wp\/v2\/product\/9833\/revisions\/11577"}],"wp:featuredmedia":[{"embeddable":true,"href":"https:\/\/justseven.ro\/magazin\/wp-json\/wp\/v2\/media\/9835"}],"wp:attachment":[{"href":"https:\/\/justseven.ro\/magazin\/wp-json\/wp\/v2\/media?parent=9833"}],"wp:term":[{"taxonomy":"product_brand","embeddable":true,"href":"https:\/\/justseven.ro\/magazin\/wp-json\/wp\/v2\/product_brand?post=9833"},{"taxonomy":"product_cat","embeddable":true,"href":"https:\/\/justseven.ro\/magazin\/wp-json\/wp\/v2\/product_cat?post=9833"},{"taxonomy":"product_tag","embeddable":true,"href":"https:\/\/justseven.ro\/magazin\/wp-json\/wp\/v2\/product_tag?post=9833"}],"curies":[{"name":"wp","href":"https:\/\/api.w.org\/{rel}","templated":true}]}}