{"id":9900,"date":"2023-05-11T10:51:05","date_gmt":"2023-05-11T10:51:05","guid":{"rendered":"https:\/\/justseven.ro\/magazin\/product\/piure-banana\/"},"modified":"2025-10-22T12:40:36","modified_gmt":"2025-10-22T10:40:36","slug":"piure-banana","status":"publish","type":"product","link":"https:\/\/justseven.ro\/magazin\/product\/piure-banana\/","title":{"rendered":"Piure &#8211; Banana"},"content":{"rendered":"<p>Piureul de banane de la Dell&#8217;s capteaz\u0103 gustul bogat \u0219i cremos al bananelor coapte. Cu textura sa fin\u0103 \u0219i aroma sa dulce, acest piure este perfect pentru a ad\u0103uga o not\u0103 de confort \u0219i familiaritate deserturilor \u0219i b\u0103uturilor. Ideal pentru a \u00eembog\u0103\u021bi smoothie-uri sau pentru a ad\u0103uga un strop de dulcea\u021b\u0103 natural\u0103 deserturilor, piureul de banane este o alegere clasic\u0103 \u0219i plin\u0103 de gust.<\/p>\n","protected":false},"excerpt":{"rendered":"<p>Piureul de banane de la Dell&#8217;s capteaz\u0103 gustul bogat \u0219i cremos al bananelor coapte. Cu textura sa fin\u0103 \u0219i aroma<\/p>\n","protected":false},"featured_media":11133,"comment_status":"closed","ping_status":"closed","template":"","meta":[],"product_brand":[],"product_cat":[395],"product_tag":[430],"class_list":{"0":"post-9900","1":"product","2":"type-product","3":"status-publish","4":"has-post-thumbnail","6":"product_cat-produse-bar","7":"product_tag-horeca","8":"pa_brand-dells","10":"first","11":"instock","12":"taxable","13":"shipping-taxable","14":"purchasable","15":"product-type-simple"},"yoast_head":"<!-- This site is optimized with the Yoast SEO plugin v27.4 - https:\/\/yoast.com\/product\/yoast-seo-wordpress\/ -->\n<title>Piure - Banana - Just Seven<\/title>\n<meta name=\"robots\" content=\"index, follow, max-snippet:-1, max-image-preview:large, max-video-preview:-1\" \/>\n<link rel=\"canonical\" href=\"https:\/\/justseven.ro\/magazin\/product\/piure-banana\/\" \/>\n<meta property=\"og:locale\" content=\"ro_RO\" \/>\n<meta property=\"og:type\" content=\"article\" \/>\n<meta property=\"og:title\" content=\"Piure - Banana - Just Seven\" \/>\n<meta property=\"og:description\" content=\"Piureul de banane de la Dell&#8217;s capteaz\u0103 gustul bogat \u0219i cremos al bananelor coapte. Cu textura sa fin\u0103 \u0219i aroma\" \/>\n<meta property=\"og:url\" content=\"https:\/\/justseven.ro\/magazin\/product\/piure-banana\/\" \/>\n<meta property=\"og:site_name\" content=\"Just Seven\" \/>\n<meta property=\"article:modified_time\" content=\"2025-10-22T10:40:36+00:00\" \/>\n<meta property=\"og:image\" content=\"https:\/\/justseven.ro\/magazin\/wp-content\/uploads\/2023\/05\/Catalog_DELLS.pdf-4.png\" \/>\n\t<meta property=\"og:image:width\" content=\"825\" \/>\n\t<meta property=\"og:image:height\" content=\"1056\" \/>\n\t<meta property=\"og:image:type\" content=\"image\/png\" \/>\n<meta name=\"twitter:card\" content=\"summary_large_image\" \/>\n<meta name=\"twitter:label1\" content=\"Timp estimat pentru citire\" \/>\n\t<meta name=\"twitter:data1\" content=\"1 minut\" \/>\n<script type=\"application\/ld+json\" class=\"yoast-schema-graph\">{\"@context\":\"https:\\\/\\\/schema.org\",\"@graph\":[{\"@type\":\"WebPage\",\"@id\":\"https:\\\/\\\/justseven.ro\\\/magazin\\\/product\\\/piure-banana\\\/\",\"url\":\"https:\\\/\\\/justseven.ro\\\/magazin\\\/product\\\/piure-banana\\\/\",\"name\":\"Piure - Banana - Just Seven\",\"isPartOf\":{\"@id\":\"https:\\\/\\\/justseven.ro\\\/magazin\\\/#website\"},\"primaryImageOfPage\":{\"@id\":\"https:\\\/\\\/justseven.ro\\\/magazin\\\/product\\\/piure-banana\\\/#primaryimage\"},\"image\":{\"@id\":\"https:\\\/\\\/justseven.ro\\\/magazin\\\/product\\\/piure-banana\\\/#primaryimage\"},\"thumbnailUrl\":\"https:\\\/\\\/justseven.ro\\\/magazin\\\/wp-content\\\/uploads\\\/2023\\\/05\\\/Catalog_DELLS.pdf-4.png\",\"datePublished\":\"2023-05-11T10:51:05+00:00\",\"dateModified\":\"2025-10-22T10:40:36+00:00\",\"breadcrumb\":{\"@id\":\"https:\\\/\\\/justseven.ro\\\/magazin\\\/product\\\/piure-banana\\\/#breadcrumb\"},\"inLanguage\":\"ro-RO\",\"potentialAction\":[{\"@type\":\"ReadAction\",\"target\":[\"https:\\\/\\\/justseven.ro\\\/magazin\\\/product\\\/piure-banana\\\/\"]}]},{\"@type\":\"ImageObject\",\"inLanguage\":\"ro-RO\",\"@id\":\"https:\\\/\\\/justseven.ro\\\/magazin\\\/product\\\/piure-banana\\\/#primaryimage\",\"url\":\"https:\\\/\\\/justseven.ro\\\/magazin\\\/wp-content\\\/uploads\\\/2023\\\/05\\\/Catalog_DELLS.pdf-4.png\",\"contentUrl\":\"https:\\\/\\\/justseven.ro\\\/magazin\\\/wp-content\\\/uploads\\\/2023\\\/05\\\/Catalog_DELLS.pdf-4.png\",\"width\":825,\"height\":1056},{\"@type\":\"BreadcrumbList\",\"@id\":\"https:\\\/\\\/justseven.ro\\\/magazin\\\/product\\\/piure-banana\\\/#breadcrumb\",\"itemListElement\":[{\"@type\":\"ListItem\",\"position\":1,\"name\":\"Home\",\"item\":\"https:\\\/\\\/justseven.ro\\\/magazin\\\/\"},{\"@type\":\"ListItem\",\"position\":2,\"name\":\"Shop\",\"item\":\"https:\\\/\\\/justseven.ro\\\/magazin\\\/shop\\\/\"},{\"@type\":\"ListItem\",\"position\":3,\"name\":\"Piure &#8211; Banana\"}]},{\"@type\":\"WebSite\",\"@id\":\"https:\\\/\\\/justseven.ro\\\/magazin\\\/#website\",\"url\":\"https:\\\/\\\/justseven.ro\\\/magazin\\\/\",\"name\":\"Just Seven\",\"description\":\"Magazin Online\",\"potentialAction\":[{\"@type\":\"SearchAction\",\"target\":{\"@type\":\"EntryPoint\",\"urlTemplate\":\"https:\\\/\\\/justseven.ro\\\/magazin\\\/?s={search_term_string}\"},\"query-input\":{\"@type\":\"PropertyValueSpecification\",\"valueRequired\":true,\"valueName\":\"search_term_string\"}}],\"inLanguage\":\"ro-RO\"}]}<\/script>\n<!-- \/ Yoast SEO plugin. -->","yoast_head_json":{"title":"Piure - Banana - Just Seven","robots":{"index":"index","follow":"follow","max-snippet":"max-snippet:-1","max-image-preview":"max-image-preview:large","max-video-preview":"max-video-preview:-1"},"canonical":"https:\/\/justseven.ro\/magazin\/product\/piure-banana\/","og_locale":"ro_RO","og_type":"article","og_title":"Piure - Banana - Just Seven","og_description":"Piureul de banane de la Dell&#8217;s capteaz\u0103 gustul bogat \u0219i cremos al bananelor coapte. Cu textura sa fin\u0103 \u0219i aroma","og_url":"https:\/\/justseven.ro\/magazin\/product\/piure-banana\/","og_site_name":"Just Seven","article_modified_time":"2025-10-22T10:40:36+00:00","og_image":[{"width":825,"height":1056,"url":"https:\/\/justseven.ro\/magazin\/wp-content\/uploads\/2023\/05\/Catalog_DELLS.pdf-4.png","type":"image\/png"}],"twitter_card":"summary_large_image","twitter_misc":{"Timp estimat pentru citire":"1 minut"},"schema":{"@context":"https:\/\/schema.org","@graph":[{"@type":"WebPage","@id":"https:\/\/justseven.ro\/magazin\/product\/piure-banana\/","url":"https:\/\/justseven.ro\/magazin\/product\/piure-banana\/","name":"Piure - Banana - Just Seven","isPartOf":{"@id":"https:\/\/justseven.ro\/magazin\/#website"},"primaryImageOfPage":{"@id":"https:\/\/justseven.ro\/magazin\/product\/piure-banana\/#primaryimage"},"image":{"@id":"https:\/\/justseven.ro\/magazin\/product\/piure-banana\/#primaryimage"},"thumbnailUrl":"https:\/\/justseven.ro\/magazin\/wp-content\/uploads\/2023\/05\/Catalog_DELLS.pdf-4.png","datePublished":"2023-05-11T10:51:05+00:00","dateModified":"2025-10-22T10:40:36+00:00","breadcrumb":{"@id":"https:\/\/justseven.ro\/magazin\/product\/piure-banana\/#breadcrumb"},"inLanguage":"ro-RO","potentialAction":[{"@type":"ReadAction","target":["https:\/\/justseven.ro\/magazin\/product\/piure-banana\/"]}]},{"@type":"ImageObject","inLanguage":"ro-RO","@id":"https:\/\/justseven.ro\/magazin\/product\/piure-banana\/#primaryimage","url":"https:\/\/justseven.ro\/magazin\/wp-content\/uploads\/2023\/05\/Catalog_DELLS.pdf-4.png","contentUrl":"https:\/\/justseven.ro\/magazin\/wp-content\/uploads\/2023\/05\/Catalog_DELLS.pdf-4.png","width":825,"height":1056},{"@type":"BreadcrumbList","@id":"https:\/\/justseven.ro\/magazin\/product\/piure-banana\/#breadcrumb","itemListElement":[{"@type":"ListItem","position":1,"name":"Home","item":"https:\/\/justseven.ro\/magazin\/"},{"@type":"ListItem","position":2,"name":"Shop","item":"https:\/\/justseven.ro\/magazin\/shop\/"},{"@type":"ListItem","position":3,"name":"Piure &#8211; Banana"}]},{"@type":"WebSite","@id":"https:\/\/justseven.ro\/magazin\/#website","url":"https:\/\/justseven.ro\/magazin\/","name":"Just Seven","description":"Magazin Online","potentialAction":[{"@type":"SearchAction","target":{"@type":"EntryPoint","urlTemplate":"https:\/\/justseven.ro\/magazin\/?s={search_term_string}"},"query-input":{"@type":"PropertyValueSpecification","valueRequired":true,"valueName":"search_term_string"}}],"inLanguage":"ro-RO"}]}},"_links":{"self":[{"href":"https:\/\/justseven.ro\/magazin\/wp-json\/wp\/v2\/product\/9900","targetHints":{"allow":["GET"]}}],"collection":[{"href":"https:\/\/justseven.ro\/magazin\/wp-json\/wp\/v2\/product"}],"about":[{"href":"https:\/\/justseven.ro\/magazin\/wp-json\/wp\/v2\/types\/product"}],"replies":[{"embeddable":true,"href":"https:\/\/justseven.ro\/magazin\/wp-json\/wp\/v2\/comments?post=9900"}],"version-history":[{"count":3,"href":"https:\/\/justseven.ro\/magazin\/wp-json\/wp\/v2\/product\/9900\/revisions"}],"predecessor-version":[{"id":11050,"href":"https:\/\/justseven.ro\/magazin\/wp-json\/wp\/v2\/product\/9900\/revisions\/11050"}],"wp:featuredmedia":[{"embeddable":true,"href":"https:\/\/justseven.ro\/magazin\/wp-json\/wp\/v2\/media\/11133"}],"wp:attachment":[{"href":"https:\/\/justseven.ro\/magazin\/wp-json\/wp\/v2\/media?parent=9900"}],"wp:term":[{"taxonomy":"product_brand","embeddable":true,"href":"https:\/\/justseven.ro\/magazin\/wp-json\/wp\/v2\/product_brand?post=9900"},{"taxonomy":"product_cat","embeddable":true,"href":"https:\/\/justseven.ro\/magazin\/wp-json\/wp\/v2\/product_cat?post=9900"},{"taxonomy":"product_tag","embeddable":true,"href":"https:\/\/justseven.ro\/magazin\/wp-json\/wp\/v2\/product_tag?post=9900"}],"curies":[{"name":"wp","href":"https:\/\/api.w.org\/{rel}","templated":true}]}}