{"id":9932,"date":"2023-05-11T10:51:05","date_gmt":"2023-05-11T10:51:05","guid":{"rendered":"https:\/\/justseven.ro\/magazin\/product\/profine-zero-2\/"},"modified":"2025-10-22T12:40:36","modified_gmt":"2025-10-22T10:40:36","slug":"profine-zero-2","status":"publish","type":"product","link":"https:\/\/justseven.ro\/magazin\/product\/profine-zero-2\/","title":{"rendered":"PROFINE ZERO"},"content":{"rendered":"<p>PROFINE ZERO este un sistem de filtrare a apei care reduce eficient con\u021binutul de calcar \u0219i alte minerale. Acesta este ideal pentru utilizarea \u00een aparatele de cafea \u0219i alte echipamente care necesit\u0103 ap\u0103 cu un grad sc\u0103zut de duritate, prelungind astfel durata de via\u021b\u0103 a acestora \u0219i asigur\u00e2nd o calitate constant\u0103 a b\u0103uturilor preparate. Cu un design compact \u0219i u\u0219or de utilizat, PROFINE ZERO este solu\u021bia perfect\u0103 pentru a men\u021bine performan\u021ba optim\u0103 a echipamentelor dumneavoastr\u0103.<\/p>\n","protected":false},"excerpt":{"rendered":"<p>PROFINE ZERO este un sistem de filtrare a apei care reduce eficient con\u021binutul de calcar \u0219i alte minerale. Acesta este<\/p>\n","protected":false},"featured_media":11099,"comment_status":"closed","ping_status":"closed","template":"","meta":[],"product_brand":[],"product_cat":[407],"product_tag":[434],"class_list":{"0":"post-9932","1":"product","2":"type-product","3":"status-publish","4":"has-post-thumbnail","6":"product_cat-aparatura-bar-2","7":"product_tag-tratare-apa-bar","8":"pa_brand-profine","10":"first","11":"instock","12":"taxable","13":"shipping-taxable","14":"product-type-simple"},"yoast_head":"<!-- This site is optimized with the Yoast SEO plugin v27.6 - https:\/\/yoast.com\/product\/yoast-seo-wordpress\/ -->\n<title>PROFINE ZERO - Just Seven<\/title>\n<meta name=\"robots\" content=\"index, follow, max-snippet:-1, max-image-preview:large, max-video-preview:-1\" \/>\n<link rel=\"canonical\" href=\"https:\/\/justseven.ro\/magazin\/product\/profine-zero-2\/\" \/>\n<meta property=\"og:locale\" content=\"ro_RO\" \/>\n<meta property=\"og:type\" content=\"article\" \/>\n<meta property=\"og:title\" content=\"PROFINE ZERO - Just Seven\" \/>\n<meta property=\"og:description\" content=\"PROFINE ZERO este un sistem de filtrare a apei care reduce eficient con\u021binutul de calcar \u0219i alte minerale. Acesta este\" \/>\n<meta property=\"og:url\" content=\"https:\/\/justseven.ro\/magazin\/product\/profine-zero-2\/\" \/>\n<meta property=\"og:site_name\" content=\"Just Seven\" \/>\n<meta property=\"article:modified_time\" content=\"2025-10-22T10:40:36+00:00\" \/>\n<meta property=\"og:image\" content=\"https:\/\/justseven.ro\/magazin\/wp-content\/uploads\/2023\/05\/Justseven-HORECA-SOLUTIONS-48pg-bleed.pdf-10.png\" \/>\n\t<meta property=\"og:image:width\" content=\"1885\" \/>\n\t<meta property=\"og:image:height\" content=\"958\" \/>\n\t<meta property=\"og:image:type\" content=\"image\/png\" \/>\n<meta name=\"twitter:card\" content=\"summary_large_image\" \/>\n<meta name=\"twitter:label1\" content=\"Timp estimat pentru citire\" \/>\n\t<meta name=\"twitter:data1\" content=\"1 minut\" \/>\n<script type=\"application\/ld+json\" class=\"yoast-schema-graph\">{\"@context\":\"https:\\\/\\\/schema.org\",\"@graph\":[{\"@type\":\"WebPage\",\"@id\":\"https:\\\/\\\/justseven.ro\\\/magazin\\\/product\\\/profine-zero-2\\\/\",\"url\":\"https:\\\/\\\/justseven.ro\\\/magazin\\\/product\\\/profine-zero-2\\\/\",\"name\":\"PROFINE ZERO - Just Seven\",\"isPartOf\":{\"@id\":\"https:\\\/\\\/justseven.ro\\\/magazin\\\/#website\"},\"primaryImageOfPage\":{\"@id\":\"https:\\\/\\\/justseven.ro\\\/magazin\\\/product\\\/profine-zero-2\\\/#primaryimage\"},\"image\":{\"@id\":\"https:\\\/\\\/justseven.ro\\\/magazin\\\/product\\\/profine-zero-2\\\/#primaryimage\"},\"thumbnailUrl\":\"https:\\\/\\\/justseven.ro\\\/magazin\\\/wp-content\\\/uploads\\\/2023\\\/05\\\/Justseven-HORECA-SOLUTIONS-48pg-bleed.pdf-10.png\",\"datePublished\":\"2023-05-11T10:51:05+00:00\",\"dateModified\":\"2025-10-22T10:40:36+00:00\",\"breadcrumb\":{\"@id\":\"https:\\\/\\\/justseven.ro\\\/magazin\\\/product\\\/profine-zero-2\\\/#breadcrumb\"},\"inLanguage\":\"ro-RO\",\"potentialAction\":[{\"@type\":\"ReadAction\",\"target\":[\"https:\\\/\\\/justseven.ro\\\/magazin\\\/product\\\/profine-zero-2\\\/\"]}]},{\"@type\":\"ImageObject\",\"inLanguage\":\"ro-RO\",\"@id\":\"https:\\\/\\\/justseven.ro\\\/magazin\\\/product\\\/profine-zero-2\\\/#primaryimage\",\"url\":\"https:\\\/\\\/justseven.ro\\\/magazin\\\/wp-content\\\/uploads\\\/2023\\\/05\\\/Justseven-HORECA-SOLUTIONS-48pg-bleed.pdf-10.png\",\"contentUrl\":\"https:\\\/\\\/justseven.ro\\\/magazin\\\/wp-content\\\/uploads\\\/2023\\\/05\\\/Justseven-HORECA-SOLUTIONS-48pg-bleed.pdf-10.png\",\"width\":1885,\"height\":958},{\"@type\":\"BreadcrumbList\",\"@id\":\"https:\\\/\\\/justseven.ro\\\/magazin\\\/product\\\/profine-zero-2\\\/#breadcrumb\",\"itemListElement\":[{\"@type\":\"ListItem\",\"position\":1,\"name\":\"Home\",\"item\":\"https:\\\/\\\/justseven.ro\\\/magazin\\\/\"},{\"@type\":\"ListItem\",\"position\":2,\"name\":\"Shop\",\"item\":\"https:\\\/\\\/justseven.ro\\\/magazin\\\/shop\\\/\"},{\"@type\":\"ListItem\",\"position\":3,\"name\":\"PROFINE ZERO\"}]},{\"@type\":\"WebSite\",\"@id\":\"https:\\\/\\\/justseven.ro\\\/magazin\\\/#website\",\"url\":\"https:\\\/\\\/justseven.ro\\\/magazin\\\/\",\"name\":\"Just Seven\",\"description\":\"Magazin Online\",\"potentialAction\":[{\"@type\":\"SearchAction\",\"target\":{\"@type\":\"EntryPoint\",\"urlTemplate\":\"https:\\\/\\\/justseven.ro\\\/magazin\\\/?s={search_term_string}\"},\"query-input\":{\"@type\":\"PropertyValueSpecification\",\"valueRequired\":true,\"valueName\":\"search_term_string\"}}],\"inLanguage\":\"ro-RO\"}]}<\/script>\n<!-- \/ Yoast SEO plugin. -->","yoast_head_json":{"title":"PROFINE ZERO - Just Seven","robots":{"index":"index","follow":"follow","max-snippet":"max-snippet:-1","max-image-preview":"max-image-preview:large","max-video-preview":"max-video-preview:-1"},"canonical":"https:\/\/justseven.ro\/magazin\/product\/profine-zero-2\/","og_locale":"ro_RO","og_type":"article","og_title":"PROFINE ZERO - Just Seven","og_description":"PROFINE ZERO este un sistem de filtrare a apei care reduce eficient con\u021binutul de calcar \u0219i alte minerale. Acesta este","og_url":"https:\/\/justseven.ro\/magazin\/product\/profine-zero-2\/","og_site_name":"Just Seven","article_modified_time":"2025-10-22T10:40:36+00:00","og_image":[{"width":1885,"height":958,"url":"https:\/\/justseven.ro\/magazin\/wp-content\/uploads\/2023\/05\/Justseven-HORECA-SOLUTIONS-48pg-bleed.pdf-10.png","type":"image\/png"}],"twitter_card":"summary_large_image","twitter_misc":{"Timp estimat pentru citire":"1 minut"},"schema":{"@context":"https:\/\/schema.org","@graph":[{"@type":"WebPage","@id":"https:\/\/justseven.ro\/magazin\/product\/profine-zero-2\/","url":"https:\/\/justseven.ro\/magazin\/product\/profine-zero-2\/","name":"PROFINE ZERO - Just Seven","isPartOf":{"@id":"https:\/\/justseven.ro\/magazin\/#website"},"primaryImageOfPage":{"@id":"https:\/\/justseven.ro\/magazin\/product\/profine-zero-2\/#primaryimage"},"image":{"@id":"https:\/\/justseven.ro\/magazin\/product\/profine-zero-2\/#primaryimage"},"thumbnailUrl":"https:\/\/justseven.ro\/magazin\/wp-content\/uploads\/2023\/05\/Justseven-HORECA-SOLUTIONS-48pg-bleed.pdf-10.png","datePublished":"2023-05-11T10:51:05+00:00","dateModified":"2025-10-22T10:40:36+00:00","breadcrumb":{"@id":"https:\/\/justseven.ro\/magazin\/product\/profine-zero-2\/#breadcrumb"},"inLanguage":"ro-RO","potentialAction":[{"@type":"ReadAction","target":["https:\/\/justseven.ro\/magazin\/product\/profine-zero-2\/"]}]},{"@type":"ImageObject","inLanguage":"ro-RO","@id":"https:\/\/justseven.ro\/magazin\/product\/profine-zero-2\/#primaryimage","url":"https:\/\/justseven.ro\/magazin\/wp-content\/uploads\/2023\/05\/Justseven-HORECA-SOLUTIONS-48pg-bleed.pdf-10.png","contentUrl":"https:\/\/justseven.ro\/magazin\/wp-content\/uploads\/2023\/05\/Justseven-HORECA-SOLUTIONS-48pg-bleed.pdf-10.png","width":1885,"height":958},{"@type":"BreadcrumbList","@id":"https:\/\/justseven.ro\/magazin\/product\/profine-zero-2\/#breadcrumb","itemListElement":[{"@type":"ListItem","position":1,"name":"Home","item":"https:\/\/justseven.ro\/magazin\/"},{"@type":"ListItem","position":2,"name":"Shop","item":"https:\/\/justseven.ro\/magazin\/shop\/"},{"@type":"ListItem","position":3,"name":"PROFINE ZERO"}]},{"@type":"WebSite","@id":"https:\/\/justseven.ro\/magazin\/#website","url":"https:\/\/justseven.ro\/magazin\/","name":"Just Seven","description":"Magazin Online","potentialAction":[{"@type":"SearchAction","target":{"@type":"EntryPoint","urlTemplate":"https:\/\/justseven.ro\/magazin\/?s={search_term_string}"},"query-input":{"@type":"PropertyValueSpecification","valueRequired":true,"valueName":"search_term_string"}}],"inLanguage":"ro-RO"}]}},"_links":{"self":[{"href":"https:\/\/justseven.ro\/magazin\/wp-json\/wp\/v2\/product\/9932","targetHints":{"allow":["GET"]}}],"collection":[{"href":"https:\/\/justseven.ro\/magazin\/wp-json\/wp\/v2\/product"}],"about":[{"href":"https:\/\/justseven.ro\/magazin\/wp-json\/wp\/v2\/types\/product"}],"replies":[{"embeddable":true,"href":"https:\/\/justseven.ro\/magazin\/wp-json\/wp\/v2\/comments?post=9932"}],"version-history":[{"count":2,"href":"https:\/\/justseven.ro\/magazin\/wp-json\/wp\/v2\/product\/9932\/revisions"}],"predecessor-version":[{"id":11067,"href":"https:\/\/justseven.ro\/magazin\/wp-json\/wp\/v2\/product\/9932\/revisions\/11067"}],"wp:featuredmedia":[{"embeddable":true,"href":"https:\/\/justseven.ro\/magazin\/wp-json\/wp\/v2\/media\/11099"}],"wp:attachment":[{"href":"https:\/\/justseven.ro\/magazin\/wp-json\/wp\/v2\/media?parent=9932"}],"wp:term":[{"taxonomy":"product_brand","embeddable":true,"href":"https:\/\/justseven.ro\/magazin\/wp-json\/wp\/v2\/product_brand?post=9932"},{"taxonomy":"product_cat","embeddable":true,"href":"https:\/\/justseven.ro\/magazin\/wp-json\/wp\/v2\/product_cat?post=9932"},{"taxonomy":"product_tag","embeddable":true,"href":"https:\/\/justseven.ro\/magazin\/wp-json\/wp\/v2\/product_tag?post=9932"}],"curies":[{"name":"wp","href":"https:\/\/api.w.org\/{rel}","templated":true}]}}