{"id":9945,"date":"2023-05-11T10:51:15","date_gmt":"2023-05-11T10:51:15","guid":{"rendered":"https:\/\/justseven.ro\/magazin\/product\/sirop-creme-brulee\/"},"modified":"2025-10-22T12:40:36","modified_gmt":"2025-10-22T10:40:36","slug":"sirop-creme-brulee","status":"publish","type":"product","link":"https:\/\/justseven.ro\/magazin\/product\/sirop-creme-brulee\/","title":{"rendered":"Sirop &#8211; Creme Brulee"},"content":{"rendered":"<p>Dac\u0103 \u00ee\u021bi place cr\u00e8me br\u00fbl\u00e9e, acest sirop este pentru tine! Ciocolata \u0219i cafeaua dvs. vor c\u0103p\u0103ta un gust puternic \u0219i intens dulce. Ad\u0103ugarea unei arome cremoase de vanilie \u0219i a unui miros de caramel cu zah\u0103r ars la b\u0103uturile tale este o not\u0103 fantastic\u0103.<\/p>\n","protected":false},"excerpt":{"rendered":"<p>Dac\u0103 \u00ee\u021bi place cr\u00e8me br\u00fbl\u00e9e, acest sirop este pentru tine! Ciocolata \u0219i cafeaua dvs. vor c\u0103p\u0103ta un gust puternic \u0219i<\/p>\n","protected":false},"featured_media":9947,"comment_status":"closed","ping_status":"open","template":"","meta":[],"product_brand":[],"product_cat":[395],"product_tag":[430],"class_list":{"0":"post-9945","1":"product","2":"type-product","3":"status-publish","4":"has-post-thumbnail","6":"product_cat-produse-bar","7":"product_tag-horeca","8":"pa_brand-flair","10":"first","11":"instock","12":"taxable","13":"shipping-taxable","14":"purchasable","15":"product-type-simple"},"yoast_head":"<!-- This site is optimized with the Yoast SEO plugin v27.4 - https:\/\/yoast.com\/product\/yoast-seo-wordpress\/ -->\n<title>Sirop - Creme Brulee - Just Seven<\/title>\n<meta name=\"robots\" content=\"index, follow, max-snippet:-1, max-image-preview:large, max-video-preview:-1\" \/>\n<link rel=\"canonical\" href=\"https:\/\/justseven.ro\/magazin\/product\/sirop-creme-brulee\/\" \/>\n<meta property=\"og:locale\" content=\"ro_RO\" \/>\n<meta property=\"og:type\" content=\"article\" \/>\n<meta property=\"og:title\" content=\"Sirop - Creme Brulee - Just Seven\" \/>\n<meta property=\"og:description\" content=\"Dac\u0103 \u00ee\u021bi place cr\u00e8me br\u00fbl\u00e9e, acest sirop este pentru tine! Ciocolata \u0219i cafeaua dvs. vor c\u0103p\u0103ta un gust puternic \u0219i\" \/>\n<meta property=\"og:url\" content=\"https:\/\/justseven.ro\/magazin\/product\/sirop-creme-brulee\/\" \/>\n<meta property=\"og:site_name\" content=\"Just Seven\" \/>\n<meta property=\"article:modified_time\" content=\"2025-10-22T10:40:36+00:00\" \/>\n<meta property=\"og:image\" content=\"https:\/\/justseven.ro\/magazin\/wp-content\/uploads\/2023\/05\/Flair-Syrup-Creme-Brulee.png\" \/>\n\t<meta property=\"og:image:width\" content=\"600\" \/>\n\t<meta property=\"og:image:height\" content=\"600\" \/>\n\t<meta property=\"og:image:type\" content=\"image\/png\" \/>\n<meta name=\"twitter:card\" content=\"summary_large_image\" \/>\n<script type=\"application\/ld+json\" class=\"yoast-schema-graph\">{\"@context\":\"https:\\\/\\\/schema.org\",\"@graph\":[{\"@type\":\"WebPage\",\"@id\":\"https:\\\/\\\/justseven.ro\\\/magazin\\\/product\\\/sirop-creme-brulee\\\/\",\"url\":\"https:\\\/\\\/justseven.ro\\\/magazin\\\/product\\\/sirop-creme-brulee\\\/\",\"name\":\"Sirop - Creme Brulee - Just Seven\",\"isPartOf\":{\"@id\":\"https:\\\/\\\/justseven.ro\\\/magazin\\\/#website\"},\"primaryImageOfPage\":{\"@id\":\"https:\\\/\\\/justseven.ro\\\/magazin\\\/product\\\/sirop-creme-brulee\\\/#primaryimage\"},\"image\":{\"@id\":\"https:\\\/\\\/justseven.ro\\\/magazin\\\/product\\\/sirop-creme-brulee\\\/#primaryimage\"},\"thumbnailUrl\":\"https:\\\/\\\/justseven.ro\\\/magazin\\\/wp-content\\\/uploads\\\/2023\\\/05\\\/Flair-Syrup-Creme-Brulee.png\",\"datePublished\":\"2023-05-11T10:51:15+00:00\",\"dateModified\":\"2025-10-22T10:40:36+00:00\",\"breadcrumb\":{\"@id\":\"https:\\\/\\\/justseven.ro\\\/magazin\\\/product\\\/sirop-creme-brulee\\\/#breadcrumb\"},\"inLanguage\":\"ro-RO\",\"potentialAction\":[{\"@type\":\"ReadAction\",\"target\":[\"https:\\\/\\\/justseven.ro\\\/magazin\\\/product\\\/sirop-creme-brulee\\\/\"]}]},{\"@type\":\"ImageObject\",\"inLanguage\":\"ro-RO\",\"@id\":\"https:\\\/\\\/justseven.ro\\\/magazin\\\/product\\\/sirop-creme-brulee\\\/#primaryimage\",\"url\":\"https:\\\/\\\/justseven.ro\\\/magazin\\\/wp-content\\\/uploads\\\/2023\\\/05\\\/Flair-Syrup-Creme-Brulee.png\",\"contentUrl\":\"https:\\\/\\\/justseven.ro\\\/magazin\\\/wp-content\\\/uploads\\\/2023\\\/05\\\/Flair-Syrup-Creme-Brulee.png\",\"width\":600,\"height\":600,\"caption\":\"Sirop - Creme Brulee\"},{\"@type\":\"BreadcrumbList\",\"@id\":\"https:\\\/\\\/justseven.ro\\\/magazin\\\/product\\\/sirop-creme-brulee\\\/#breadcrumb\",\"itemListElement\":[{\"@type\":\"ListItem\",\"position\":1,\"name\":\"Home\",\"item\":\"https:\\\/\\\/justseven.ro\\\/magazin\\\/\"},{\"@type\":\"ListItem\",\"position\":2,\"name\":\"Shop\",\"item\":\"https:\\\/\\\/justseven.ro\\\/magazin\\\/shop\\\/\"},{\"@type\":\"ListItem\",\"position\":3,\"name\":\"Sirop &#8211; Creme Brulee\"}]},{\"@type\":\"WebSite\",\"@id\":\"https:\\\/\\\/justseven.ro\\\/magazin\\\/#website\",\"url\":\"https:\\\/\\\/justseven.ro\\\/magazin\\\/\",\"name\":\"Just Seven\",\"description\":\"Magazin Online\",\"potentialAction\":[{\"@type\":\"SearchAction\",\"target\":{\"@type\":\"EntryPoint\",\"urlTemplate\":\"https:\\\/\\\/justseven.ro\\\/magazin\\\/?s={search_term_string}\"},\"query-input\":{\"@type\":\"PropertyValueSpecification\",\"valueRequired\":true,\"valueName\":\"search_term_string\"}}],\"inLanguage\":\"ro-RO\"}]}<\/script>\n<!-- \/ Yoast SEO plugin. -->","yoast_head_json":{"title":"Sirop - Creme Brulee - Just Seven","robots":{"index":"index","follow":"follow","max-snippet":"max-snippet:-1","max-image-preview":"max-image-preview:large","max-video-preview":"max-video-preview:-1"},"canonical":"https:\/\/justseven.ro\/magazin\/product\/sirop-creme-brulee\/","og_locale":"ro_RO","og_type":"article","og_title":"Sirop - Creme Brulee - Just Seven","og_description":"Dac\u0103 \u00ee\u021bi place cr\u00e8me br\u00fbl\u00e9e, acest sirop este pentru tine! Ciocolata \u0219i cafeaua dvs. vor c\u0103p\u0103ta un gust puternic \u0219i","og_url":"https:\/\/justseven.ro\/magazin\/product\/sirop-creme-brulee\/","og_site_name":"Just Seven","article_modified_time":"2025-10-22T10:40:36+00:00","og_image":[{"width":600,"height":600,"url":"https:\/\/justseven.ro\/magazin\/wp-content\/uploads\/2023\/05\/Flair-Syrup-Creme-Brulee.png","type":"image\/png"}],"twitter_card":"summary_large_image","schema":{"@context":"https:\/\/schema.org","@graph":[{"@type":"WebPage","@id":"https:\/\/justseven.ro\/magazin\/product\/sirop-creme-brulee\/","url":"https:\/\/justseven.ro\/magazin\/product\/sirop-creme-brulee\/","name":"Sirop - Creme Brulee - Just Seven","isPartOf":{"@id":"https:\/\/justseven.ro\/magazin\/#website"},"primaryImageOfPage":{"@id":"https:\/\/justseven.ro\/magazin\/product\/sirop-creme-brulee\/#primaryimage"},"image":{"@id":"https:\/\/justseven.ro\/magazin\/product\/sirop-creme-brulee\/#primaryimage"},"thumbnailUrl":"https:\/\/justseven.ro\/magazin\/wp-content\/uploads\/2023\/05\/Flair-Syrup-Creme-Brulee.png","datePublished":"2023-05-11T10:51:15+00:00","dateModified":"2025-10-22T10:40:36+00:00","breadcrumb":{"@id":"https:\/\/justseven.ro\/magazin\/product\/sirop-creme-brulee\/#breadcrumb"},"inLanguage":"ro-RO","potentialAction":[{"@type":"ReadAction","target":["https:\/\/justseven.ro\/magazin\/product\/sirop-creme-brulee\/"]}]},{"@type":"ImageObject","inLanguage":"ro-RO","@id":"https:\/\/justseven.ro\/magazin\/product\/sirop-creme-brulee\/#primaryimage","url":"https:\/\/justseven.ro\/magazin\/wp-content\/uploads\/2023\/05\/Flair-Syrup-Creme-Brulee.png","contentUrl":"https:\/\/justseven.ro\/magazin\/wp-content\/uploads\/2023\/05\/Flair-Syrup-Creme-Brulee.png","width":600,"height":600,"caption":"Sirop - Creme Brulee"},{"@type":"BreadcrumbList","@id":"https:\/\/justseven.ro\/magazin\/product\/sirop-creme-brulee\/#breadcrumb","itemListElement":[{"@type":"ListItem","position":1,"name":"Home","item":"https:\/\/justseven.ro\/magazin\/"},{"@type":"ListItem","position":2,"name":"Shop","item":"https:\/\/justseven.ro\/magazin\/shop\/"},{"@type":"ListItem","position":3,"name":"Sirop &#8211; Creme Brulee"}]},{"@type":"WebSite","@id":"https:\/\/justseven.ro\/magazin\/#website","url":"https:\/\/justseven.ro\/magazin\/","name":"Just Seven","description":"Magazin Online","potentialAction":[{"@type":"SearchAction","target":{"@type":"EntryPoint","urlTemplate":"https:\/\/justseven.ro\/magazin\/?s={search_term_string}"},"query-input":{"@type":"PropertyValueSpecification","valueRequired":true,"valueName":"search_term_string"}}],"inLanguage":"ro-RO"}]}},"_links":{"self":[{"href":"https:\/\/justseven.ro\/magazin\/wp-json\/wp\/v2\/product\/9945","targetHints":{"allow":["GET"]}}],"collection":[{"href":"https:\/\/justseven.ro\/magazin\/wp-json\/wp\/v2\/product"}],"about":[{"href":"https:\/\/justseven.ro\/magazin\/wp-json\/wp\/v2\/types\/product"}],"replies":[{"embeddable":true,"href":"https:\/\/justseven.ro\/magazin\/wp-json\/wp\/v2\/comments?post=9945"}],"version-history":[{"count":2,"href":"https:\/\/justseven.ro\/magazin\/wp-json\/wp\/v2\/product\/9945\/revisions"}],"predecessor-version":[{"id":10968,"href":"https:\/\/justseven.ro\/magazin\/wp-json\/wp\/v2\/product\/9945\/revisions\/10968"}],"wp:featuredmedia":[{"embeddable":true,"href":"https:\/\/justseven.ro\/magazin\/wp-json\/wp\/v2\/media\/9947"}],"wp:attachment":[{"href":"https:\/\/justseven.ro\/magazin\/wp-json\/wp\/v2\/media?parent=9945"}],"wp:term":[{"taxonomy":"product_brand","embeddable":true,"href":"https:\/\/justseven.ro\/magazin\/wp-json\/wp\/v2\/product_brand?post=9945"},{"taxonomy":"product_cat","embeddable":true,"href":"https:\/\/justseven.ro\/magazin\/wp-json\/wp\/v2\/product_cat?post=9945"},{"taxonomy":"product_tag","embeddable":true,"href":"https:\/\/justseven.ro\/magazin\/wp-json\/wp\/v2\/product_tag?post=9945"}],"curies":[{"name":"wp","href":"https:\/\/api.w.org\/{rel}","templated":true}]}}