{"id":9975,"date":"2023-05-11T10:51:15","date_gmt":"2023-05-11T10:51:15","guid":{"rendered":"https:\/\/justseven.ro\/magazin\/product\/sugar-packets\/"},"modified":"2025-10-22T12:40:36","modified_gmt":"2025-10-22T10:40:36","slug":"sugar-packets","status":"publish","type":"product","link":"https:\/\/justseven.ro\/magazin\/product\/sugar-packets\/","title":{"rendered":"Sugar packets"},"content":{"rendered":"<p>Pachetele de zah\u0103r sunt o modalitate igienic\u0103 \u0219i convenabil\u0103 de a oferi clien\u021bilor zah\u0103r pentru cafea sau ceai. Ambalate individual, aceste pachete asigur\u0103 dozarea precis\u0103 \u0219i men\u021binerea calit\u0103\u021bii zah\u0103rului.<\/p>\n","protected":false},"excerpt":{"rendered":"<p>Pachetele de zah\u0103r sunt o modalitate igienic\u0103 \u0219i convenabil\u0103 de a oferi clien\u021bilor zah\u0103r pentru cafea sau ceai. Ambalate individual,<\/p>\n","protected":false},"featured_media":11090,"comment_status":"closed","ping_status":"closed","template":"","meta":[],"product_brand":[],"product_cat":[399],"product_tag":[430],"class_list":{"0":"post-9975","1":"product","2":"type-product","3":"status-publish","4":"has-post-thumbnail","6":"product_cat-consumabile","7":"product_tag-horeca","8":"pa_brand-jstseven","10":"first","11":"instock","12":"taxable","13":"shipping-taxable","14":"product-type-simple"},"yoast_head":"<!-- This site is optimized with the Yoast SEO plugin v27.4 - https:\/\/yoast.com\/product\/yoast-seo-wordpress\/ -->\n<title>Sugar packets - Just Seven<\/title>\n<meta name=\"robots\" content=\"index, follow, max-snippet:-1, max-image-preview:large, max-video-preview:-1\" \/>\n<link rel=\"canonical\" href=\"https:\/\/justseven.ro\/magazin\/product\/sugar-packets\/\" \/>\n<meta property=\"og:locale\" content=\"ro_RO\" \/>\n<meta property=\"og:type\" content=\"article\" \/>\n<meta property=\"og:title\" content=\"Sugar packets - Just Seven\" \/>\n<meta property=\"og:description\" content=\"Pachetele de zah\u0103r sunt o modalitate igienic\u0103 \u0219i convenabil\u0103 de a oferi clien\u021bilor zah\u0103r pentru cafea sau ceai. Ambalate individual,\" \/>\n<meta property=\"og:url\" content=\"https:\/\/justseven.ro\/magazin\/product\/sugar-packets\/\" \/>\n<meta property=\"og:site_name\" content=\"Just Seven\" \/>\n<meta property=\"article:modified_time\" content=\"2025-10-22T10:40:36+00:00\" \/>\n<meta property=\"og:image\" content=\"https:\/\/justseven.ro\/magazin\/wp-content\/uploads\/2023\/12\/Justseven-HORECA-SOLUTIONS-48pg-bleed.pdf-6.png\" \/>\n\t<meta property=\"og:image:width\" content=\"1672\" \/>\n\t<meta property=\"og:image:height\" content=\"1118\" \/>\n\t<meta property=\"og:image:type\" content=\"image\/png\" \/>\n<meta name=\"twitter:card\" content=\"summary_large_image\" \/>\n<meta name=\"twitter:label1\" content=\"Timp estimat pentru citire\" \/>\n\t<meta name=\"twitter:data1\" content=\"1 minut\" \/>\n<script type=\"application\/ld+json\" class=\"yoast-schema-graph\">{\"@context\":\"https:\\\/\\\/schema.org\",\"@graph\":[{\"@type\":\"WebPage\",\"@id\":\"https:\\\/\\\/justseven.ro\\\/magazin\\\/product\\\/sugar-packets\\\/\",\"url\":\"https:\\\/\\\/justseven.ro\\\/magazin\\\/product\\\/sugar-packets\\\/\",\"name\":\"Sugar packets - Just Seven\",\"isPartOf\":{\"@id\":\"https:\\\/\\\/justseven.ro\\\/magazin\\\/#website\"},\"primaryImageOfPage\":{\"@id\":\"https:\\\/\\\/justseven.ro\\\/magazin\\\/product\\\/sugar-packets\\\/#primaryimage\"},\"image\":{\"@id\":\"https:\\\/\\\/justseven.ro\\\/magazin\\\/product\\\/sugar-packets\\\/#primaryimage\"},\"thumbnailUrl\":\"https:\\\/\\\/justseven.ro\\\/magazin\\\/wp-content\\\/uploads\\\/2023\\\/12\\\/Justseven-HORECA-SOLUTIONS-48pg-bleed.pdf-6.png\",\"datePublished\":\"2023-05-11T10:51:15+00:00\",\"dateModified\":\"2025-10-22T10:40:36+00:00\",\"breadcrumb\":{\"@id\":\"https:\\\/\\\/justseven.ro\\\/magazin\\\/product\\\/sugar-packets\\\/#breadcrumb\"},\"inLanguage\":\"ro-RO\",\"potentialAction\":[{\"@type\":\"ReadAction\",\"target\":[\"https:\\\/\\\/justseven.ro\\\/magazin\\\/product\\\/sugar-packets\\\/\"]}]},{\"@type\":\"ImageObject\",\"inLanguage\":\"ro-RO\",\"@id\":\"https:\\\/\\\/justseven.ro\\\/magazin\\\/product\\\/sugar-packets\\\/#primaryimage\",\"url\":\"https:\\\/\\\/justseven.ro\\\/magazin\\\/wp-content\\\/uploads\\\/2023\\\/12\\\/Justseven-HORECA-SOLUTIONS-48pg-bleed.pdf-6.png\",\"contentUrl\":\"https:\\\/\\\/justseven.ro\\\/magazin\\\/wp-content\\\/uploads\\\/2023\\\/12\\\/Justseven-HORECA-SOLUTIONS-48pg-bleed.pdf-6.png\",\"width\":1672,\"height\":1118},{\"@type\":\"BreadcrumbList\",\"@id\":\"https:\\\/\\\/justseven.ro\\\/magazin\\\/product\\\/sugar-packets\\\/#breadcrumb\",\"itemListElement\":[{\"@type\":\"ListItem\",\"position\":1,\"name\":\"Home\",\"item\":\"https:\\\/\\\/justseven.ro\\\/magazin\\\/\"},{\"@type\":\"ListItem\",\"position\":2,\"name\":\"Shop\",\"item\":\"https:\\\/\\\/justseven.ro\\\/magazin\\\/shop\\\/\"},{\"@type\":\"ListItem\",\"position\":3,\"name\":\"Sugar packets\"}]},{\"@type\":\"WebSite\",\"@id\":\"https:\\\/\\\/justseven.ro\\\/magazin\\\/#website\",\"url\":\"https:\\\/\\\/justseven.ro\\\/magazin\\\/\",\"name\":\"Just Seven\",\"description\":\"Magazin Online\",\"potentialAction\":[{\"@type\":\"SearchAction\",\"target\":{\"@type\":\"EntryPoint\",\"urlTemplate\":\"https:\\\/\\\/justseven.ro\\\/magazin\\\/?s={search_term_string}\"},\"query-input\":{\"@type\":\"PropertyValueSpecification\",\"valueRequired\":true,\"valueName\":\"search_term_string\"}}],\"inLanguage\":\"ro-RO\"}]}<\/script>\n<!-- \/ Yoast SEO plugin. -->","yoast_head_json":{"title":"Sugar packets - Just Seven","robots":{"index":"index","follow":"follow","max-snippet":"max-snippet:-1","max-image-preview":"max-image-preview:large","max-video-preview":"max-video-preview:-1"},"canonical":"https:\/\/justseven.ro\/magazin\/product\/sugar-packets\/","og_locale":"ro_RO","og_type":"article","og_title":"Sugar packets - Just Seven","og_description":"Pachetele de zah\u0103r sunt o modalitate igienic\u0103 \u0219i convenabil\u0103 de a oferi clien\u021bilor zah\u0103r pentru cafea sau ceai. Ambalate individual,","og_url":"https:\/\/justseven.ro\/magazin\/product\/sugar-packets\/","og_site_name":"Just Seven","article_modified_time":"2025-10-22T10:40:36+00:00","og_image":[{"width":1672,"height":1118,"url":"https:\/\/justseven.ro\/magazin\/wp-content\/uploads\/2023\/12\/Justseven-HORECA-SOLUTIONS-48pg-bleed.pdf-6.png","type":"image\/png"}],"twitter_card":"summary_large_image","twitter_misc":{"Timp estimat pentru citire":"1 minut"},"schema":{"@context":"https:\/\/schema.org","@graph":[{"@type":"WebPage","@id":"https:\/\/justseven.ro\/magazin\/product\/sugar-packets\/","url":"https:\/\/justseven.ro\/magazin\/product\/sugar-packets\/","name":"Sugar packets - Just Seven","isPartOf":{"@id":"https:\/\/justseven.ro\/magazin\/#website"},"primaryImageOfPage":{"@id":"https:\/\/justseven.ro\/magazin\/product\/sugar-packets\/#primaryimage"},"image":{"@id":"https:\/\/justseven.ro\/magazin\/product\/sugar-packets\/#primaryimage"},"thumbnailUrl":"https:\/\/justseven.ro\/magazin\/wp-content\/uploads\/2023\/12\/Justseven-HORECA-SOLUTIONS-48pg-bleed.pdf-6.png","datePublished":"2023-05-11T10:51:15+00:00","dateModified":"2025-10-22T10:40:36+00:00","breadcrumb":{"@id":"https:\/\/justseven.ro\/magazin\/product\/sugar-packets\/#breadcrumb"},"inLanguage":"ro-RO","potentialAction":[{"@type":"ReadAction","target":["https:\/\/justseven.ro\/magazin\/product\/sugar-packets\/"]}]},{"@type":"ImageObject","inLanguage":"ro-RO","@id":"https:\/\/justseven.ro\/magazin\/product\/sugar-packets\/#primaryimage","url":"https:\/\/justseven.ro\/magazin\/wp-content\/uploads\/2023\/12\/Justseven-HORECA-SOLUTIONS-48pg-bleed.pdf-6.png","contentUrl":"https:\/\/justseven.ro\/magazin\/wp-content\/uploads\/2023\/12\/Justseven-HORECA-SOLUTIONS-48pg-bleed.pdf-6.png","width":1672,"height":1118},{"@type":"BreadcrumbList","@id":"https:\/\/justseven.ro\/magazin\/product\/sugar-packets\/#breadcrumb","itemListElement":[{"@type":"ListItem","position":1,"name":"Home","item":"https:\/\/justseven.ro\/magazin\/"},{"@type":"ListItem","position":2,"name":"Shop","item":"https:\/\/justseven.ro\/magazin\/shop\/"},{"@type":"ListItem","position":3,"name":"Sugar packets"}]},{"@type":"WebSite","@id":"https:\/\/justseven.ro\/magazin\/#website","url":"https:\/\/justseven.ro\/magazin\/","name":"Just Seven","description":"Magazin Online","potentialAction":[{"@type":"SearchAction","target":{"@type":"EntryPoint","urlTemplate":"https:\/\/justseven.ro\/magazin\/?s={search_term_string}"},"query-input":{"@type":"PropertyValueSpecification","valueRequired":true,"valueName":"search_term_string"}}],"inLanguage":"ro-RO"}]}},"_links":{"self":[{"href":"https:\/\/justseven.ro\/magazin\/wp-json\/wp\/v2\/product\/9975","targetHints":{"allow":["GET"]}}],"collection":[{"href":"https:\/\/justseven.ro\/magazin\/wp-json\/wp\/v2\/product"}],"about":[{"href":"https:\/\/justseven.ro\/magazin\/wp-json\/wp\/v2\/types\/product"}],"replies":[{"embeddable":true,"href":"https:\/\/justseven.ro\/magazin\/wp-json\/wp\/v2\/comments?post=9975"}],"version-history":[{"count":2,"href":"https:\/\/justseven.ro\/magazin\/wp-json\/wp\/v2\/product\/9975\/revisions"}],"predecessor-version":[{"id":11084,"href":"https:\/\/justseven.ro\/magazin\/wp-json\/wp\/v2\/product\/9975\/revisions\/11084"}],"wp:featuredmedia":[{"embeddable":true,"href":"https:\/\/justseven.ro\/magazin\/wp-json\/wp\/v2\/media\/11090"}],"wp:attachment":[{"href":"https:\/\/justseven.ro\/magazin\/wp-json\/wp\/v2\/media?parent=9975"}],"wp:term":[{"taxonomy":"product_brand","embeddable":true,"href":"https:\/\/justseven.ro\/magazin\/wp-json\/wp\/v2\/product_brand?post=9975"},{"taxonomy":"product_cat","embeddable":true,"href":"https:\/\/justseven.ro\/magazin\/wp-json\/wp\/v2\/product_cat?post=9975"},{"taxonomy":"product_tag","embeddable":true,"href":"https:\/\/justseven.ro\/magazin\/wp-json\/wp\/v2\/product_tag?post=9975"}],"curies":[{"name":"wp","href":"https:\/\/api.w.org\/{rel}","templated":true}]}}